{"id":25766,"date":"2017-11-08T04:20:56","date_gmt":"2017-11-08T03:20:56","guid":{"rendered":"https:\/\/sabilycollection.com\/qui-sommes-nous\/"},"modified":"2026-04-10T11:52:13","modified_gmt":"2026-04-10T09:52:13","slug":"qui-sommes-nous","status":"publish","type":"page","link":"https:\/\/sabilycollection.com\/fr\/qui-sommes-nous\/","title":{"rendered":"Qui sommes-nous?"},"content":{"rendered":"<h2 data-start=\"128\" data-end=\"148\">Sabily Collection Oud<\/h2>\n<p data-start=\"150\" data-end=\"283\">Entrez dans l\u2019univers Sabily Collection Oud et d\u00e9couvrez un monde o\u00f9 la puret\u00e9, la tradition et le raffinement d\u00e9finissent chaque d\u00e9tail.<\/p>\n<p data-start=\"285\" data-end=\"689\">Sabily Collection Oud est d\u00e9di\u00e9e \u00e0 l\u2019encens naturel dans sa forme la plus authentique. Notre univers s\u2019articule autour de copeaux de oud soigneusement s\u00e9lectionn\u00e9s, d\u2019une collection raffin\u00e9e d\u2019huiles de Oud pures, d\u2019huile d\u2019ambre gris pure et naturelle, ainsi que de r\u00e9sine et d\u2019huile de Frankincense Hojari provenant d\u2019Oman, des mati\u00e8res reconnues pour leur profondeur, leur caract\u00e8re et leur intemporalit\u00e9.<\/p>\n<p data-start=\"691\" data-end=\"1029\">Nous sommes une boutique en ligne guid\u00e9e par une philosophie claire : offrir une qualit\u00e9 v\u00e9ritable, sans compromis. Chaque produit de notre collection est choisi avec intention, dans le respect de la mati\u00e8re premi\u00e8re et des traditions qui l\u2019accompagnent. Nous privil\u00e9gions ce qui dure, la puret\u00e9, la constance et l\u2019int\u00e9grit\u00e9 sensorielle.<\/p>\n<p data-start=\"1031\" data-end=\"1318\">Pour nous, le luxe n\u2019est pas l\u2019exc\u00e8s. Il r\u00e9side dans la pr\u00e9cision, l\u2019honn\u00eatet\u00e9 et le respect de la nature. C\u2019est pourquoi tous nos encens et huiles sont naturels, sans solvants ni additifs chimiques. Nous croyons que les senteurs les plus puissantes sont celles que l\u2019on laisse intactes.<\/p>\n<p data-start=\"1320\" data-end=\"1498\">Sabily Collection Oud s\u2019adresse aux v\u00e9ritables connaisseurs, ceux qui comprennent que l\u2019encens est bien plus qu\u2019un parfum. C\u2019est un rituel, une pr\u00e9sence, une expression personnelle.<\/p>\n<p data-start=\"1500\" data-end=\"1678\">Il ne s\u2019agit pas simplement d\u2019une collection d&rsquo;encens. C\u2019est un univers raffin\u00e9 de senteurs pures, pens\u00e9 pour ceux qui reconnaissent l\u2019authenticit\u00e9 d\u00e8s la premi\u00e8re inspiration.<\/p>\n<p data-start=\"1680\" data-end=\"1713\">Bienvenue chez Sabily Collection Oud.<\/p>\n","protected":false},"excerpt":{"rendered":"<p>Sabily Collection Oud Entrez dans l\u2019univers Sabily Collection Oud et d\u00e9couvrez un monde o\u00f9 la puret\u00e9, la tradition et le raffinement d\u00e9finissent chaque d\u00e9tail. Sabily Collection Oud est d\u00e9di\u00e9e \u00e0 l\u2019encens naturel dans sa forme la plus authentique. Notre univers s\u2019articule autour de copeaux de oud soigneusement s\u00e9lectionn\u00e9s, d\u2019une collection raffin\u00e9e d\u2019huiles de Oud pures, [&hellip;]<\/p>\n","protected":false},"author":1,"featured_media":0,"parent":0,"menu_order":0,"comment_status":"closed","ping_status":"closed","template":"","meta":{"footnotes":""},"class_list":["post-25766","page","type-page","status-publish","hentry"],"_links":{"self":[{"href":"https:\/\/sabilycollection.com\/fr\/wp-json\/wp\/v2\/pages\/25766","targetHints":{"allow":["GET"]}}],"collection":[{"href":"https:\/\/sabilycollection.com\/fr\/wp-json\/wp\/v2\/pages"}],"about":[{"href":"https:\/\/sabilycollection.com\/fr\/wp-json\/wp\/v2\/types\/page"}],"author":[{"embeddable":true,"href":"https:\/\/sabilycollection.com\/fr\/wp-json\/wp\/v2\/users\/1"}],"replies":[{"embeddable":true,"href":"https:\/\/sabilycollection.com\/fr\/wp-json\/wp\/v2\/comments?post=25766"}],"version-history":[{"count":4,"href":"https:\/\/sabilycollection.com\/fr\/wp-json\/wp\/v2\/pages\/25766\/revisions"}],"predecessor-version":[{"id":28055,"href":"https:\/\/sabilycollection.com\/fr\/wp-json\/wp\/v2\/pages\/25766\/revisions\/28055"}],"wp:attachment":[{"href":"https:\/\/sabilycollection.com\/fr\/wp-json\/wp\/v2\/media?parent=25766"}],"curies":[{"name":"wp","href":"https:\/\/api.w.org\/{rel}","templated":true}]}}