{"id":25770,"date":"2018-01-11T07:00:58","date_gmt":"2018-01-11T06:00:58","guid":{"rendered":"https:\/\/sabilycollection.com\/vente-en-gros\/"},"modified":"2018-01-11T07:00:58","modified_gmt":"2018-01-11T06:00:58","slug":"vente-en-gros","status":"publish","type":"page","link":"https:\/\/sabilycollection.com\/fr\/vente-en-gros\/","title":{"rendered":"Vente en Gros"},"content":{"rendered":"<p>Chez SabilyCollection, nous proposons \u00e9galement la vente de nos produits en gros \u00e0 des prix tr\u00e8s attractif et avantageux.\u00a0 Que vous soyez revendeur ou particulier, vous pouvez b\u00e9n\u00e9ficier des tarifs de gros si vous souhaitez commander des grandes quantit\u00e9s des produits Sabilycollection.<\/p>\n<p>Pour tout renseignements, veuillez nous contacter \u00e0 l&rsquo;adresse: contact@sabilycollection.com<\/p>\n","protected":false},"excerpt":{"rendered":"<p>Chez SabilyCollection, nous proposons \u00e9galement la vente de nos produits en gros \u00e0 des prix tr\u00e8s attractif et avantageux.\u00a0 Que vous soyez revendeur ou particulier, vous pouvez b\u00e9n\u00e9ficier des tarifs de gros si vous souhaitez commander des grandes quantit\u00e9s des produits Sabilycollection. Pour tout renseignements, veuillez nous contacter \u00e0 l&rsquo;adresse: contact@sabilycollection.com<\/p>\n","protected":false},"author":1,"featured_media":0,"parent":0,"menu_order":0,"comment_status":"closed","ping_status":"closed","template":"template-fullwidth.php","meta":{"footnotes":""},"class_list":["post-25770","page","type-page","status-publish","hentry"],"_links":{"self":[{"href":"https:\/\/sabilycollection.com\/fr\/wp-json\/wp\/v2\/pages\/25770","targetHints":{"allow":["GET"]}}],"collection":[{"href":"https:\/\/sabilycollection.com\/fr\/wp-json\/wp\/v2\/pages"}],"about":[{"href":"https:\/\/sabilycollection.com\/fr\/wp-json\/wp\/v2\/types\/page"}],"author":[{"embeddable":true,"href":"https:\/\/sabilycollection.com\/fr\/wp-json\/wp\/v2\/users\/1"}],"replies":[{"embeddable":true,"href":"https:\/\/sabilycollection.com\/fr\/wp-json\/wp\/v2\/comments?post=25770"}],"version-history":[{"count":0,"href":"https:\/\/sabilycollection.com\/fr\/wp-json\/wp\/v2\/pages\/25770\/revisions"}],"wp:attachment":[{"href":"https:\/\/sabilycollection.com\/fr\/wp-json\/wp\/v2\/media?parent=25770"}],"curies":[{"name":"wp","href":"https:\/\/api.w.org\/{rel}","templated":true}]}}