{"id":25841,"date":"2024-10-03T16:47:32","date_gmt":"2024-10-03T14:47:32","guid":{"rendered":"https:\/\/sabilycollection.com\/?post_type=product&#038;p=25841"},"modified":"2026-02-18T16:54:32","modified_gmt":"2026-02-18T15:54:32","slug":"oud-sri-lanka-duga-bois-dagar-sauvage-grade-triple-super","status":"publish","type":"product","link":"https:\/\/sabilycollection.com\/fr\/produit\/oud-sri-lanka-duga-bois-dagar-sauvage-grade-triple-super\/","title":{"rendered":"Oud Sri Lanka Crystal Bois d\u2019Agar Sauvage Silani Grade Triple Super"},"content":{"rendered":"<p><strong>D\u00e9couvrez l&rsquo;exquis Bois d&rsquo;Agar Sauvage, r\u00e9colt\u00e9 au c\u0153ur des jungles du Sri Lanka.<\/strong><\/p>\n<p>Pr\u00e9parez-vous \u00e0 entreprendre un voyage sensoriel exceptionnel alors que nous vous pr\u00e9sentons notre Bois d&rsquo;Agar Sauvage, <strong>un tr\u00e9sor v\u00e9ritablement remarquable et exquis, r\u00e9colt\u00e9 dans les paysages luxuriants du Sri Lanka. Cette pr\u00e9cieuse r\u00e9sine bois\u00e9e \u00e9mane un ar\u00f4me envo\u00fbtant et riche qui ne manquera pas de captiver vos sens, un choix irr\u00e9sistible pour ceux qui recherchent l&rsquo;incarnation du luxe et de la distinction.<\/strong><\/p>\n<p><strong>Il suffit uniquement de le sentir pour d\u00e9couvrir les magnifiques notes qu\u2019il d\u00e9gage et cela sans le br\u00fbler sur le charbon.<\/strong> Son parfum se ressent sans la combustion tellement la qualit\u00e9 de ce tr\u00e9sor est remarquable, il provient\u00a0d\u2019un <strong>arbre tr\u00e8s \u00e2g\u00e9, tr\u00e8s difficile \u00e0 obtenir dans les for\u00eats du Sri Lanka.<\/strong><\/p>\n<p>Notre Bois Oud sauvage Silani est un t\u00e9moignage de l&rsquo;art et de la beaut\u00e9, o\u00f9 chaque morceau est m\u00e9ticuleusement nettoy\u00e9. Le r\u00e9sultat est un chef-d&rsquo;\u0153uvre aromatique qui respire l&rsquo;opulence et la sophistication \u00e0 chaque utilisation. <strong>Ce Oud d\u00e9gage des notes de Safran, de vanille, de cannelle et d&rsquo;autres senteurs florales,<\/strong> aussi magnifique les unes des autres. Avec notre Oud du Sri Lanka, vous choisissez une exp\u00e9rience v\u00e9ritablement exceptionnelle.<\/p>\n<p>L&rsquo;ar\u00f4me de ce Bois d&rsquo;Agar envo\u00fbtant est une fusion harmonieuse d&rsquo;\u00e9l\u00e9ments divers. Des notes riches et bois\u00e9es dominent, offrant un parfum chaleureux et invitant qui persiste dans l&rsquo;air. <strong>Cela est compl\u00e9t\u00e9 par un subtil soup\u00e7on de camphre menthol\u00e9, ajoutant une touche rafra\u00eechissante et revigorante \u00e0 la fragrance.<\/strong> En plongeant plus profond\u00e9ment dans le voyage olfactif, vous serez ravi par les fruits exotiques qui dansent dans le profil olfactif, renfor\u00e7ant sa complexit\u00e9 et son attrait.<\/p>\n<p>Ce qui distingue notre Oud Silani est sa richesse exceptionnelle en r\u00e9sine. Cette caract\u00e9ristique distinctive amplifie non seulement la dur\u00e9e de son parfum mais intensifie \u00e9galement la profondeur de l&rsquo;ar\u00f4me. <strong>\u00c0 chaque utilisation, vous vivrez une immersion dans un monde de luxe in\u00e9gal\u00e9 et de distinction.<\/strong><\/p>\n<p>Notre Bois d\u2019Agar du Sri Lanka de Grade Triple Super est plus qu&rsquo;un simple bois parfum\u00e9, c&rsquo;est une d\u00e9claration de sophistication, un t\u00e9moignage de votre go\u00fbt avis\u00e9 et une incarnation des choses fines de la vie. Que vous l&rsquo;utilisiez pour une occasion sp\u00e9ciale, comme une indulgence quotidienne, ou comme le cadeau parfait pour laisser une impression durable, ce Oud promet de r\u00e9pondre \u00e0 toutes les attentes.<\/p>\n<p><strong>Sans doute l&rsquo;une des meilleures senteurs de Oud au monde, grandement appr\u00e9ci\u00e9 des Arabes du Moyen-Orient,<\/strong> il parfumera \u00e0 merveille votre maison et vos v\u00eatements s&rsquo;impr\u00e9gneront parfaitement aux senteurs de ce Oud, \u00e0 savoir que le coton est la mati\u00e8re qui retient le mieux le Oud. Ne manquez pas votre chance d&rsquo;\u00e9lever vos sens et de laisser une empreinte ind\u00e9l\u00e9bile partout o\u00f9 vous allez. Il est temps de d\u00e9couvrir l&rsquo;essence de l&rsquo;opulence et d&rsquo;exp\u00e9rimenter le royal Oud du Sri Lanka. Bienvenue dans un monde de luxe, de sophistication et de distinction&#8230;<\/p>\n<p><strong>Un Oud hautement recommand\u00e9.<\/strong><\/p>\n<p><strong>Quantit\u00e9 tr\u00e8s limit\u00e9e !<\/strong><\/p>\n<p>Id\u00e9al pour parfumer sa demeure avant de recevoir ses invit\u00e9s, pour les grands \u00e9v\u00e8nements comme les f\u00eates et les mariages ou tout simplement pour passer un bon moment de d\u00e9tente.<\/p>\n<p><strong>Conseil d\u2019utilisation pour le Oud :<\/strong><\/p>\n<p>Avec notre Oud \u00e0 br\u00fbler vous allez profiter d\u2019un voyage olfactif exceptionnel qui vous offrira une exp\u00e9rience unique. Nous recommandons tr\u00e8s fortement l\u2019utilisation d\u2019une couche d\u2019aluminium sur votre charbon ardent afin de prolonger la dur\u00e9e de combustion et de vous garantir un ar\u00f4me pure et de meilleure qualit\u00e9!<\/p>\n<p><strong>Ses vertus :<\/strong><\/p>\n<p>Le bois d\u2019Agar est \u00e9galement consid\u00e9r\u00e9 comme un aphrodisiaque tr\u00e8s puissant. Dans beaucoup de cultures, les femmes impr\u00e9gnaient leurs v\u00eatements aussi bien qu\u2019elles-m\u00eames de son parfum. Utilis\u00e9 en m\u00e9decine, le bois d\u2019Agar est un rem\u00e8de pour les d\u00e9sordres nerveux tels que la n\u00e9vrose, le comportement obs\u00e9dant, et l\u2019\u00e9puisement. Il est fortement psychoactif et permet un rapprochement avec notre c\u00f4t\u00e9 spirituel. C\u2019est pourquoi, il est l\u2019encens de m\u00e9ditation par excellence, apportant l\u2019\u00e9nergie au centre et calmant l\u2019esprit. Son odeur vous procurera du bien \u00eatre et dissipera votre stress.<\/p>\n<p>On lui attribue des bienfaits contre les maux de ventre, certaines maladies cardio-vasculaires, les neuropathies, naus\u00e9es ou l\u2019asthme. Il est m\u00eame largement utilis\u00e9 par l\u2019industrie pharmaceutique car naturellement riche en terp\u00e9no\u00efdes (s\u00e9datif et anxiolytique naturel) ainsi qu\u2019en polyph\u00e9nols (antioxydant naturel). Il facilite aussi la digestion. Ses vertus m\u00e9dicinales ont \u00e9t\u00e9 prouv\u00e9es notamment pour les troubles du sommeil, le cholest\u00e9rol et bien plus encore\u2026<\/p>\n<p>Sa raret\u00e9, et ses nombreuses vertus, font donc du bois d\u2019agar un bois pr\u00e9cieux extr\u00eamement recherch\u00e9, et donc extr\u00eamement co\u00fbteux.<\/p>\n<p><strong>Ses notes :<\/strong>\u00a0Menthe, cannelle, fum\u00e9e, vanille, bois\u00e9e, cl\u00e9mentine, caf\u00e9, terreux<\/p>\n<p>Bois d\u2019Agar sauvage 100% naturel Gyrinops Walla Patta<\/p>\n<p><strong>Grade :<\/strong> Triple Super<\/p>\n<p>Excellente tenue (des jours)<\/p>\n<p><strong>Conditionnement :<\/strong> 5g, 10g, 20g<\/p>\n","protected":false},"excerpt":{"rendered":"<p><strong>Tr\u00e9sor naturel du Sri Lanka&#8230;<\/strong><\/p>\n<p>D\u00e9couvrez les copeaux de Oud parfum\u00e9s, gorg\u00e9s d&rsquo;huiles pr\u00e9cieuses. Leur poids remarquable, leur densit\u00e9 exceptionnelle et leur qualit\u00e9 fossilis\u00e9e garantissent une exp\u00e9rience d&rsquo;encens in\u00e9gal\u00e9e.<\/p>\n<p><strong>Le Oud du Sri Lanka fait assur\u00e9ment parti des meilleurs Oud naturel au monde. A d\u00e9couvrir absolument&#8230;<\/strong><\/p>\n","protected":false},"featured_media":26241,"comment_status":"open","ping_status":"closed","template":"","meta":[],"product_brand":[],"product_cat":[263,245],"product_tag":[338],"class_list":{"0":"post-25841","1":"product","2":"type-product","3":"status-publish","4":"has-post-thumbnail","6":"product_cat-lencens-oud-bois-dagar","7":"product_cat-les-encens-dexcellence","8":"product_tag-promo-15","10":"first","11":"instock","12":"shipping-taxable","13":"purchasable","14":"product-type-variable","15":"has-default-attributes"},"_links":{"self":[{"href":"https:\/\/sabilycollection.com\/fr\/wp-json\/wp\/v2\/product\/25841","targetHints":{"allow":["GET"]}}],"collection":[{"href":"https:\/\/sabilycollection.com\/fr\/wp-json\/wp\/v2\/product"}],"about":[{"href":"https:\/\/sabilycollection.com\/fr\/wp-json\/wp\/v2\/types\/product"}],"replies":[{"embeddable":true,"href":"https:\/\/sabilycollection.com\/fr\/wp-json\/wp\/v2\/comments?post=25841"}],"wp:featuredmedia":[{"embeddable":true,"href":"https:\/\/sabilycollection.com\/fr\/wp-json\/wp\/v2\/media\/26241"}],"wp:attachment":[{"href":"https:\/\/sabilycollection.com\/fr\/wp-json\/wp\/v2\/media?parent=25841"}],"wp:term":[{"taxonomy":"product_brand","embeddable":true,"href":"https:\/\/sabilycollection.com\/fr\/wp-json\/wp\/v2\/product_brand?post=25841"},{"taxonomy":"product_cat","embeddable":true,"href":"https:\/\/sabilycollection.com\/fr\/wp-json\/wp\/v2\/product_cat?post=25841"},{"taxonomy":"product_tag","embeddable":true,"href":"https:\/\/sabilycollection.com\/fr\/wp-json\/wp\/v2\/product_tag?post=25841"}],"curies":[{"name":"wp","href":"https:\/\/api.w.org\/{rel}","templated":true}]}}