{"id":25842,"date":"2026-02-15T18:26:48","date_gmt":"2026-02-15T17:26:48","guid":{"rendered":"https:\/\/sabilycollection.com\/?post_type=product&#038;p=25842"},"modified":"2026-03-22T10:27:19","modified_gmt":"2026-03-22T09:27:19","slug":"huile-de-oud-vietnam-vip-pure-bois-dagar-dehn-al-oud-origine-vietnam","status":"publish","type":"product","link":"https:\/\/sabilycollection.com\/fr\/produit\/huile-de-oud-vietnam-vip-pure-bois-dagar-dehn-al-oud-origine-vietnam\/","title":{"rendered":"Huile de Oud Vietnam VIP Pure Bois d\u2019Agar Dehn al Oud Origine Vietnam"},"content":{"rendered":"<p>D\u00e9couvrez notre captivante <strong>huile de Oud du Vietnam VIP d\u2019une qualit\u00e9 remarquable<\/strong>, issue d\u2019un savoir faire d\u2019exception<strong> (distillation lente au CO\u2082)<\/strong> et destin\u00e9e aux amateurs les plus exigeants.<\/p>\n<p><strong>L\u2019utilisation de la distillation\/extraction au CO\u2082 pour produire l\u2019huile de Oud est une technologie avanc\u00e9e<\/strong> et relativement r\u00e9cente dans le domaine des huiles essentielles et des mati\u00e8res premi\u00e8res de parfumerie comme les huiles de Oud, compar\u00e9e aux m\u00e9thodes traditionnelles comme la distillation \u00e0 la vapeur ou l\u2019hydrodistillation.<br \/>\n<strong>Cette nouvelle technologie d&rsquo;extraction permet d&rsquo;obtenir des huiles de Ouds tr\u00e8s pures et aromatiquement plus fid\u00e8les \u00e0 la mati\u00e8re premi\u00e8re<\/strong>, car elle pr\u00e9serve mieux les compos\u00e9s fragiles et ne laisse pas de r\u00e9sidus de solvants chimiques. <strong>Notre Oud Vietnam VIP provient de cette nouvelle technologie qui capture un spectre plus large de mol\u00e9cules aromatiques tout en pr\u00e9servant la qualit\u00e9 olfactive du Oud<\/strong> qui nous rappelle imm\u00e9diatement le Oud en Encens de qualit\u00e9 que l&rsquo;on br\u00fble sur nos charbons ardents, tout simplement magnifique&#8230;<\/p>\n<p>Ce Oud Vietnamien se distingue par une <strong>signature olfactive r\u00e9ellement unique, totalement addictive et d\u2019une profondeur myst\u00e9rieuse<\/strong> qui captive d\u00e8s les premi\u00e8res notes. L\u2019ouverture r\u00e9v\u00e8le un <strong>accord bois\u00e9 et sucr\u00e9 digne des Ouds rare et d&rsquo;une ancienne \u00e9poque<\/strong>, rapidement enrichi de <strong>nuances l\u00e9g\u00e8rement terreuses<\/strong> apportant relief et caract\u00e8re, <strong>en fond apparaissent des notes cuir\u00e9es et herbac\u00e9es de haut de gamme tout en gardant ses notes magnifiquement sucr\u00e9es et intens\u00e9ment bois\u00e9es<\/strong>, \u00e9l\u00e9gantes qui conf\u00e8rent \u00e0 l\u2019ensemble une richesse et une noblesse rares&#8230;<\/p>\n<p>Notre Oud vietnamien est une huile de Oud pr\u00e9cieuse, <strong>enveloppante<\/strong>, qui vous invite \u00e0 un voyage sensoriel unique, son parfum profond et r\u00e9sineux <strong>agit comme un voile apaisant, calmant l\u2019esprit et les tensions du quotidien.<\/strong> <strong>Chaque goutte favorise un \u00e9tat m\u00e9ditatif, propice \u00e0 la r\u00e9flexion et \u00e0 la s\u00e9r\u00e9nit\u00e9 int\u00e9rieure<\/strong>, parfaite pour ceux qui cherchent \u00e0 harmoniser leur environnement et leur esprit.<\/p>\n<p><strong>La projection est puissante et impressionnante<\/strong>, son sillage est exceptionnel, <strong>laissant une empreinte durable qui attire les compliments de mani\u00e8re continue<\/strong>. Un Oud somptueux, intense, digne des grands Ouds de l&rsquo;\u00e9poque, v\u00e9ritablement une pi\u00e8ce ma\u00eetresse pour toute collection d\u2019huiles de Oud d\u2019exception.<\/p>\n<p><strong>Informations :<\/strong><\/p>\n<p>Issue du bois le plus cher et le plus pr\u00e9cieux au monde, cette huile de Oud est utilis\u00e9e par les plus grandes parfumeries mondiales afin de concevoir leur parfum de luxe.<\/p>\n<p>Ce pr\u00e9cieux produit de luxe \u00e0 la grande valeur est obtenu \u00e0 partir de plusieurs types d\u2019arbres d\u2019Asie du sud Est, le plus connu \u00e9tant l\u2019Aquilaria Malaccensis de part sa qualit\u00e9 et sa r\u00e9sine odorante exceptionnelle.<\/p>\n<p><strong>Ses vertus :<\/strong><\/p>\n<p>Le bois d\u2019Agar est \u00e9galement consid\u00e9r\u00e9 comme un aphrodisiaque tr\u00e8s puissant. Dans beaucoup de cultures, les femmes impr\u00e9gnaient leurs v\u00eatements aussi bien qu\u2019elles-m\u00eames de son parfum. C\u2019est sous forme huileuse que le bois de oud est couramment utilis\u00e9. Dans le monde arabe, son huile est employ\u00e9e pour se parfumer \u00e0 m\u00eame la peau. Elle est une mati\u00e8re premi\u00e8re essentielle dans la parfumerie du Moyen-Orient. Tr\u00e8s pr\u00e9cieuse, l\u2019huile d\u00e9veloppe un ar\u00f4me envo\u00fbtant, incroyablement raffin\u00e9 \u00e0 la fois brut et sophistiqu\u00e9.. Son parfum vous procurera du bien \u00eatre et dissipera votre stress. (\u0625\u0646 \u0634\u0627\u0621 \u0627\u0644\u0644\u0647)<\/p>\n<p><strong>Produit rare et de grande qualit\u00e9!<\/strong><\/p>\n<p>Garanti tenue longue dur\u00e9e.<\/p>\n<ul>\n<li>\u00a0100% pur et sans dilution<\/li>\n<li>\u00a0100% aucun autre additif<\/li>\n<li>\u00a0100% sans parfum artificiel<\/li>\n<li>\u00a0100% sans coloration<\/li>\n<li>\u00a0100% sans fermentation alcoolique<\/li>\n<li>\u00a0Trempage 100% sans \u00e9thanol<\/li>\n<\/ul>\n<p><strong>Mat\u00e9riel utilis\u00e9 :<\/strong> extracteur CO\u2082 haute pression, en acier inoxydable<\/p>\n<p><strong>Type de distillation :<\/strong> Extraction au CO\u2082 supercritique<\/p>\n<p><strong>Notes :<\/strong> bois\u00e9e, sucr\u00e9, r\u00e9sineux, fum\u00e9, l\u00e9g\u00e8rement terreuses<\/p>\n<p><strong>Flacon :<\/strong> 1ml, 3ml, 6ml ou 12ml<\/p>\n","protected":false},"excerpt":{"rendered":"<p><strong>D\u00e9couvrez notre Oud Vietnamien VIP d\u2019exception,<\/strong> obtenue par une <strong>distillation lente au CO\u2082 de grande qualit\u00e9<\/strong> et pens\u00e9e pour les connaisseurs, son caract\u00e8re se r\u00e9v\u00e8le \u00e0 travers une fragrance profonde et captivante, <strong>aux accords bois\u00e9s et d\u00e9licatement sucr\u00e9s rappelant les Ouds anciens.<\/strong><\/p>\n<p><strong>Relev\u00e9s par des touches terreuses et de nobles nuances cuir\u00e9es<\/strong>, une essence de Oud \u00e0 la pr\u00e9sence affirm\u00e9e, dot\u00e9e d\u2019une diffusion intense et d\u2019un sillage puissant qui marque durablement les esprits et attire naturellement les compliments. <strong>Un magnifique Oud haut de gamme qui rappelle les Ouds les plus sophistiqu\u00e9<\/strong> de part sa distillation exceptionnelle et innovante&#8230;<\/p>\n","protected":false},"featured_media":27494,"comment_status":"open","ping_status":"closed","template":"","meta":[],"product_brand":[],"product_cat":[251,266,264],"product_tag":[338],"class_list":{"0":"post-25842","1":"product","2":"type-product","3":"status-publish","4":"has-post-thumbnail","6":"product_cat-huile-de-oud-pure","7":"product_cat-huiles-de-oud-pure-single-bottle","8":"product_cat-huiles-de-oud-pure-parfums","9":"product_tag-promo-15","11":"first","12":"instock","13":"shipping-taxable","14":"purchasable","15":"product-type-variable","16":"has-default-attributes"},"_links":{"self":[{"href":"https:\/\/sabilycollection.com\/fr\/wp-json\/wp\/v2\/product\/25842","targetHints":{"allow":["GET"]}}],"collection":[{"href":"https:\/\/sabilycollection.com\/fr\/wp-json\/wp\/v2\/product"}],"about":[{"href":"https:\/\/sabilycollection.com\/fr\/wp-json\/wp\/v2\/types\/product"}],"replies":[{"embeddable":true,"href":"https:\/\/sabilycollection.com\/fr\/wp-json\/wp\/v2\/comments?post=25842"}],"wp:featuredmedia":[{"embeddable":true,"href":"https:\/\/sabilycollection.com\/fr\/wp-json\/wp\/v2\/media\/27494"}],"wp:attachment":[{"href":"https:\/\/sabilycollection.com\/fr\/wp-json\/wp\/v2\/media?parent=25842"}],"wp:term":[{"taxonomy":"product_brand","embeddable":true,"href":"https:\/\/sabilycollection.com\/fr\/wp-json\/wp\/v2\/product_brand?post=25842"},{"taxonomy":"product_cat","embeddable":true,"href":"https:\/\/sabilycollection.com\/fr\/wp-json\/wp\/v2\/product_cat?post=25842"},{"taxonomy":"product_tag","embeddable":true,"href":"https:\/\/sabilycollection.com\/fr\/wp-json\/wp\/v2\/product_tag?post=25842"}],"curies":[{"name":"wp","href":"https:\/\/api.w.org\/{rel}","templated":true}]}}