{"id":25909,"date":"2018-04-10T20:04:27","date_gmt":"2018-04-10T18:04:27","guid":{"rendered":"https:\/\/sabilycollection.com\/huile-de-parfum-musk-silver-wild-12ml\/"},"modified":"2026-01-30T10:03:04","modified_gmt":"2026-01-30T09:03:04","slug":"huile-de-parfum-musk-silver-wild-12ml","status":"publish","type":"product","link":"https:\/\/sabilycollection.com\/fr\/produit\/huile-de-parfum-musk-silver-wild-12ml\/","title":{"rendered":"Huile de Parfum Musk Silver Wild 12ml"},"content":{"rendered":"<p>Nous vous pr\u00e9sentons cette magnifique huile de parfum pour offrir et faire plaisir en toutes occasions.<\/p>\n<p>Un d\u00e9licieux parfum pur aux notes fraiches et sauvages de V\u00e9tiver (Ha\u00efti) qui vous ravira \u00e0 coup s\u00fbr.<\/p>\n<p>Voici un Parfum tout droit sorti de la jungle de Ha\u00efti aux notes fra\u00eeches, bois\u00e9es et \u00e9pic\u00e9es. Une huile de parfum concentr\u00e9e sans solvant ni alcool ajout\u00e9.<\/p>\n<p><strong>Nous d\u00e9butons avec des notes de t\u00eate agrumes:\u00a0<\/strong><br \/>\nCitron de Sicile, Orange du Br\u00e9sil et Pamplemousse d\u2019Argentine.<\/p>\n<p><strong>Pour ensuite laisser la place aux notes de c\u0153ur florales et bois\u00e9es:<\/strong><br \/>\nJasmine d\u2019Egypte, Magnolia, Poivre noir d\u2019Inde et Cedarwood du Texas.<\/p>\n<p><strong>Et enfin terminer sur des notes de fond bois\u00e9es et ambr\u00e9es:<\/strong><br \/>\nV\u00e9tiver d\u2019Ha\u00efti, Ambre et Patchouli d\u2019Indon\u00e9sie\u2026<\/p>\n<p><strong>Ingr\u00e9dients:<\/strong> Vetiverol, citronellol<\/p>\n<p>Bouteille de 12ml<\/p>\n<p>Produit en France<\/p>\n","protected":false},"excerpt":{"rendered":"<p>Une magnifique huile de parfum aux effluves Tropicales qui vous s\u00e9duira par ses notes fra\u00eeches et enivrantes.<\/p>\n<p>Un parfum incontournable si vous aimez les senteurs fra\u00eeches qui vous accompagnent tout au long de vos journ\u00e9es&#8230;<\/p>\n","protected":false},"featured_media":25911,"comment_status":"open","ping_status":"closed","template":"","meta":[],"product_brand":[],"product_cat":[264,268],"product_tag":[],"class_list":{"0":"post-25909","1":"product","2":"type-product","3":"status-publish","4":"has-post-thumbnail","6":"product_cat-huiles-de-oud-pure-parfums","7":"product_cat-huiles-de-parfums","9":"first","10":"instock","11":"shipping-taxable","12":"purchasable","13":"product-type-simple"},"_links":{"self":[{"href":"https:\/\/sabilycollection.com\/fr\/wp-json\/wp\/v2\/product\/25909","targetHints":{"allow":["GET"]}}],"collection":[{"href":"https:\/\/sabilycollection.com\/fr\/wp-json\/wp\/v2\/product"}],"about":[{"href":"https:\/\/sabilycollection.com\/fr\/wp-json\/wp\/v2\/types\/product"}],"replies":[{"embeddable":true,"href":"https:\/\/sabilycollection.com\/fr\/wp-json\/wp\/v2\/comments?post=25909"}],"wp:featuredmedia":[{"embeddable":true,"href":"https:\/\/sabilycollection.com\/fr\/wp-json\/wp\/v2\/media\/25911"}],"wp:attachment":[{"href":"https:\/\/sabilycollection.com\/fr\/wp-json\/wp\/v2\/media?parent=25909"}],"wp:term":[{"taxonomy":"product_brand","embeddable":true,"href":"https:\/\/sabilycollection.com\/fr\/wp-json\/wp\/v2\/product_brand?post=25909"},{"taxonomy":"product_cat","embeddable":true,"href":"https:\/\/sabilycollection.com\/fr\/wp-json\/wp\/v2\/product_cat?post=25909"},{"taxonomy":"product_tag","embeddable":true,"href":"https:\/\/sabilycollection.com\/fr\/wp-json\/wp\/v2\/product_tag?post=25909"}],"curies":[{"name":"wp","href":"https:\/\/api.w.org\/{rel}","templated":true}]}}