{"id":25913,"date":"2018-04-10T20:32:32","date_gmt":"2018-04-10T18:32:32","guid":{"rendered":"https:\/\/sabilycollection.com\/huile-de-parfum-sweet-wood-musk-12ml\/"},"modified":"2026-01-30T10:03:04","modified_gmt":"2026-01-30T09:03:04","slug":"huile-de-parfum-sweet-wood-musk-12ml","status":"publish","type":"product","link":"https:\/\/sabilycollection.com\/fr\/produit\/huile-de-parfum-sweet-wood-musk-12ml\/","title":{"rendered":"Huile de Parfum Sweet Wood Musk 12ml"},"content":{"rendered":"<p>Un sublime coffret cadeau Parfum \u00e0 la touche originale et naturelle.<\/p>\n<p>Ce parfum pur aux somptueuses notes de Bois de C\u00e8dre est le cadeau id\u00e9al pour les amateurs de fragrances subtiles et douces.<\/p>\n<p>Un Parfum \u00e9l\u00e9gant aux notes bois\u00e9es et sucr\u00e9es autour de la senteur charismatique du bois de c\u00e8dre. Une huile de parfum concentr\u00e9e sans solvant ni alcool ajout\u00e9.<\/p>\n<p><strong>Nous d\u00e9butons sur des notes de t\u00eate fra\u00eeches:\u00a0<\/strong><br \/>\nRose de Turquie, Mandarine d\u2019Italie, Orange du Br\u00e9sil et baie de Geni\u00e8vre de Slov\u00e9nie.<\/p>\n<p><strong>Nous continuons avec des notes de c\u0153ur aux tons animal:<\/strong><br \/>\nBois de Santal de Nouvelle Cal\u00e9donie, bois de C\u00e8dre Gurjum Galbanum.<\/p>\n<p><strong>Et nous finissons avec des notes de fond douces et sucr\u00e9es:<\/strong><br \/>\nVanille de Madagascar et Musc blanc.<\/p>\n<p><strong>Ingredients:<\/strong> Citronel, Lollimonene, Ethylene Brassylate, Vanilin.<\/p>\n<p>Bouteille de 12ml<\/p>\n<p>Produit en France<\/p>\n","protected":false},"excerpt":{"rendered":"<p>Le Parfum Sweet Wood Musk, le cadeau id\u00e9al pour offrir et faire plaisir en toute simplicit\u00e9.<\/p>\n","protected":false},"featured_media":25914,"comment_status":"open","ping_status":"closed","template":"","meta":[],"product_brand":[],"product_cat":[264,268],"product_tag":[],"class_list":{"0":"post-25913","1":"product","2":"type-product","3":"status-publish","4":"has-post-thumbnail","6":"product_cat-huiles-de-oud-pure-parfums","7":"product_cat-huiles-de-parfums","9":"first","10":"outofstock","11":"shipping-taxable","12":"purchasable","13":"product-type-simple"},"_links":{"self":[{"href":"https:\/\/sabilycollection.com\/fr\/wp-json\/wp\/v2\/product\/25913","targetHints":{"allow":["GET"]}}],"collection":[{"href":"https:\/\/sabilycollection.com\/fr\/wp-json\/wp\/v2\/product"}],"about":[{"href":"https:\/\/sabilycollection.com\/fr\/wp-json\/wp\/v2\/types\/product"}],"replies":[{"embeddable":true,"href":"https:\/\/sabilycollection.com\/fr\/wp-json\/wp\/v2\/comments?post=25913"}],"wp:featuredmedia":[{"embeddable":true,"href":"https:\/\/sabilycollection.com\/fr\/wp-json\/wp\/v2\/media\/25914"}],"wp:attachment":[{"href":"https:\/\/sabilycollection.com\/fr\/wp-json\/wp\/v2\/media?parent=25913"}],"wp:term":[{"taxonomy":"product_brand","embeddable":true,"href":"https:\/\/sabilycollection.com\/fr\/wp-json\/wp\/v2\/product_brand?post=25913"},{"taxonomy":"product_cat","embeddable":true,"href":"https:\/\/sabilycollection.com\/fr\/wp-json\/wp\/v2\/product_cat?post=25913"},{"taxonomy":"product_tag","embeddable":true,"href":"https:\/\/sabilycollection.com\/fr\/wp-json\/wp\/v2\/product_tag?post=25913"}],"curies":[{"name":"wp","href":"https:\/\/api.w.org\/{rel}","templated":true}]}}