{"id":25916,"date":"2018-04-12T17:30:13","date_gmt":"2018-04-12T15:30:13","guid":{"rendered":"https:\/\/sabilycollection.com\/huile-de-parfum-sultan-musk-12ml\/"},"modified":"2026-01-30T10:03:04","modified_gmt":"2026-01-30T09:03:04","slug":"huile-de-parfum-sultan-musk-12ml","status":"publish","type":"product","link":"https:\/\/sabilycollection.com\/fr\/produit\/huile-de-parfum-sultan-musk-12ml\/","title":{"rendered":"Huile de Parfum Sultan Musk 12ml"},"content":{"rendered":"<p>Le sublime parfum Sultan Musk pour se faire plaisir et faire plaisir \u00e0 ceux que vous aimez.<\/p>\n<p>Nous vous proposons cette magnifique huile de parfum en 12ml pour un cadeau original qui a toutes ses chances de plaire&#8230;<\/p>\n<p>Un Parfum raffin\u00e9 aux notes ambr\u00e9es, fra\u00eeches et bois\u00e9es, nous vous pr\u00e9sentons le Sultan Musk. Une huile de parfum concentr\u00e9e sans solvant ni alcool ajout\u00e9.<\/p>\n<p><strong>Nous commen\u00e7ons notre voyage olfactif par des notes de t\u00eate d\u2019agrumes, bois\u00e9es:\u00a0<\/strong>Bergamote, Orange de Calabre, Citron de Sicile, Bois pr\u00e9cieux et Rose de Turquie\u2026<\/p>\n<p><strong>Nous poursuivons ensuite avec des notes de c\u0153ur ambr\u00e9es-musc:<\/strong><br \/>\nAmbre et Patchouli d\u2019Indon\u00e9sie\u2026<\/p>\n<p><strong>Finissons enfin sur des notes de fond bois\u00e9es-ambr\u00e9es:<\/strong><br \/>\nAmbre, Tabac, Bois de santal de Nouvelle-Cal\u00e9donie\u2026<\/p>\n<p><strong>Ingredients:<\/strong> BHT, Limonene, Linalool<\/p>\n<p>Bouteille de 12ml<\/p>\n<p>Produit en France<\/p>\n","protected":false},"excerpt":{"rendered":"<p>D\u00e9couvrez cette magnifique huile de parfum Sultan Musk qui d\u00e9voile des notes d&rsquo;agrumes, bois\u00e9es et musqu\u00e9es.<\/p>\n<p>Un Parfum majestueux dans une fiole luxueuse pour un cadeau au succ\u00e8s garanti.<\/p>\n","protected":false},"featured_media":25917,"comment_status":"open","ping_status":"closed","template":"","meta":[],"product_brand":[],"product_cat":[264,268],"product_tag":[],"class_list":{"0":"post-25916","1":"product","2":"type-product","3":"status-publish","4":"has-post-thumbnail","6":"product_cat-huiles-de-oud-pure-parfums","7":"product_cat-huiles-de-parfums","9":"first","10":"instock","11":"shipping-taxable","12":"purchasable","13":"product-type-simple"},"_links":{"self":[{"href":"https:\/\/sabilycollection.com\/fr\/wp-json\/wp\/v2\/product\/25916","targetHints":{"allow":["GET"]}}],"collection":[{"href":"https:\/\/sabilycollection.com\/fr\/wp-json\/wp\/v2\/product"}],"about":[{"href":"https:\/\/sabilycollection.com\/fr\/wp-json\/wp\/v2\/types\/product"}],"replies":[{"embeddable":true,"href":"https:\/\/sabilycollection.com\/fr\/wp-json\/wp\/v2\/comments?post=25916"}],"wp:featuredmedia":[{"embeddable":true,"href":"https:\/\/sabilycollection.com\/fr\/wp-json\/wp\/v2\/media\/25917"}],"wp:attachment":[{"href":"https:\/\/sabilycollection.com\/fr\/wp-json\/wp\/v2\/media?parent=25916"}],"wp:term":[{"taxonomy":"product_brand","embeddable":true,"href":"https:\/\/sabilycollection.com\/fr\/wp-json\/wp\/v2\/product_brand?post=25916"},{"taxonomy":"product_cat","embeddable":true,"href":"https:\/\/sabilycollection.com\/fr\/wp-json\/wp\/v2\/product_cat?post=25916"},{"taxonomy":"product_tag","embeddable":true,"href":"https:\/\/sabilycollection.com\/fr\/wp-json\/wp\/v2\/product_tag?post=25916"}],"curies":[{"name":"wp","href":"https:\/\/api.w.org\/{rel}","templated":true}]}}