{"id":25919,"date":"2018-07-31T09:01:23","date_gmt":"2018-07-31T07:01:23","guid":{"rendered":"https:\/\/sabilycollection.com\/oud-malaisie-hirta-bois-dagar-sauvage-grade-sinking-underwater\/"},"modified":"2026-02-10T13:10:30","modified_gmt":"2026-02-10T12:10:30","slug":"oud-malaisie-hirta-bois-dagar-sauvage-grade-sinking-underwater","status":"publish","type":"product","link":"https:\/\/sabilycollection.com\/fr\/produit\/oud-malaisie-hirta-bois-dagar-sauvage-grade-sinking-underwater\/","title":{"rendered":"Oud Malaisie Hirta Bois d\u2019Agar Sauvage Grade Sinking Underwater"},"content":{"rendered":"<p style=\"text-align: left;\">Le Oud Malaisien de Terrenganu Hirta fait parti des meilleurs bois d\u2019Agar au monde. Nous vous proposons le Grade Sinking. Cet encens sauvage de haute qualit\u00e9 est id\u00e9al pour parfumer sa maison naturellement.<\/p>\n<p>Le Oud que nous vous pr\u00e9sentons est un bois tr\u00e8s \u00e2g\u00e9 de type underwater et de Grade Sinking. C&rsquo;est le plus haut grade dans le monde du Oud car sa teneur en r\u00e9sine est tellement \u00e9lev\u00e9 que sa densit\u00e9 augmente consid\u00e9rablement au point que le bois coule dans l&rsquo;eau.<\/p>\n<p>Un Bois d&rsquo;Agar tr\u00e8s \u00e2g\u00e9 d\u2019une exceptionnelle qualit\u00e9, extr\u00eamement rare et difficile \u00e0 obtenir!<\/p>\n<p>Ce bois d\u2019Agar est issu de l\u2019arbre Aquilaria Hirta, il provient d\u2019une r\u00e9gion du Nord de la Malaisie plus pr\u00e9cis\u00e9ment de Terrenganu, tr\u00e8s connu pour ses nombreuses for\u00eats tropicales et pour la qualit\u00e9 de son Oud qui se diff\u00e9rencie des autres Oud Malaisien de part son odeur tr\u00e8s bois\u00e9e unique et tr\u00e8s durable.<\/p>\n<p>On le trouve en Malaisie et en Indon\u00e9sie. L\u2019aquilaria Hirta convient \u00e0 la sculpture g\u00e9n\u00e9ralement, les esp\u00e8ces d\u2019aquilaria Hirta sont rarement utilis\u00e9es dans les parfums et les encens en raison de leur raret\u00e9!<\/p>\n<p>L\u2019aquilaria Hirta se trouve g\u00e9n\u00e9ralement au sommet des montagnes, la hauteur et l\u2019altitude favorise la qualit\u00e9 du Oud, mais aussi garantissent qu\u2019il soit un Oud tr\u00e8s \u00e2g\u00e9 et de tr\u00e8s bonne qualit\u00e9. Un Oud vraiment pr\u00e9cieux, difficile d\u2019acc\u00e8s de part son environnement en haute altitude!<\/p>\n<p>Le rang de ce Oud est tr\u00e8s \u00e9lev\u00e9 ce qui fait de lui un bois tr\u00e8s recherch\u00e9 par les amoureux et les collectionneurs des Bois d\u2019Agar sauvages.<\/p>\n<p>Concernant la tenue, elle est de tr\u00e8s longue dur\u00e9e et son parfum s\u2019impr\u00e8gnera parfaitement dans tout les tissus de votre maison ainsi que sur vos habits. Vous pourrez dor\u00e9navant parfaitement accueillir tous vos invit\u00e9s et leur faire d\u00e9couvrir des senteurs exceptionnelles alliant le naturel et l\u2019exotisme pur\u2026<\/p>\n<p>Pour ceux qui aiment les odeurs fortement bois\u00e9es c&rsquo;est celui qu&rsquo;il vous faut!<\/p>\n<p>Id\u00e9al pour parfumer sa demeure avant de recevoir ses invit\u00e9s, pour les grands \u00e9v\u00e8nements comme les f\u00eates et les mariages ou tout simplement pour passer un bon moment de d\u00e9tente.<\/p>\n<p dir=\"ltr\">Conseil d&rsquo;utilisation pour le Oud:<\/p>\n<p dir=\"ltr\">Avec notre Oud \u00e0 br\u00fbler vous allez profiter d&rsquo;un voyage olfactif exceptionnel qui vous offrira une exp\u00e9rience unique. Nous recommandons tr\u00e8s fortement l&rsquo;utilisation d&rsquo;une couche d&rsquo;aluminium sur votre charbon ardent afin de prolonger la dur\u00e9e de combustion et de vous garantir un ar\u00f4me pure et de meilleure <u>qualit\u00e9!<\/u><\/p>\n<p>Ses vertus:<\/p>\n<p>Le bois d\u2019Agar est \u00e9galement consid\u00e9r\u00e9 comme un aphrodisiaque tr\u00e8s puissant. Dans beaucoup de cultures, les femmes impr\u00e9gnaient leurs v\u00eatements aussi bien qu\u2019elles-m\u00eames de son parfum. Utilis\u00e9 en m\u00e9decine, le bois d\u2019Agar est un rem\u00e8de pour les d\u00e9sordres nerveux tels que la n\u00e9vrose, le comportement obs\u00e9dant, et l\u2019\u00e9puisement. Il est fortement psychoactif et permet un rapprochement avec notre c\u00f4t\u00e9 spirituel. C\u2019est pourquoi, il est l\u2019encens de m\u00e9ditation par excellence, apportant l\u2019\u00e9nergie au centre et calmant l\u2019esprit. Son odeur vous procurera du bien \u00eatre et dissipera votre stress.<\/p>\n<p>On lui attribue des bienfaits contre les maux de ventre, certaines maladies cardio-vasculaires, les neuropathies, naus\u00e9es ou l\u2019asthme. Il est m\u00eame largement utilis\u00e9 par l\u2019industrie pharmaceutique car naturellement riche en terp\u00e9no\u00efdes (s\u00e9datif et anxiolytique naturel) ainsi qu\u2019en polyph\u00e9nols (antioxydant naturel). Il facilite aussi la digestion. Ses vertus m\u00e9dicinales ont \u00e9t\u00e9 prouv\u00e9es notamment pour les troubles du sommeil, le cholest\u00e9rol et bien plus encore\u2026<\/p>\n<p>Sa raret\u00e9, et ses nombreuses vertus, font donc du bois d\u2019agar un bois pr\u00e9cieux extr\u00eamement recherch\u00e9, et donc extr\u00eamement co\u00fbteux.<\/p>\n<p>Ses notes: bois\u00e9es, miel, fum\u00e9es<\/p>\n<p>R\u00e9gion: Nord de la Malaisie (Terrenganu)<\/p>\n<p>Type de Oud: Aquilaria Hirta<\/p>\n<p>Bois d\u2019Agar sauvage 100% naturel<\/p>\n<p>Grade: Sinking Underwater<\/p>\n<p>Tr\u00e8s longue dur\u00e9e<\/p>\n<p>Conditionnement: 5g, 10g, 20g, 50g<\/p>\n","protected":false},"excerpt":{"rendered":"<p>Issu du fameux arbre Aquilaria Hirta, ce prestigieux Oud Sinking Malaisien \u00e0 toutes les qualit\u00e9s pour vous s\u00e9duire et vous plaire. Un Oud \u00e2g\u00e9 haut de gamme tr\u00e8s pr\u00e9cieux et rare \u00e0 l\u2019odeur exquise!<\/p>\n","protected":false},"featured_media":25922,"comment_status":"open","ping_status":"closed","template":"","meta":[],"product_brand":[],"product_cat":[263,245],"product_tag":[],"class_list":{"0":"post-25919","1":"product","2":"type-product","3":"status-publish","4":"has-post-thumbnail","6":"product_cat-lencens-oud-bois-dagar","7":"product_cat-les-encens-dexcellence","8":"pa_weight-10g","9":"pa_weight-3g","10":"pa_weight-5g","12":"first","13":"instock","14":"shipping-taxable","15":"purchasable","16":"product-type-variable"},"_links":{"self":[{"href":"https:\/\/sabilycollection.com\/fr\/wp-json\/wp\/v2\/product\/25919","targetHints":{"allow":["GET"]}}],"collection":[{"href":"https:\/\/sabilycollection.com\/fr\/wp-json\/wp\/v2\/product"}],"about":[{"href":"https:\/\/sabilycollection.com\/fr\/wp-json\/wp\/v2\/types\/product"}],"replies":[{"embeddable":true,"href":"https:\/\/sabilycollection.com\/fr\/wp-json\/wp\/v2\/comments?post=25919"}],"wp:featuredmedia":[{"embeddable":true,"href":"https:\/\/sabilycollection.com\/fr\/wp-json\/wp\/v2\/media\/25922"}],"wp:attachment":[{"href":"https:\/\/sabilycollection.com\/fr\/wp-json\/wp\/v2\/media?parent=25919"}],"wp:term":[{"taxonomy":"product_brand","embeddable":true,"href":"https:\/\/sabilycollection.com\/fr\/wp-json\/wp\/v2\/product_brand?post=25919"},{"taxonomy":"product_cat","embeddable":true,"href":"https:\/\/sabilycollection.com\/fr\/wp-json\/wp\/v2\/product_cat?post=25919"},{"taxonomy":"product_tag","embeddable":true,"href":"https:\/\/sabilycollection.com\/fr\/wp-json\/wp\/v2\/product_tag?post=25919"}],"curies":[{"name":"wp","href":"https:\/\/api.w.org\/{rel}","templated":true}]}}