{"id":25929,"date":"2023-10-18T08:42:28","date_gmt":"2023-10-18T06:42:28","guid":{"rendered":"https:\/\/sabilycollection.com\/huile-de-oud-cambodi-agee-2018-grade-super-bois-dagar-pure-dehn-al-oud-origine-cambodge\/"},"modified":"2026-04-17T15:07:05","modified_gmt":"2026-04-17T13:07:05","slug":"huile-de-oud-cambodi-agee-2018-grade-super-bois-dagar-pure-dehn-al-oud-origine-cambodge","status":"publish","type":"product","link":"https:\/\/sabilycollection.com\/fr\/produit\/huile-de-oud-cambodi-agee-2018-grade-super-bois-dagar-pure-dehn-al-oud-origine-cambodge\/","title":{"rendered":"Huile de Oud Cambodi Ag\u00e9e 2018 Grade Super Bois d\u2019Agar Pure Dehn Al Oud Origine Cambodge"},"content":{"rendered":"<p style=\"text-align: left;\"><strong>Dehn Al Oud Al Cambodi Super 2018\u2026<\/strong><\/p>\n<p>Cette huile de Oud sauvage si c\u00e9l\u00e8bre et si pris\u00e9e, nous vous la proposons chez Sabily Collection Oud afin que vous puissiez \u00e9largir votre collection d\u2019huile de Oud pure et profiter de ses effluves enivrantes et irr\u00e9sistibles.<\/p>\n<p>Cette huile est extraite \u00e0 partir d&rsquo;un bois de Oud Cambodgien depuis 2018, une huile de Oud naturelle originaire du Cambodge et tr\u00e8s r\u00e9put\u00e9e. <strong>Elle est de couleur brune et d\u00e9gage un doux parfum intense alliant des notes de cuir, bois\u00e9es et animales.<\/strong> Tr\u00e8s riche en notes, elle vous fera d\u00e9couvrir au fil des heures de nouvelles effluves, <strong>l\u00e9g\u00e8rement sucr\u00e9es, fraiches et bois\u00e9es.<\/strong> Un m\u00e9lange olfactif surprenant et harmonieusement combin\u00e9.<\/p>\n<p><strong>Un Oud adapt\u00e9 \u00e0 toutes les saisons, id\u00e9al en hiver comme en \u00e9t\u00e9<\/strong> de part ses notes douces et chaudes \u00e0 la fois qui viennent \u00e0 chaque coup de vent nous rappeller le plaisir et le myst\u00e8re du Oud&#8230;<\/p>\n<p><strong>Informations :<\/strong><\/p>\n<p>Issu du bois le plus cher et le plus pr\u00e9cieux au monde, cette huile de Oud est utilis\u00e9e par les plus grandes parfumeries mondiales afin de concevoir leur parfum de luxe.<br \/>\nCe pr\u00e9cieux produit de luxe de grande valeur est obtenu \u00e0 partir de plusieurs types d\u2019arbres d\u2019Asie du sud Est, le plus connu \u00e9tant l\u2019Aquilaria Malaccensis de part sa qualit\u00e9 et sa r\u00e9sine odorante exceptionnelle.<\/p>\n<p><strong>Ses vertus :<\/strong><\/p>\n<p>Le bois d\u2019Agar est \u00e9galement consid\u00e9r\u00e9 comme un aphrodisiaque tr\u00e8s puissant. Dans beaucoup de cultures, les femmes impr\u00e9gnaient leurs v\u00eatements aussi bien qu\u2019elles-m\u00eames de son parfum. C\u2019est sous forme huileuse que le bois de oud est couramment utilis\u00e9.\u00a0 Dans le monde arabe, son huile est employ\u00e9e pour se parfumer \u00e0 m\u00eame la peau. Elle est une mati\u00e8re premi\u00e8re essentielle dans la parfumerie du Moyen-Orient. Tr\u00e8s pr\u00e9cieuse, l\u2019huile d\u00e9veloppe un ar\u00f4me envo\u00fbtant, incroyablement raffin\u00e9 \u00e0 la fois animal, brut et sophistiqu\u00e9.. Son parfum vous procurera du bien \u00eatre et dissipera votre stress. (\u0625\u0646 \u0634\u0627\u0621 \u0627\u0644\u0644\u0647)<\/p>\n<p><strong>Tenue longue dur\u00e9e garanti<\/strong><\/p>\n<p>Issue de Oud sauvage 100% naturel<\/p>\n<p><strong>Notes :<\/strong>\u00a0cuir, fum\u00e9e, animales, terreux, bois\u00e9es, tabac<\/p>\n<p><strong>Flacon :<\/strong> 1ml, 3ml, 6ml, 12ml<\/p>\n","protected":false},"excerpt":{"rendered":"<p>Notre huile de Oud pure du <strong>Cambodge Grade Super distill\u00e9e en 2018<\/strong> rev\u00eat un parfum unique fort avec des notes <strong>animales l\u00e9g\u00e8res et de cuir intense qui \u00e9volueront au fil des heures vers des notes fraiches et sucr\u00e9es<\/strong>, un parfum admirable et unique \u00e0 d\u00e9couvrir!<\/p>\n","protected":false},"featured_media":27778,"comment_status":"open","ping_status":"closed","template":"","meta":[],"product_brand":[],"product_cat":[251,266,264],"product_tag":[339,345],"class_list":{"0":"post-25929","1":"product","2":"type-product","3":"status-publish","4":"has-post-thumbnail","6":"product_cat-huile-de-oud-pure","7":"product_cat-huiles-de-oud-pure-single-bottle","8":"product_cat-huiles-de-oud-pure-parfums","9":"product_tag-offre-25","10":"product_tag-promotion-15","11":"pa_quantity-12ml","12":"pa_quantity-1ml","13":"pa_quantity-3ml","14":"pa_quantity-6ml","16":"first","17":"instock","18":"shipping-taxable","19":"purchasable","20":"product-type-variable"},"_links":{"self":[{"href":"https:\/\/sabilycollection.com\/fr\/wp-json\/wp\/v2\/product\/25929","targetHints":{"allow":["GET"]}}],"collection":[{"href":"https:\/\/sabilycollection.com\/fr\/wp-json\/wp\/v2\/product"}],"about":[{"href":"https:\/\/sabilycollection.com\/fr\/wp-json\/wp\/v2\/types\/product"}],"replies":[{"embeddable":true,"href":"https:\/\/sabilycollection.com\/fr\/wp-json\/wp\/v2\/comments?post=25929"}],"wp:featuredmedia":[{"embeddable":true,"href":"https:\/\/sabilycollection.com\/fr\/wp-json\/wp\/v2\/media\/27778"}],"wp:attachment":[{"href":"https:\/\/sabilycollection.com\/fr\/wp-json\/wp\/v2\/media?parent=25929"}],"wp:term":[{"taxonomy":"product_brand","embeddable":true,"href":"https:\/\/sabilycollection.com\/fr\/wp-json\/wp\/v2\/product_brand?post=25929"},{"taxonomy":"product_cat","embeddable":true,"href":"https:\/\/sabilycollection.com\/fr\/wp-json\/wp\/v2\/product_cat?post=25929"},{"taxonomy":"product_tag","embeddable":true,"href":"https:\/\/sabilycollection.com\/fr\/wp-json\/wp\/v2\/product_tag?post=25929"}],"curies":[{"name":"wp","href":"https:\/\/api.w.org\/{rel}","templated":true}]}}