{"id":25938,"date":"2018-12-16T18:23:51","date_gmt":"2018-12-16T17:23:51","guid":{"rendered":"https:\/\/sabilycollection.com\/huile-de-oud-trat-agee-2019-bois-dagar-pure-dehn-al-oud-origine-thailande\/"},"modified":"2026-03-03T18:10:51","modified_gmt":"2026-03-03T17:10:51","slug":"huile-de-oud-trat-agee-2019-bois-dagar-pure-dehn-al-oud-origine-thailande","status":"publish","type":"product","link":"https:\/\/sabilycollection.com\/fr\/produit\/huile-de-oud-trat-agee-2019-bois-dagar-pure-dehn-al-oud-origine-thailande\/","title":{"rendered":"Huile de Oud Trat \u00c2g\u00e9e 2019 Bois d\u2019Agar Pure Dehn Al Oud Origine Tha\u00eflande"},"content":{"rendered":"<p>Huile de Oud Pure de la r\u00e9gion de Trat issue du bois d\u2019Agar sauvage Cambodgien distill\u00e9 en 2019 \u00e0 Trat en Tha\u00eflande.<\/p>\n<p>Nous avons le plaisir de vous pr\u00e9sentez cette prestigieuse Huile Trat. Trat est une province de l&rsquo;Est de la Tha\u00eflande, une province tr\u00e8s c\u00e9l\u00e8bre de part la qualit\u00e9 de son bois d&rsquo;Agar ayant des caract\u00e9ristiques et des notes uniques.<\/p>\n<p>Connu mondialement, ce Oud Cambodgien (Bois d&rsquo;Agar) distill\u00e9 en Tha\u00eflande dans la province de Trat est tr\u00e8s recherch\u00e9 car il poss\u00e8de des tons sucr\u00e9s et frais, Sabily Collection a le privil\u00e8ge de vous d\u00e9voiler l&rsquo;huile pure de ce magnifique Oud!<\/p>\n<p>Cette Huile est un tr\u00e9sor de parfumerie, un parfum exceptionnel, intense et durable.<\/p>\n<p>De couleur brun fonc\u00e9 elle d\u00e9gage une odeur suave, profonde et puissante. Au fil des heures elle vous d\u00e9voilera ses notes sucr\u00e9es, bois\u00e9es, et fruit\u00e9es parfois difficile \u00e0 d\u00e9crire tellement le parfum qui s&rsquo;en d\u00e9gage est riche!<br \/>\nD\u00e9couvrez la beaut\u00e9 et les secrets de cette huile riche en notes exquises et \u00e9l\u00e9gantes\u2026<\/p>\n<p><strong>Informations:<\/strong><\/p>\n<p>Issu du bois le plus cher et le plus pr\u00e9cieux au monde, cette huile de Oud est utilis\u00e9e par les plus grandes parfumeries mondiales afin de concevoir leur parfum de luxe.<br \/>\nCe pr\u00e9cieux produit de luxe \u00e0 la grande valeur est obtenu \u00e0 partir de plusieurs types d\u2019arbres d\u2019Asie du sud Est, le plus connu \u00e9tant l\u2019Aquilaria Malaccensis de part sa qualit\u00e9 et sa r\u00e9sine odorante exceptionnelle.<\/p>\n<p><strong>Ses vertus:<\/strong><\/p>\n<p>Le bois d\u2019Agar est \u00e9galement consid\u00e9r\u00e9 comme un aphrodisiaque tr\u00e8s puissant. Dans beaucoup de cultures, les femmes impr\u00e9gnaient leurs v\u00eatements aussi bien qu\u2019elles-m\u00eames de son parfum. C\u2019est sous forme huileuse que le bois de oud est couramment utilis\u00e9. Dans le monde arabe, son huile est employ\u00e9e pour se parfumer \u00e0 m\u00eame la peau. Elle est une mati\u00e8re premi\u00e8re essentielle dans la parfumerie du Moyen-Orient. Tr\u00e8s pr\u00e9cieuse, l\u2019huile d\u00e9veloppe un ar\u00f4me envo\u00fbtant, incroyablement raffin\u00e9 \u00e0 la fois brut et sophistiqu\u00e9.. Son parfum vous procurera du bien \u00eatre et dissipera votre stress. (\u0625\u0646 \u0634\u0627\u0621 \u0627\u0644\u0644\u0647)<\/p>\n<p>Garanti tenue longue dur\u00e9e<\/p>\n<p><strong>Distillation:<\/strong> 2019<\/p>\n<p>Issue de plantation de l&rsquo;Aquilaria Crassna 100% naturel, aucun produit chimique dans le processus<\/p>\n<p>De la r\u00e9gion de Trat (Tha\u00eflande)<\/p>\n<p><strong>Notes:<\/strong> Fruit\u00e9es, sucr\u00e9es, florales, bois\u00e9es<\/p>\n<p>Flacon de 1ml, 3ml ou 12ml<\/p>\n","protected":false},"excerpt":{"rendered":"<p>La prestigieuse Huile de Oud Trat&#8230;Tr\u00e8s \u00e9l\u00e9gante, cette Huile de Bois d&rsquo;Agar est tr\u00e8s parfum\u00e9e aux caract\u00e9ristiques sucr\u00e9es, fruit\u00e9es et l\u00e9g\u00e8rement bois\u00e9es. S\u00fbrement l&rsquo;une des plus parfum\u00e9es parmi les huiles de Oud, l&rsquo;huile Trat est c\u00e9l\u00e8bre dans le monde et vous ravira avec ses notes profondes et riches! Un elixir \u00e0 d\u00e9couvrir sans attendre&#8230;<\/p>\n","protected":false},"featured_media":27781,"comment_status":"open","ping_status":"closed","template":"","meta":[],"product_brand":[],"product_cat":[251,266,264],"product_tag":[],"class_list":{"0":"post-25938","1":"product","2":"type-product","3":"status-publish","4":"has-post-thumbnail","6":"product_cat-huile-de-oud-pure","7":"product_cat-huiles-de-oud-pure-single-bottle","8":"product_cat-huiles-de-oud-pure-parfums","9":"pa_quantity-1ml","10":"pa_quantity-3ml","12":"first","13":"instock","14":"shipping-taxable","15":"purchasable","16":"product-type-variable"},"_links":{"self":[{"href":"https:\/\/sabilycollection.com\/fr\/wp-json\/wp\/v2\/product\/25938","targetHints":{"allow":["GET"]}}],"collection":[{"href":"https:\/\/sabilycollection.com\/fr\/wp-json\/wp\/v2\/product"}],"about":[{"href":"https:\/\/sabilycollection.com\/fr\/wp-json\/wp\/v2\/types\/product"}],"replies":[{"embeddable":true,"href":"https:\/\/sabilycollection.com\/fr\/wp-json\/wp\/v2\/comments?post=25938"}],"wp:featuredmedia":[{"embeddable":true,"href":"https:\/\/sabilycollection.com\/fr\/wp-json\/wp\/v2\/media\/27781"}],"wp:attachment":[{"href":"https:\/\/sabilycollection.com\/fr\/wp-json\/wp\/v2\/media?parent=25938"}],"wp:term":[{"taxonomy":"product_brand","embeddable":true,"href":"https:\/\/sabilycollection.com\/fr\/wp-json\/wp\/v2\/product_brand?post=25938"},{"taxonomy":"product_cat","embeddable":true,"href":"https:\/\/sabilycollection.com\/fr\/wp-json\/wp\/v2\/product_cat?post=25938"},{"taxonomy":"product_tag","embeddable":true,"href":"https:\/\/sabilycollection.com\/fr\/wp-json\/wp\/v2\/product_tag?post=25938"}],"curies":[{"name":"wp","href":"https:\/\/api.w.org\/{rel}","templated":true}]}}