{"id":25942,"date":"2019-01-18T09:24:57","date_gmt":"2019-01-18T08:24:57","guid":{"rendered":"https:\/\/sabilycollection.com\/oud-malaisie-johor-bois-dagar-sauvage-malaisien-grade-double-super\/"},"modified":"2026-02-10T12:57:56","modified_gmt":"2026-02-10T11:57:56","slug":"oud-malaisie-johor-bois-dagar-sauvage-malaisien-grade-double-super","status":"publish","type":"product","link":"https:\/\/sabilycollection.com\/fr\/produit\/oud-malaisie-johor-bois-dagar-sauvage-malaisien-grade-double-super\/","title":{"rendered":"Oud Malaisie Johor Bois d\u2019Agar Sauvage Malaisien Grade Double Super"},"content":{"rendered":"<p>Le Oud Malaisien fait incontestablement parti des meilleurs bois d&rsquo;Agar au monde. Le type de Oud que nous vous proposons est de grade Double Super, un Oud d&rsquo;une tr\u00e8s grande qualit\u00e9, difficile \u00e0 obtenir.<\/p>\n<p>Ce bois d&rsquo;Agar est issu de l&rsquo;arbre Aquilaria Malaccensis, il provient d&rsquo;une r\u00e9gion du Sud de la Malaisie, dont le Oud est tr\u00e8s c\u00e9l\u00e8bre pour son parfum frais, fum\u00e9, \u00e9pic\u00e9 et sucr\u00e9 qui donne naissance \u00e0 une magnifique odeur.. Ses effluves exotiques tr\u00e8s agr\u00e9able rempliront toutes les pi\u00e8ces de votre maison durant de longues heures.<\/p>\n<p>Le rang de ce Oud est \u00e9lev\u00e9 ce qui fait de lui un bois tr\u00e8s recherch\u00e9 par les amoureux des Bois d&rsquo;Agar sauvages.<\/p>\n<p>Concernant la tenue, elle est de longue dur\u00e9e et son parfum s&rsquo;impr\u00e8gnera parfaitement dans tout les tissus de votre maison ainsi que sur vos habits. Vous pourrez dor\u00e9navant parfaitement accueillir tous vos invit\u00e9s et leur faire d\u00e9couvrir des senteurs exceptionnelles alliant le naturel et l&rsquo;exotisme pur&#8230;<\/p>\n<p>Id\u00e9al pour parfumer sa demeure avant de recevoir ses invit\u00e9s, pour les grands \u00e9v\u00e8nements comme les f\u00eates et les mariages ou tout simplement pour passer un bon moment de d\u00e9tente.<\/p>\n<p dir=\"ltr\">Conseil d&rsquo;utilisation pour le Oud:<\/p>\n<p dir=\"ltr\">Avec notre Oud \u00e0 br\u00fbler vous allez profiter d&rsquo;un voyage olfactif exceptionnel qui vous offrira une exp\u00e9rience unique. Nous recommandons tr\u00e8s fortement l&rsquo;utilisation d&rsquo;une couche d&rsquo;aluminium sur votre charbon ardent afin de prolonger la dur\u00e9e de combustion et de vous garantir un ar\u00f4me pure et de meilleure <u>qualit\u00e9!<\/u><\/p>\n<p>Ses vertus:<\/p>\n<p>Le bois d\u2019Agar est \u00e9galement consid\u00e9r\u00e9 comme un aphrodisiaque tr\u00e8s puissant. Dans beaucoup de cultures, les femmes impr\u00e9gnaient leurs v\u00eatements aussi bien qu\u2019elles-m\u00eames de son parfum. Utilis\u00e9 en m\u00e9decine, le bois d\u2019Agar est un rem\u00e8de pour les d\u00e9sordres nerveux tels que la n\u00e9vrose, le comportement obs\u00e9dant, et l\u2019\u00e9puisement. Il est fortement psychoactif et permet un rapprochement avec notre c\u00f4t\u00e9 spirituel. C\u2019est pourquoi, il est l\u2019encens de m\u00e9ditation par excellence, apportant l\u2019\u00e9nergie au centre et calmant l\u2019esprit. Son odeur vous procurera du bien \u00eatre et dissipera votre stress.<\/p>\n<p>On lui attribue des bienfaits contre les maux de ventre, certaines maladies cardio-vasculaires, les neuropathies, naus\u00e9es ou l\u2019asthme. Il est m\u00eame largement utilis\u00e9 par l\u2019industrie pharmaceutique car naturellement riche en terp\u00e9no\u00efdes (s\u00e9datif et anxiolytique naturel) ainsi qu\u2019en polyph\u00e9nols (antioxydant naturel). Il facilite aussi la digestion. Ses vertus m\u00e9dicinales ont \u00e9t\u00e9 prouv\u00e9es notamment pour les troubles du sommeil, le cholest\u00e9rol et bien plus encore\u2026<\/p>\n<p>Sa raret\u00e9, et ses nombreuses vertus, font donc du bois d\u2019agar un bois pr\u00e9cieux extr\u00eamement recherch\u00e9, et donc extr\u00eamement co\u00fbteux.<\/p>\n<p>Ses notes: fum\u00e9es, cannelles, \u00e9pic\u00e9es, sucr\u00e9es, fra\u00eeches.<\/p>\n<p>R\u00e9gion: Sud de la Malaisie.<\/p>\n<p>Bois d\u2019Agar sauvage 100% naturel.<\/p>\n<p>Grade: Double Super tr\u00e8s longue dur\u00e9e.<\/p>\n<p>Conditionnement: 5g, 10g, 20g, 50g, 100g.<\/p>\n","protected":false},"excerpt":{"rendered":"<p>Un Oud aux notes envo\u00fbtantes et irr\u00e9sistibles, qui vous rendra addict \u00e0 son odeur tr\u00e8s charismatique!<\/p>\n","protected":false},"featured_media":25943,"comment_status":"open","ping_status":"closed","template":"","meta":[],"product_brand":[],"product_cat":[263,245],"product_tag":[],"class_list":{"0":"post-25942","1":"product","2":"type-product","3":"status-publish","4":"has-post-thumbnail","6":"product_cat-lencens-oud-bois-dagar","7":"product_cat-les-encens-dexcellence","8":"pa_weight-10g","9":"pa_weight-20g","10":"pa_weight-50g","12":"first","13":"outofstock","14":"shipping-taxable","15":"purchasable","16":"product-type-variable"},"_links":{"self":[{"href":"https:\/\/sabilycollection.com\/fr\/wp-json\/wp\/v2\/product\/25942","targetHints":{"allow":["GET"]}}],"collection":[{"href":"https:\/\/sabilycollection.com\/fr\/wp-json\/wp\/v2\/product"}],"about":[{"href":"https:\/\/sabilycollection.com\/fr\/wp-json\/wp\/v2\/types\/product"}],"replies":[{"embeddable":true,"href":"https:\/\/sabilycollection.com\/fr\/wp-json\/wp\/v2\/comments?post=25942"}],"wp:featuredmedia":[{"embeddable":true,"href":"https:\/\/sabilycollection.com\/fr\/wp-json\/wp\/v2\/media\/25943"}],"wp:attachment":[{"href":"https:\/\/sabilycollection.com\/fr\/wp-json\/wp\/v2\/media?parent=25942"}],"wp:term":[{"taxonomy":"product_brand","embeddable":true,"href":"https:\/\/sabilycollection.com\/fr\/wp-json\/wp\/v2\/product_brand?post=25942"},{"taxonomy":"product_cat","embeddable":true,"href":"https:\/\/sabilycollection.com\/fr\/wp-json\/wp\/v2\/product_cat?post=25942"},{"taxonomy":"product_tag","embeddable":true,"href":"https:\/\/sabilycollection.com\/fr\/wp-json\/wp\/v2\/product_tag?post=25942"}],"curies":[{"name":"wp","href":"https:\/\/api.w.org\/{rel}","templated":true}]}}