{"id":25944,"date":"2019-05-06T09:42:31","date_gmt":"2019-05-06T07:42:31","guid":{"rendered":"https:\/\/sabilycollection.com\/oud-malaisie-terengganu-bois-dagar-sauvage-grade-triple-super\/"},"modified":"2026-02-10T12:50:32","modified_gmt":"2026-02-10T11:50:32","slug":"oud-malaisie-terengganu-bois-dagar-sauvage-grade-triple-super","status":"publish","type":"product","link":"https:\/\/sabilycollection.com\/fr\/produit\/oud-malaisie-terengganu-bois-dagar-sauvage-grade-triple-super\/","title":{"rendered":"Oud Malaisie Terengganu Bois d\u2019Agar Sauvage Grade Triple Super"},"content":{"rendered":"<p>Le Oud Malaisien fait parti des meilleurs bois d\u2019Agar au monde. Ce sublime Oud d\u2019une tr\u00e8s rare qualit\u00e9 est un tr\u00e9sor extr\u00eamement difficile \u00e0 obtenir.<\/p>\n<p>Ce bois d\u2019Agar est issu de l\u2019arbre Aquilaria Malaccensis, il provient d\u2019une r\u00e9gion du Nord de la Malaisie (Terrenganu) tr\u00e8s connu pour ses nombreuses for\u00eats tropicales et pour la qualit\u00e9 de son Oud tr\u00e8s convoit\u00e9. Le Oud de Terrenganu fait parti des meilleurs senteurs de Oud Malaisien de part son odeur unique qui se propage puissamment en d\u00e9gageant un parfum exceptionnel et durable.<\/p>\n<p>Le rang de ce Oud est tr\u00e8s \u00e9lev\u00e9 et provient d&rsquo;un arbre tr\u00e8s \u00e2g\u00e9 du Nord Est Malaisien. Ce grade Triple Super fait de lui un bois d&rsquo;Agar d&rsquo;exception qui ravira les fins connaisseurs et les amoureux du Oud sauvage. Il d\u00e9gage un parfum puissant avec un m\u00e9lange de notes bois\u00e9es, fum\u00e9es et sucr\u00e9s d&rsquo;une qualit\u00e9 exceptionnelle !<\/p>\n<p>Concernant la tenue, elle est de tr\u00e8s longue dur\u00e9e et son parfum s\u2019impr\u00e8gnera parfaitement dans tout les tissus de votre maison ainsi que sur vos habits.<\/p>\n<p>Vous pourrez dor\u00e9navant parfaitement accueillir tous vos invit\u00e9s et leur faire d\u00e9couvrir des senteurs exceptionnelles alliant le naturel et l\u2019exotisme pur&#8230; ou passer un agr\u00e9able moment de relaxation riche en sensations&#8230;<\/p>\n<p>Id\u00e9al pour parfumer sa demeure avant de recevoir ses invit\u00e9s, pour les grands \u00e9v\u00e8nements comme les f\u00eates et les mariages ou tout simplement pour passer un bon moment de d\u00e9tente.<\/p>\n<p dir=\"ltr\">Conseil d&rsquo;utilisation pour le Oud:<\/p>\n<p dir=\"ltr\">Avec notre Oud \u00e0 br\u00fbler vous allez profiter d&rsquo;un voyage olfactif exceptionnel qui vous offrira une exp\u00e9rience unique. Nous recommandons tr\u00e8s fortement l&rsquo;utilisation d&rsquo;une couche d&rsquo;aluminium sur votre charbon ardent afin de prolonger la dur\u00e9e de combustion et de vous garantir un ar\u00f4me pure et de meilleure <u>qualit\u00e9!<\/u><\/p>\n<p>Ses vertus:<\/p>\n<p>Le bois d\u2019Agar est \u00e9galement consid\u00e9r\u00e9 comme un aphrodisiaque tr\u00e8s puissant. Dans beaucoup de cultures, les femmes impr\u00e9gnaient leurs v\u00eatements aussi bien qu\u2019elles-m\u00eames de son parfum. Utilis\u00e9 en m\u00e9decine, le bois d\u2019Agar est un rem\u00e8de pour les d\u00e9sordres nerveux tels que la n\u00e9vrose, le comportement obs\u00e9dant, et l\u2019\u00e9puisement. Il est fortement psychoactif et permet un rapprochement avec notre c\u00f4t\u00e9 spirituel. C\u2019est pourquoi, il est l\u2019encens de m\u00e9ditation par excellence, apportant l\u2019\u00e9nergie au centre et calmant l\u2019esprit. Son odeur vous procurera du bien \u00eatre et dissipera votre stress.<\/p>\n<p>On lui attribue des bienfaits contre les maux de ventre, certaines maladies cardio-vasculaires, les neuropathies, naus\u00e9es ou l\u2019asthme. Il est m\u00eame largement utilis\u00e9 par l\u2019industrie pharmaceutique car naturellement riche en terp\u00e9no\u00efdes (s\u00e9datif et anxiolytique naturel) ainsi qu\u2019en polyph\u00e9nols (antioxydant naturel). Il facilite aussi la digestion. Ses vertus m\u00e9dicinales ont \u00e9t\u00e9 prouv\u00e9es notamment pour les troubles du sommeil, le cholest\u00e9rol et bien plus encore\u2026<\/p>\n<p>Sa raret\u00e9, et ses nombreuses vertus, font donc du bois d\u2019agar un bois pr\u00e9cieux extr\u00eamement recherch\u00e9, et donc extr\u00eamement co\u00fbteux.<\/p>\n<p>Ses notes: fum\u00e9es, sucr\u00e9es, bois\u00e9es, puissantes.<\/p>\n<p>R\u00e9gion: Nord Est de la Malaisie.<\/p>\n<p>Type de Oud: Aquilaria Malaccensis.<\/p>\n<p>Bois d\u2019Agar sauvage 100% naturel.<\/p>\n<p>Grade: Triple Super tr\u00e8s longue dur\u00e9e.<\/p>\n<p>Conditionnement: 5g, 10g, 20g, 50g, 100g, 200g.<\/p>\n<p>&nbsp;<\/p>\n<p>&nbsp;<\/p>\n<p>&nbsp;<\/p>\n","protected":false},"excerpt":{"rendered":"<p>Ce Oud Malaisien tr\u00e8s riche en huile d&rsquo;un grade exceptionnel et rare vous offrira des effluves exquises et magnifiques. Nous vous proposons ici un Oud pr\u00e9cieux et tr\u00e8s convoit\u00e9. Un tr\u00e9sor \u00e0 acqu\u00e9rir pour tout grand connaisseur!<\/p>\n","protected":false},"featured_media":25945,"comment_status":"open","ping_status":"closed","template":"","meta":[],"product_brand":[],"product_cat":[263,245],"product_tag":[],"class_list":{"0":"post-25944","1":"product","2":"type-product","3":"status-publish","4":"has-post-thumbnail","6":"product_cat-lencens-oud-bois-dagar","7":"product_cat-les-encens-dexcellence","8":"pa_weight-10g","9":"pa_weight-20g","10":"pa_weight-50g","11":"pa_weight-5g","13":"first","14":"instock","15":"shipping-taxable","16":"purchasable","17":"product-type-variable"},"_links":{"self":[{"href":"https:\/\/sabilycollection.com\/fr\/wp-json\/wp\/v2\/product\/25944","targetHints":{"allow":["GET"]}}],"collection":[{"href":"https:\/\/sabilycollection.com\/fr\/wp-json\/wp\/v2\/product"}],"about":[{"href":"https:\/\/sabilycollection.com\/fr\/wp-json\/wp\/v2\/types\/product"}],"replies":[{"embeddable":true,"href":"https:\/\/sabilycollection.com\/fr\/wp-json\/wp\/v2\/comments?post=25944"}],"wp:featuredmedia":[{"embeddable":true,"href":"https:\/\/sabilycollection.com\/fr\/wp-json\/wp\/v2\/media\/25945"}],"wp:attachment":[{"href":"https:\/\/sabilycollection.com\/fr\/wp-json\/wp\/v2\/media?parent=25944"}],"wp:term":[{"taxonomy":"product_brand","embeddable":true,"href":"https:\/\/sabilycollection.com\/fr\/wp-json\/wp\/v2\/product_brand?post=25944"},{"taxonomy":"product_cat","embeddable":true,"href":"https:\/\/sabilycollection.com\/fr\/wp-json\/wp\/v2\/product_cat?post=25944"},{"taxonomy":"product_tag","embeddable":true,"href":"https:\/\/sabilycollection.com\/fr\/wp-json\/wp\/v2\/product_tag?post=25944"}],"curies":[{"name":"wp","href":"https:\/\/api.w.org\/{rel}","templated":true}]}}