{"id":25946,"date":"2019-06-29T20:32:23","date_gmt":"2019-06-29T18:32:23","guid":{"rendered":"https:\/\/sabilycollection.com\/oud-kalimantan-malinau-bois-dagar-sauvage-douga-grade-super-indonesie\/"},"modified":"2026-02-10T12:45:09","modified_gmt":"2026-02-10T11:45:09","slug":"oud-kalimantan-malinau-bois-dagar-sauvage-douga-grade-super-indonesie","status":"publish","type":"product","link":"https:\/\/sabilycollection.com\/fr\/produit\/oud-kalimantan-malinau-bois-dagar-sauvage-douga-grade-super-indonesie\/","title":{"rendered":"Oud Kalimantan Malinau Bois d\u2019Agar Sauvage Douga Grade Super Indon\u00e9sie"},"content":{"rendered":"<p>Bois d&rsquo;Agar sauvage 100% naturel d&rsquo;origine Indon\u00e9sienne de grade Super.<\/p>\n<p>Ce Oud sauvage est issu d\u2019un arbre \u00e2g\u00e9 du grand Born\u00e9o en Indon\u00e9sie, plus pr\u00e9cis\u00e9ment \u00e0 Malinau dans le Kalimantan, r\u00e9gion tr\u00e8s c\u00e9l\u00e8bre de part son Oud de grande valeur tr\u00e8s recherch\u00e9 par les amoureux du Oud Kalimantan.<\/p>\n<p>Ce type de Oud Malinau est difficile d&rsquo;acc\u00e8s et rare, nous vous le proposons en petites pi\u00e8ces, cela vous facilitera son utilisation.<\/p>\n<p>Cet encens naturel tr\u00e8s r\u00e9put\u00e9 en Indon\u00e9sie et en Asie apportera \u00e0 vos demeures et vos habits un doux parfum subtil et profond aux notes bois\u00e9es, terreuses et exotiques qui vous procureront un agr\u00e9able moment de bien-\u00eatre.<\/p>\n<p>De part la qualit\u00e9 et l\u2019\u00e2ge de la r\u00e9sine il d\u00e9gage un d\u00e9licieux parfum bois\u00e9 unique parmi tout les autres Oud. Son parfum vous transportera dans les for\u00eats sauvages du grand Born\u00e9o \u00e0 l\u2019autre bout du monde\u2026<\/p>\n<p>Id\u00e9al pour parfumer sa demeure avant de recevoir ses invit\u00e9s, pour les grands \u00e9v\u00e8nements comme les f\u00eates et les mariages ou tout simplement pour passer un bon moment de d\u00e9tente.<\/p>\n<p dir=\"ltr\">Conseil d&rsquo;utilisation pour le Oud:<\/p>\n<p dir=\"ltr\">Avec notre Oud \u00e0 br\u00fbler vous allez profiter d&rsquo;un voyage olfactif exceptionnel qui vous offrira une exp\u00e9rience unique. Nous recommandons tr\u00e8s fortement l&rsquo;utilisation d&rsquo;une couche d&rsquo;aluminium sur votre charbon ardent afin de prolonger la dur\u00e9e de combustion et de vous garantir un ar\u00f4me pure et de meilleure qualit\u00e9!<\/p>\n<p>Ses vertus:<\/p>\n<p>Le bois d\u2019Agar est \u00e9galement consid\u00e9r\u00e9 comme un aphrodisiaque tr\u00e8s puissant. Dans beaucoup de cultures, les femmes impr\u00e9gnaient leurs v\u00eatements aussi bien qu\u2019elles-m\u00eames de son parfum. Utilis\u00e9 en m\u00e9decine, le bois d\u2019Agar est un rem\u00e8de pour les d\u00e9sordres nerveux tels que la n\u00e9vrose, le comportement obs\u00e9dant, et l\u2019\u00e9puisement. Il est fortement psychoactif et permet un rapprochement avec notre c\u00f4t\u00e9 spirituel. C\u2019est pourquoi, il est l\u2019encens de m\u00e9ditation par excellence, apportant l\u2019\u00e9nergie au centre et calmant l\u2019esprit. Son odeur vous procurera du bien \u00eatre et dissipera votre stress.<\/p>\n<p>On lui attribue des bienfaits contre les maux de ventre, certaines maladies cardio-vasculaires, les neuropathies, naus\u00e9es ou l\u2019asthme. Il est m\u00eame largement utilis\u00e9 par l\u2019industrie pharmaceutique car naturellement riche en terp\u00e9no\u00efdes (s\u00e9datif et anxiolytique naturel) ainsi qu\u2019en polyph\u00e9nols (antioxydant naturel). Il facilite aussi la digestion. Ses vertus m\u00e9dicinales ont \u00e9t\u00e9 prouv\u00e9es notamment pour les troubles du sommeil, le cholest\u00e9rol et bien plus encore\u2026<\/p>\n<p>Sa raret\u00e9, et ses nombreuses vertus, font donc du bois d\u2019agar un bois pr\u00e9cieux extr\u00eamement recherch\u00e9, et donc extr\u00eamement co\u00fbteux.<\/p>\n<p>Ses notes: Bois\u00e9es, exotiques, terreuses.<\/p>\n<p>N\u2019h\u00e9sitez plus\u2026 Laissez vous emporter.<\/p>\n<p>Bois d\u2019Agar sauvage 100% naturel<\/p>\n<p>R\u00e9gion: Kalimantan Malinau (Born\u00e9o)<\/p>\n<p>Grade: Super Douga<\/p>\n<p>Bonne dur\u00e9e<\/p>\n<p>Conditionnement: 5g, 10g, 20g, 50g, 100g<\/p>\n","protected":false},"excerpt":{"rendered":"<p>Une nouvelle fa\u00e7on d&rsquo;appr\u00e9cier le Oud Malinau, des senteurs bois\u00e9es et exotiques dans des petites pi\u00e8ces de Grade Super.<\/p>\n","protected":false},"featured_media":25947,"comment_status":"open","ping_status":"closed","template":"","meta":[],"product_brand":[],"product_cat":[263,245],"product_tag":[],"class_list":{"0":"post-25946","1":"product","2":"type-product","3":"status-publish","4":"has-post-thumbnail","6":"product_cat-lencens-oud-bois-dagar","7":"product_cat-les-encens-dexcellence","8":"pa_weight-10g","9":"pa_weight-20g","10":"pa_weight-50g","12":"first","13":"instock","14":"shipping-taxable","15":"purchasable","16":"product-type-variable"},"_links":{"self":[{"href":"https:\/\/sabilycollection.com\/fr\/wp-json\/wp\/v2\/product\/25946","targetHints":{"allow":["GET"]}}],"collection":[{"href":"https:\/\/sabilycollection.com\/fr\/wp-json\/wp\/v2\/product"}],"about":[{"href":"https:\/\/sabilycollection.com\/fr\/wp-json\/wp\/v2\/types\/product"}],"replies":[{"embeddable":true,"href":"https:\/\/sabilycollection.com\/fr\/wp-json\/wp\/v2\/comments?post=25946"}],"wp:featuredmedia":[{"embeddable":true,"href":"https:\/\/sabilycollection.com\/fr\/wp-json\/wp\/v2\/media\/25947"}],"wp:attachment":[{"href":"https:\/\/sabilycollection.com\/fr\/wp-json\/wp\/v2\/media?parent=25946"}],"wp:term":[{"taxonomy":"product_brand","embeddable":true,"href":"https:\/\/sabilycollection.com\/fr\/wp-json\/wp\/v2\/product_brand?post=25946"},{"taxonomy":"product_cat","embeddable":true,"href":"https:\/\/sabilycollection.com\/fr\/wp-json\/wp\/v2\/product_cat?post=25946"},{"taxonomy":"product_tag","embeddable":true,"href":"https:\/\/sabilycollection.com\/fr\/wp-json\/wp\/v2\/product_tag?post=25946"}],"curies":[{"name":"wp","href":"https:\/\/api.w.org\/{rel}","templated":true}]}}