{"id":25948,"date":"2019-07-11T18:28:35","date_gmt":"2019-07-11T16:28:35","guid":{"rendered":"https:\/\/sabilycollection.com\/oud-philippines-bois-dagar-sauvage-grade-sinking-underwater\/"},"modified":"2026-02-10T12:41:18","modified_gmt":"2026-02-10T11:41:18","slug":"oud-philippines-bois-dagar-sauvage-grade-sinking-underwater","status":"publish","type":"product","link":"https:\/\/sabilycollection.com\/fr\/produit\/oud-philippines-bois-dagar-sauvage-grade-sinking-underwater\/","title":{"rendered":"Oud Philippines Bois d\u2019Agar Sauvage Grade Sinking Underwater"},"content":{"rendered":"<p>Sabily Collection a le plaisir de vous offrir ce Oud exceptionnel tr\u00e8s \u00e2g\u00e9, extr\u00eamement rare issu des Philippines.<\/p>\n<p>Le Oud des Philippines a une tr\u00e8s belle apparence et celui que nous vous proposons est d&rsquo;excellente qualit\u00e9. Ce magnifique tr\u00e9sor vient de l&rsquo;\u00eele de Davao, il fait incontestablement parti des meilleurs Oud aux Philippines. Il suffit uniquement de le sentir pour d\u00e9couvrir les magnifiques notes qu&rsquo;il d\u00e9gage et cela sans le br\u00fbler sur le charbon. Son parfum se ressent sans la combustion tellement la qualit\u00e9 de ce tr\u00e9sor est remarquable!<\/p>\n<p>Ce type de Oud Sinking est le meilleur grade qui existe dans le monde du Oud sauvage, un Oud provenant d&rsquo;un arbre tr\u00e8s \u00e2g\u00e9, tr\u00e8s difficile \u00e0 obtenir contrairement au Oud Philippin plus r\u00e9pandu de l&rsquo;\u00eele Tawi-Tawi qui est plus abordable et qui est de moindre valeur.<\/p>\n<p>Ce Oud est charg\u00e9 en r\u00e9sine, c&rsquo;est pour cela qu&rsquo;il coule dans l&rsquo;eau (Underwater) facilement de part la tr\u00e8s grande quantit\u00e9 d&rsquo;huile qui le distingue des autres qualit\u00e9s de Oud.<\/p>\n<p>Le Oud Philippin poss\u00e8de \u00e9galement une senteur unique que l&rsquo;on ne retrouve nulle part ailleurs dans le monde du Oud! Il se distingue totalement des autres bois d\u2019Agar d\u00fb \u00e0 ses notes de vanille, chocolat et de caramel&#8230; Des senteurs exquises qui parfumeront id\u00e9alement votre maison et vos v\u00eatements pendant de tr\u00e8s longues heures. En effet plus le Oud est \u00e2g\u00e9 et plus son parfum perdurera.<\/p>\n<p>Vraiment un Oud rare et d&rsquo;exception qui m\u00e9rite d&rsquo;\u00eatre tester au moins une fois dans sa vie!<\/p>\n<p dir=\"ltr\">Conseil d&rsquo;utilisation pour le Oud:<\/p>\n<p dir=\"ltr\">Avec notre Oud \u00e0 br\u00fbler vous allez profiter d&rsquo;un voyage olfactif exceptionnel qui vous offrira une exp\u00e9rience unique. Nous recommandons tr\u00e8s fortement l&rsquo;utilisation d&rsquo;une couche d&rsquo;aluminium sur votre charbon ardent afin de prolonger la dur\u00e9e de combustion et de vous garantir un ar\u00f4me pure et de meilleure <u>qualit\u00e9!<\/u><\/p>\n<p>On lui attribue des bienfaits contre les maux de ventre, certaines maladies cardio-vasculaires, les neuropathies, naus\u00e9es ou l\u2019asthme. Il est m\u00eame largement utilis\u00e9 par l\u2019industrie pharmaceutique car naturellement riche en terp\u00e9no\u00efdes (s\u00e9datif et anxiolytique naturel) ainsi qu\u2019en polyph\u00e9nols (antioxydant naturel). Il facilite aussi la digestion. Ses vertus m\u00e9dicinales ont \u00e9t\u00e9 prouv\u00e9es notamment pour les troubles du sommeil, le cholest\u00e9rol et bien plus encore\u2026<\/p>\n<p>Sa raret\u00e9, et ses nombreuses vertus, font donc du bois d\u2019agar un bois pr\u00e9cieux extr\u00eamement recherch\u00e9, et donc extr\u00eamement co\u00fbteux.<\/p>\n<p>Ses notes: vanille, sucr\u00e9e, chocolat, amande douce.<\/p>\n<p>R\u00e9gion: Davao Philippines.<\/p>\n<p>Type de Oud: Aquilaria Cumingiana.<\/p>\n<p>Bois d\u2019Agar sauvage 100% naturel.<\/p>\n<p>Grade: Sinking Underwater (tr\u00e8s \u00e2g\u00e9).<\/p>\n<p>Tr\u00e8s longue dur\u00e9e.<\/p>\n<p>Conditionnement: 3g, 5g, 10g, 20g, 50g.<\/p>\n","protected":false},"excerpt":{"rendered":"<p>Un Oud haut de gamme tr\u00e8s \u00e2g\u00e9 de la tr\u00e8s rare esp\u00e8ce Aquilaria Cumingiana. Ce sublime Oud vous fera d\u00e9couvrir un ar\u00f4me de chocolat cr\u00e9meux, m\u00e9lang\u00e9 \u00e0 la vanille et aux amandes douces. Une senteur unique exceptionnelle !<\/p>\n","protected":false},"featured_media":25949,"comment_status":"open","ping_status":"closed","template":"","meta":[],"product_brand":[],"product_cat":[263,245],"product_tag":[],"class_list":{"0":"post-25948","1":"product","2":"type-product","3":"status-publish","4":"has-post-thumbnail","6":"product_cat-lencens-oud-bois-dagar","7":"product_cat-les-encens-dexcellence","8":"pa_weight-10g","9":"pa_weight-3g","10":"pa_weight-5g","12":"first","13":"outofstock","14":"shipping-taxable","15":"purchasable","16":"product-type-variable"},"_links":{"self":[{"href":"https:\/\/sabilycollection.com\/fr\/wp-json\/wp\/v2\/product\/25948","targetHints":{"allow":["GET"]}}],"collection":[{"href":"https:\/\/sabilycollection.com\/fr\/wp-json\/wp\/v2\/product"}],"about":[{"href":"https:\/\/sabilycollection.com\/fr\/wp-json\/wp\/v2\/types\/product"}],"replies":[{"embeddable":true,"href":"https:\/\/sabilycollection.com\/fr\/wp-json\/wp\/v2\/comments?post=25948"}],"wp:featuredmedia":[{"embeddable":true,"href":"https:\/\/sabilycollection.com\/fr\/wp-json\/wp\/v2\/media\/25949"}],"wp:attachment":[{"href":"https:\/\/sabilycollection.com\/fr\/wp-json\/wp\/v2\/media?parent=25948"}],"wp:term":[{"taxonomy":"product_brand","embeddable":true,"href":"https:\/\/sabilycollection.com\/fr\/wp-json\/wp\/v2\/product_brand?post=25948"},{"taxonomy":"product_cat","embeddable":true,"href":"https:\/\/sabilycollection.com\/fr\/wp-json\/wp\/v2\/product_cat?post=25948"},{"taxonomy":"product_tag","embeddable":true,"href":"https:\/\/sabilycollection.com\/fr\/wp-json\/wp\/v2\/product_tag?post=25948"}],"curies":[{"name":"wp","href":"https:\/\/api.w.org\/{rel}","templated":true}]}}