{"id":25951,"date":"2019-08-04T01:04:46","date_gmt":"2019-08-03T23:04:46","guid":{"rendered":"https:\/\/sabilycollection.com\/huile-doliban-hojari-pure-doman-premium-de-qualite-therapeutique\/"},"modified":"2026-02-16T16:55:17","modified_gmt":"2026-02-16T15:55:17","slug":"huile-doliban-hojari-pure-doman-premium-de-qualite-therapeutique","status":"publish","type":"product","link":"https:\/\/sabilycollection.com\/fr\/produit\/huile-doliban-hojari-pure-doman-premium-de-qualite-therapeutique\/","title":{"rendered":"Huile d&rsquo;Oliban Hojari pure d&rsquo;Oman premium de qualit\u00e9 th\u00e9rapeutique"},"content":{"rendered":"<p><strong>Notre Huile essentielle d&rsquo;Oliban Hojari<\/strong> est extraite de la r\u00e9sine de l&rsquo;encens Hojari-Grade de l&rsquo;arbre <em>Boswellia Sacra<\/em>, de la r\u00e9gion de Dhofar, \u00e0 Oman.<\/p>\n<p><strong>Cette r\u00e9sine<\/strong>, consid\u00e9r\u00e9e comme la plus fine et la plus noble au monde, r\u00e9colt\u00e9e \u00e0 l&rsquo;\u00e9tat sauvage, <strong>est extraite par un processus de distillation \u00e0 la vapeur directement \u00e0 Oman.<\/strong><\/p>\n<p>Il s&rsquo;agit d&rsquo;une huile essentielle rare, <strong>100 % pure et naturelle<\/strong>, au parfum sublime d&rsquo;une d\u00e9licatesse <strong>absolument unique<\/strong>. <strong>Elle peut \u00eatre utilis\u00e9e pour la fabrication de parfum haut de gamme, appel\u00e9 parfum de niche<\/strong>, de par sa qualit\u00e9 pure, naturelle, et <strong>sans produit chimique ou synth\u00e9tique.<\/strong><\/p>\n<p>Id\u00e9ale pour ceux qui souhaitent en profiter <strong>pour r\u00e9duire le stress et profiter d&rsquo;un moment de d\u00e9tente et de concentration.<\/strong><\/p>\n<p>En <strong>aromath\u00e9rapie<\/strong>, elle peut \u00eatre<strong> utilis\u00e9e localement et inhal\u00e9e pour b\u00e9n\u00e9ficier de tous ses bienfaits.<\/strong><\/p>\n<p><strong>Inhalation :<\/strong><br \/>\n\u2013 Agit comme un apaisant du syst\u00e8me nerveux et du stress pour favoriser la relaxation.<br \/>\n\u2013 B\u00e9n\u00e9fique pour r\u00e9duire les sympt\u00f4mes de rhumes et de toux.<br \/>\n\u2013 Alternative naturelle pour apaiser les migraines et les maux de t\u00eate.<\/p>\n<p><strong>Application locale :<\/strong><br \/>\nConnue pour soulager les irritations cutan\u00e9es mineures, les coupures, les ecchymoses, les br\u00fblures et les cicatrices.<br \/>\nDot\u00e9e de propri\u00e9t\u00e9s anti-rides et raffermissantes, vous pouvez ajouter quelques gouttes dans votre cr\u00e8me de jour et de nuit.<br \/>\n<strong>Suivez attentivement les instructions figurant sur l&rsquo;\u00e9tiquette.<\/strong><\/p>\n<p><strong>Mode d&#8217;emploi :<\/strong><br \/>\nAppliquez de 2 \u00e0 4 gouttes directement sur la zone d\u00e9sir\u00e9e. Aucune dilution n\u2019est n\u00e9cessaire, sauf pour les peaux les plus sensibles.<br \/>\n\u00c9talez ou inhalez directement.<\/p>\n<p><strong>Bienfaits :<\/strong><br \/>\n\u25aa\ufe0f Aide \u00e0 lutter contre plusieurs cancers<br \/>\n\u25aa\ufe0f Renforce le syst\u00e8me immunitaire<br \/>\n\u25aa\ufe0f Contribue \u00e0 r\u00e9duire les cicatrices<br \/>\n\u25aa\ufe0f Efficace contre les probl\u00e8mes digestifs<br \/>\n\u25aa\ufe0f Aide \u00e0 la concentration<br \/>\n\u25aa\ufe0f D\u00e9stressant et antid\u00e9presseur naturel<br \/>\n\u25aa\ufe0f Contribue \u00e0 calmer les migraines<br \/>\n\u25aa\ufe0f Excellent rem\u00e8de contre les inflammations telles que l\u2019ost\u00e9oarthrite et le rhumatisme (appliquez quelques gouttes sur la zone douloureuse et massez pendant 5 minutes)<br \/>\n\u2026 et de nombreux autres bienfaits.<\/p>\n<p><strong>Composition :<\/strong><br \/>\nHuile essentielle pure d&rsquo;Oliban Hojari.<\/p>\n<p><strong>Contenance :<\/strong><br \/>\n10 ml<\/p>\n","protected":false},"excerpt":{"rendered":"<p>Une huile essentielle d&rsquo;Oliban Hojari pure et rare, l&rsquo;huile d&rsquo;encens issue de l&rsquo;arbre Boswellia Sacra est un tr\u00e9sor de la nature aux multiples bienfaits, exhalant un parfum sublime, doux et unique.<\/p>\n","protected":false},"featured_media":25952,"comment_status":"open","ping_status":"closed","template":"","meta":[],"product_brand":[],"product_cat":[264,267,261],"product_tag":[],"class_list":{"0":"post-25951","1":"product","2":"type-product","3":"status-publish","4":"has-post-thumbnail","6":"product_cat-huiles-de-oud-pure-parfums","7":"product_cat-huiles-essentielles-pures-aromatherapie","8":"product_cat-oliban-royal-hojari-oman","9":"pa_quantity-1-bouteille","10":"pa_quantity-12-bouteilles","11":"pa_quantity-3-bouteilles","12":"pa_quantity-6-bouteilles","13":"pa_quantity-9-bouteilles","15":"first","16":"instock","17":"sale","18":"shipping-taxable","19":"purchasable","20":"product-type-variable"},"_links":{"self":[{"href":"https:\/\/sabilycollection.com\/fr\/wp-json\/wp\/v2\/product\/25951","targetHints":{"allow":["GET"]}}],"collection":[{"href":"https:\/\/sabilycollection.com\/fr\/wp-json\/wp\/v2\/product"}],"about":[{"href":"https:\/\/sabilycollection.com\/fr\/wp-json\/wp\/v2\/types\/product"}],"replies":[{"embeddable":true,"href":"https:\/\/sabilycollection.com\/fr\/wp-json\/wp\/v2\/comments?post=25951"}],"wp:featuredmedia":[{"embeddable":true,"href":"https:\/\/sabilycollection.com\/fr\/wp-json\/wp\/v2\/media\/25952"}],"wp:attachment":[{"href":"https:\/\/sabilycollection.com\/fr\/wp-json\/wp\/v2\/media?parent=25951"}],"wp:term":[{"taxonomy":"product_brand","embeddable":true,"href":"https:\/\/sabilycollection.com\/fr\/wp-json\/wp\/v2\/product_brand?post=25951"},{"taxonomy":"product_cat","embeddable":true,"href":"https:\/\/sabilycollection.com\/fr\/wp-json\/wp\/v2\/product_cat?post=25951"},{"taxonomy":"product_tag","embeddable":true,"href":"https:\/\/sabilycollection.com\/fr\/wp-json\/wp\/v2\/product_tag?post=25951"}],"curies":[{"name":"wp","href":"https:\/\/api.w.org\/{rel}","templated":true}]}}