{"id":25960,"date":"2020-03-24T12:26:00","date_gmt":"2020-03-24T11:26:00","guid":{"rendered":"https:\/\/sabilycollection.com\/encensoir-artisanal-en-bois-le-dome\/"},"modified":"2026-01-30T10:03:02","modified_gmt":"2026-01-30T09:03:02","slug":"encensoir-artisanal-en-bois-le-dome","status":"publish","type":"product","link":"https:\/\/sabilycollection.com\/fr\/produit\/encensoir-artisanal-en-bois-le-dome\/","title":{"rendered":"Encensoir Artisanal en Bois \u00ab\u00a0Le D\u00f4me\u00a0\u00bb"},"content":{"rendered":"<p dir=\"ltr\">Nous avons le plaisir de vous proposer notre encensoir\u00a0Sabily Collection.<\/p>\n<p dir=\"ltr\">Ce br\u00fbleur d&rsquo;encens est confectionn\u00e9 de fa\u00e7on artisanale \u00e0 partir de bois de Teck de qualit\u00e9. Un bois subtropical noble, connu pour sa solidit\u00e9.<\/p>\n<p dir=\"ltr\">Il est recouvert d&rsquo;un magnifique couvercle en m\u00e9tal et d&rsquo;un disque anti chaleur pour y d\u00e9poser votre charbon.<\/p>\n<p dir=\"ltr\">Nb: Pour prot\u00e9ger votre encensoir et le garder propre, nous vous recommandons de placer un morceau \u00e9pais d&rsquo;aluminium entre le disque anti chaleur et votre charbon. Ceci afin d&rsquo;att\u00e9nuer la chaleur et d&rsquo;\u00e9viter toute br\u00fblure.<\/p>\n<p>Comment pr\u00e9parer votre encensoir?<\/p>\n<p>Explications:<\/p>\n<p>1. Pr\u00e9parez votre encensoir en y pla\u00e7ant une couche \u00e9paisse d\u2019aluminium qui prot\u00e9gera celui-ci de la forte chaleur du charco-lite!<\/p>\n<p>2. Prenez un morceau de charbon et chauffez celui-ci avec une petite flamme (briquet \/ cuisini\u00e8re) pendant seulement 5 secondes jusqu\u2019\u00e0 ce qu\u2019il devienne rouge ardent.<\/p>\n<p>3. Placez le morceau de charbon sur l\u2019aluminium dans votre encensoir.<\/p>\n<p>4. Placez une petite quantit\u00e9 de votre encens dans le br\u00fbleur d\u2019encens.<\/p>\n<p>5. Profitez de la belle odeur de votre encens.<\/p>\n<p>6. \u00c9carter des enfants (risque de br\u00fblures)<\/p>\n<p dir=\"ltr\">Dimension: 9,3 x 6 cm<\/p>\n<p dir=\"ltr\">Finition naturelle \u00e0 la cire d&rsquo;abeille.<\/p>\n<p dir=\"ltr\">\n","protected":false},"excerpt":{"rendered":"<p>Un somptueux encensoir pour br\u00fbler vos encens et agr\u00e9menter votre d\u00e9coration.<\/p>\n","protected":false},"featured_media":25966,"comment_status":"open","ping_status":"closed","template":"","meta":[],"product_brand":[],"product_cat":[262,245],"product_tag":[],"class_list":{"0":"post-25960","1":"product","2":"type-product","3":"status-publish","4":"has-post-thumbnail","6":"product_cat-les-accessoires-pour-encens","7":"product_cat-les-encens-dexcellence","9":"first","10":"instock","11":"shipping-taxable","12":"purchasable","13":"product-type-simple"},"_links":{"self":[{"href":"https:\/\/sabilycollection.com\/fr\/wp-json\/wp\/v2\/product\/25960","targetHints":{"allow":["GET"]}}],"collection":[{"href":"https:\/\/sabilycollection.com\/fr\/wp-json\/wp\/v2\/product"}],"about":[{"href":"https:\/\/sabilycollection.com\/fr\/wp-json\/wp\/v2\/types\/product"}],"replies":[{"embeddable":true,"href":"https:\/\/sabilycollection.com\/fr\/wp-json\/wp\/v2\/comments?post=25960"}],"wp:featuredmedia":[{"embeddable":true,"href":"https:\/\/sabilycollection.com\/fr\/wp-json\/wp\/v2\/media\/25966"}],"wp:attachment":[{"href":"https:\/\/sabilycollection.com\/fr\/wp-json\/wp\/v2\/media?parent=25960"}],"wp:term":[{"taxonomy":"product_brand","embeddable":true,"href":"https:\/\/sabilycollection.com\/fr\/wp-json\/wp\/v2\/product_brand?post=25960"},{"taxonomy":"product_cat","embeddable":true,"href":"https:\/\/sabilycollection.com\/fr\/wp-json\/wp\/v2\/product_cat?post=25960"},{"taxonomy":"product_tag","embeddable":true,"href":"https:\/\/sabilycollection.com\/fr\/wp-json\/wp\/v2\/product_tag?post=25960"}],"curies":[{"name":"wp","href":"https:\/\/api.w.org\/{rel}","templated":true}]}}