{"id":25973,"date":"2020-05-28T17:37:35","date_gmt":"2020-05-28T15:37:35","guid":{"rendered":"https:\/\/sabilycollection.com\/pack-complet-oliban-vert-hojari-doman-le-dome-b-sacra-90g\/"},"modified":"2026-01-30T10:02:04","modified_gmt":"2026-01-30T09:02:04","slug":"pack-complet-oliban-vert-hojari-doman-le-dome-b-sacra-90g","status":"publish","type":"product","link":"https:\/\/sabilycollection.com\/fr\/produit\/pack-complet-oliban-vert-hojari-doman-le-dome-b-sacra-90g\/","title":{"rendered":"Pack complet Oliban Vert Hojari d\u2019Oman \u00ab\u00a0Le D\u00f4me\u00a0\u00bb B.Sacra 90g"},"content":{"rendered":"<p>Tr\u00e8s jolie pack Oliban Royal Hojari Vert Boswellia Sacra.<\/p>\n<p>Composition du pack:<\/p>\n<p>\u2013 1 sachet de 90g d\u2019Oliban Royal Hojari Vert d&rsquo;Oman 100% naturel.<br \/>\n\u2013 1 magnifique encensoir \u00ab\u00a0Le D\u00f4me\u00a0\u00bb fabriqu\u00e9 \u00e0 partir d&rsquo;un bois de Teck solide avec une finition 100% naturel.<br \/>\n\u2013 1 pince \u00e0 charbon pour pouvoir manipuler le charbon ardent et poser vos encens dessus.<\/p>\n<p>Comment pr\u00e9parer votre encensoir?<\/p>\n<p>Explications:<\/p>\n<p>1. Pr\u00e9parez votre encensoir en y pla\u00e7ant une couche \u00e9paisse d&rsquo;aluminium qui prot\u00e9gera celui-ci de la forte chaleur de votre charbon.<\/p>\n<p>2. Prenez un morceau de charbon et chauffez celui-ci avec une petite flamme (briquet \/ cuisini\u00e8re) jusqu&rsquo;\u00e0 ce qu&rsquo;il soit ardent de couleur rouge.<\/p>\n<p>3. Placez le morceau de charbon sur l&rsquo;aluminium dans votre encensoir.<\/p>\n<p>4. Placez une petite quantit\u00e9 de votre encens dans le br\u00fbleur d&rsquo;encens.<\/p>\n<p>5. Profitez de la belle odeur de votre encens.<\/p>\n<p>6. \u00c9carter des enfants (risque de br\u00fblures)<\/p>\n<p>PHOTO NON CONTRACTUELLE<\/p>\n","protected":false},"excerpt":{"rendered":"<p>Magnifique Pack complet Oliban Royal Hojary Vert d\u2019Oman tout ce qu\u2019il faut pour embellir et parfumer votre maison naturellement\u2026<\/p>\n","protected":false},"featured_media":25974,"comment_status":"open","ping_status":"closed","template":"","meta":[],"product_brand":[],"product_cat":[252,245,253,261],"product_tag":[],"class_list":{"0":"post-25973","1":"product","2":"type-product","3":"status-publish","4":"has-post-thumbnail","6":"product_cat-coffrets-cadeaux-et-decouverte","7":"product_cat-les-encens-dexcellence","8":"product_cat-les-packs-oliban-hojari-oman","9":"product_cat-oliban-royal-hojari-oman","11":"first","12":"outofstock","13":"shipping-taxable","14":"purchasable","15":"product-type-simple"},"_links":{"self":[{"href":"https:\/\/sabilycollection.com\/fr\/wp-json\/wp\/v2\/product\/25973","targetHints":{"allow":["GET"]}}],"collection":[{"href":"https:\/\/sabilycollection.com\/fr\/wp-json\/wp\/v2\/product"}],"about":[{"href":"https:\/\/sabilycollection.com\/fr\/wp-json\/wp\/v2\/types\/product"}],"replies":[{"embeddable":true,"href":"https:\/\/sabilycollection.com\/fr\/wp-json\/wp\/v2\/comments?post=25973"}],"wp:featuredmedia":[{"embeddable":true,"href":"https:\/\/sabilycollection.com\/fr\/wp-json\/wp\/v2\/media\/25974"}],"wp:attachment":[{"href":"https:\/\/sabilycollection.com\/fr\/wp-json\/wp\/v2\/media?parent=25973"}],"wp:term":[{"taxonomy":"product_brand","embeddable":true,"href":"https:\/\/sabilycollection.com\/fr\/wp-json\/wp\/v2\/product_brand?post=25973"},{"taxonomy":"product_cat","embeddable":true,"href":"https:\/\/sabilycollection.com\/fr\/wp-json\/wp\/v2\/product_cat?post=25973"},{"taxonomy":"product_tag","embeddable":true,"href":"https:\/\/sabilycollection.com\/fr\/wp-json\/wp\/v2\/product_tag?post=25973"}],"curies":[{"name":"wp","href":"https:\/\/api.w.org\/{rel}","templated":true}]}}