{"id":25982,"date":"2020-12-18T14:24:15","date_gmt":"2020-12-18T13:24:15","guid":{"rendered":"https:\/\/sabilycollection.com\/huile-de-parfum-african-night-musk-12ml\/"},"modified":"2026-01-30T10:02:03","modified_gmt":"2026-01-30T09:02:03","slug":"huile-de-parfum-african-night-musk-12ml","status":"publish","type":"product","link":"https:\/\/sabilycollection.com\/fr\/produit\/huile-de-parfum-african-night-musk-12ml\/","title":{"rendered":"Huile de Parfum African Night Musk 12ml"},"content":{"rendered":"<p>Voici notre African Night Musk, une huile de parfum tr\u00e8s riche aux notes exotiques qui vous fera d\u00e9couvrir les meilleures notes florales et \u00e9pic\u00e9es en terminant sur de d\u00e9licieuses notes bois\u00e9es.<\/p>\n<p>Un remarquable parfum pour les amoureux de senteurs fruit\u00e9es et florales. Ce parfum vous fera voyager dans un monde royalement parfum\u00e9, en passant par la Bergamote, le Jasmin ou encore le Patchouli et le magnifique bois de Santal. Une excellente combinaison qui \u00e9veillera vos sens et vous donnera un sentiment de bien \u00eatre, de plaisir durable!<\/p>\n<p>Un parfum \u00e9l\u00e9gant et gourmand \u00e0 avoir absolument dans sa collection de parfum!<\/p>\n<p>Une huile de parfum concentr\u00e9e sans solvant ni alcool ajout\u00e9.<\/p>\n<p>Parfum Unisex.<\/p>\n<p><strong>Nous d\u00e9butons sur des notes de t\u00eate fra\u00eeches:\u00a0<\/strong><br \/>\nBergamot, Ylang-Ylang, Fleur d&rsquo;oranger, Lily, Gardenia<\/p>\n<p><strong>Nous continuons avec des notes de c\u0153ur florales:<\/strong><br \/>\nRose, Jasmin et Orris<\/p>\n<p><strong>Et nous finissons avec des notes de fond intenses:<\/strong><br \/>\nPatchouli, Bois de santal, F\u00e8ve de Tonka, Mousse de ch\u00eane, musk, Ambre gris<\/p>\n<p><strong>Ingredients:<\/strong> Citronel, Lollimonene, Ethylene Brassylate, Vanilin<\/p>\n<p>Bouteille de 12ml<\/p>\n<p>Produit en France<\/p>\n","protected":false},"excerpt":{"rendered":"<p>Notre African Night Musk est une huile parfum riche et tr\u00e8s parfum\u00e9 qui vous fera voyager avec ces magnifiques notes florales, \u00e9pic\u00e9es et bois\u00e9es.<\/p>\n<p>Un parfum \u00e0 la senteur compl\u00e8tement irr\u00e9sistible qui doit faire partie de votre collection!<\/p>\n","protected":false},"featured_media":25983,"comment_status":"open","ping_status":"closed","template":"","meta":[],"product_brand":[],"product_cat":[264,268],"product_tag":[],"class_list":{"0":"post-25982","1":"product","2":"type-product","3":"status-publish","4":"has-post-thumbnail","6":"product_cat-huiles-de-oud-pure-parfums","7":"product_cat-huiles-de-parfums","9":"first","10":"instock","11":"shipping-taxable","12":"purchasable","13":"product-type-simple"},"_links":{"self":[{"href":"https:\/\/sabilycollection.com\/fr\/wp-json\/wp\/v2\/product\/25982","targetHints":{"allow":["GET"]}}],"collection":[{"href":"https:\/\/sabilycollection.com\/fr\/wp-json\/wp\/v2\/product"}],"about":[{"href":"https:\/\/sabilycollection.com\/fr\/wp-json\/wp\/v2\/types\/product"}],"replies":[{"embeddable":true,"href":"https:\/\/sabilycollection.com\/fr\/wp-json\/wp\/v2\/comments?post=25982"}],"wp:featuredmedia":[{"embeddable":true,"href":"https:\/\/sabilycollection.com\/fr\/wp-json\/wp\/v2\/media\/25983"}],"wp:attachment":[{"href":"https:\/\/sabilycollection.com\/fr\/wp-json\/wp\/v2\/media?parent=25982"}],"wp:term":[{"taxonomy":"product_brand","embeddable":true,"href":"https:\/\/sabilycollection.com\/fr\/wp-json\/wp\/v2\/product_brand?post=25982"},{"taxonomy":"product_cat","embeddable":true,"href":"https:\/\/sabilycollection.com\/fr\/wp-json\/wp\/v2\/product_cat?post=25982"},{"taxonomy":"product_tag","embeddable":true,"href":"https:\/\/sabilycollection.com\/fr\/wp-json\/wp\/v2\/product_tag?post=25982"}],"curies":[{"name":"wp","href":"https:\/\/api.w.org\/{rel}","templated":true}]}}