{"id":25984,"date":"2021-01-16T09:04:12","date_gmt":"2021-01-16T08:04:12","guid":{"rendered":"https:\/\/sabilycollection.com\/huile-de-parfum-musk-elixir-12ml\/"},"modified":"2026-01-30T10:02:03","modified_gmt":"2026-01-30T09:02:03","slug":"huile-de-parfum-musk-elixir-12ml","status":"publish","type":"product","link":"https:\/\/sabilycollection.com\/fr\/produit\/huile-de-parfum-musk-elixir-12ml\/","title":{"rendered":"Huile de Parfum Musk Elixir 12ml"},"content":{"rendered":"<p>Le sublime parfum Musk Elixir pour se faire plaisir et faire plaisir \u00e0 ceux que vous aimez.<\/p>\n<p>Nous vous proposons cette magnifique huile de parfum en 12ml pour un cadeau original qui a toutes ses chances de plaire\u2026<\/p>\n<p>Un Parfum raffin\u00e9 aux notes \u00e9pic\u00e9es et florales, qui se terminera sur des notes de Oud et de Sandalwood. Une parfaite combinaison qui ravira les amoureux de parfum!<\/p>\n<p>Une huile de parfum concentr\u00e9e sans solvant ni alcool ajout\u00e9.<\/p>\n<p>Parfum Unisex<\/p>\n<p><strong>Nous d\u00e9butons sur des notes de t\u00eate fra\u00eeches:\u00a0<\/strong><br \/>\nCumin, Ciste, Cardamone et Lavende<\/p>\n<p><strong>Nous continuons avec des notes de c\u0153ur florales:<\/strong><br \/>\nMuguet, Gurjum, Cypriol, Bois de Guaiac<\/p>\n<p><strong>Et nous finissons avec des notes de fond bois\u00e9es :<br \/>\n<\/strong>Musc, Ambre, Vanille, Oud et Bois de Santal<\/p>\n<p><strong>Ingredients:<\/strong> Citronel, Lollimonene, Ethylene Brassylate, Vanilin<\/p>\n<p>Bouteille de 12ml<\/p>\n<p>Produit en France<\/p>\n","protected":false},"excerpt":{"rendered":"<p>Le Musk Elixir est une excellente huile de parfum aux notes \u00e9pic\u00e9es, florales et bois\u00e9es.<\/p>\n<p>Il pourrait rapidement devenir votre nouvelle signature olfactive!<\/p>\n","protected":false},"featured_media":25985,"comment_status":"open","ping_status":"closed","template":"","meta":[],"product_brand":[],"product_cat":[264,268],"product_tag":[],"class_list":{"0":"post-25984","1":"product","2":"type-product","3":"status-publish","4":"has-post-thumbnail","6":"product_cat-huiles-de-oud-pure-parfums","7":"product_cat-huiles-de-parfums","9":"first","10":"instock","11":"shipping-taxable","12":"purchasable","13":"product-type-simple"},"_links":{"self":[{"href":"https:\/\/sabilycollection.com\/fr\/wp-json\/wp\/v2\/product\/25984","targetHints":{"allow":["GET"]}}],"collection":[{"href":"https:\/\/sabilycollection.com\/fr\/wp-json\/wp\/v2\/product"}],"about":[{"href":"https:\/\/sabilycollection.com\/fr\/wp-json\/wp\/v2\/types\/product"}],"replies":[{"embeddable":true,"href":"https:\/\/sabilycollection.com\/fr\/wp-json\/wp\/v2\/comments?post=25984"}],"wp:featuredmedia":[{"embeddable":true,"href":"https:\/\/sabilycollection.com\/fr\/wp-json\/wp\/v2\/media\/25985"}],"wp:attachment":[{"href":"https:\/\/sabilycollection.com\/fr\/wp-json\/wp\/v2\/media?parent=25984"}],"wp:term":[{"taxonomy":"product_brand","embeddable":true,"href":"https:\/\/sabilycollection.com\/fr\/wp-json\/wp\/v2\/product_brand?post=25984"},{"taxonomy":"product_cat","embeddable":true,"href":"https:\/\/sabilycollection.com\/fr\/wp-json\/wp\/v2\/product_cat?post=25984"},{"taxonomy":"product_tag","embeddable":true,"href":"https:\/\/sabilycollection.com\/fr\/wp-json\/wp\/v2\/product_tag?post=25984"}],"curies":[{"name":"wp","href":"https:\/\/api.w.org\/{rel}","templated":true}]}}