{"id":25986,"date":"2021-01-19T11:39:34","date_gmt":"2021-01-19T10:39:34","guid":{"rendered":"https:\/\/sabilycollection.com\/huile-de-parfum-royal-musk-12ml\/"},"modified":"2026-01-30T10:02:03","modified_gmt":"2026-01-30T09:02:03","slug":"huile-de-parfum-royal-musk-12ml","status":"publish","type":"product","link":"https:\/\/sabilycollection.com\/fr\/produit\/huile-de-parfum-royal-musk-12ml\/","title":{"rendered":"Huile de Parfum Royal Musk 12ml"},"content":{"rendered":"<p>Voici une magnifique huile de parfum \u00e0 la touche originale et naturelle.<\/p>\n<p>Ce parfum pur aux somptueuses notes d&rsquo;agrumes et magnifiquement bois\u00e9es est le cadeau id\u00e9al pour les amateurs de fragrances subtiles et gourmandes.<\/p>\n<p>Un parfum \u00e9l\u00e9gant, frais et doux du d\u00e9but \u00e0 la fin, aux notes l\u00e9g\u00e8rement bois\u00e9es et sucr\u00e9es autour de la senteur florale charismatique du Jasmin.<\/p>\n<p>Pour les amateurs de parfum frais qui aiment les senteurs irr\u00e9sistibles douces il est fait pour vous!<\/p>\n<p>Une huile de parfum concentr\u00e9e sans solvant ni alcool ajout\u00e9.<\/p>\n<p>Parfum Unisex.<\/p>\n<p><strong>Nous d\u00e9butons sur des notes de t\u00eate fra\u00eeches:\u00a0<\/strong><br \/>\nAgrumes de Sicile, \u00e9pices froides et Cassis<\/p>\n<p><strong>Nous continuons avec des notes de c\u0153ur florales:<\/strong><br \/>\nFeuilles de Patchouli, Jasmin<\/p>\n<p><strong>Et nous finissons avec des notes de fond intenses:<\/strong><br \/>\nBois\u00e9es, Cuir, Mousse de ch\u00eane, vanille sensuelle<\/p>\n<p><strong>Ingredients:<\/strong> Citronel, Lollimonene, Ethylene Brassylate, Vanilin<\/p>\n<p>Bouteille de 12ml<\/p>\n<p>Produit en France<\/p>\n","protected":false},"excerpt":{"rendered":"<p>Une magnifique huile de parfum aux effluves sucr\u00e9es et bois\u00e9es qui vous s\u00e9duira par ses notes fra\u00eeches d&rsquo;agrumes.<\/p>\n<p>Un Musk Royal qui vous accompagnera durant toutes vos journ\u00e9es!<\/p>\n","protected":false},"featured_media":25987,"comment_status":"open","ping_status":"closed","template":"","meta":[],"product_brand":[],"product_cat":[264,268],"product_tag":[],"class_list":{"0":"post-25986","1":"product","2":"type-product","3":"status-publish","4":"has-post-thumbnail","6":"product_cat-huiles-de-oud-pure-parfums","7":"product_cat-huiles-de-parfums","9":"first","10":"instock","11":"shipping-taxable","12":"purchasable","13":"product-type-simple"},"_links":{"self":[{"href":"https:\/\/sabilycollection.com\/fr\/wp-json\/wp\/v2\/product\/25986","targetHints":{"allow":["GET"]}}],"collection":[{"href":"https:\/\/sabilycollection.com\/fr\/wp-json\/wp\/v2\/product"}],"about":[{"href":"https:\/\/sabilycollection.com\/fr\/wp-json\/wp\/v2\/types\/product"}],"replies":[{"embeddable":true,"href":"https:\/\/sabilycollection.com\/fr\/wp-json\/wp\/v2\/comments?post=25986"}],"wp:featuredmedia":[{"embeddable":true,"href":"https:\/\/sabilycollection.com\/fr\/wp-json\/wp\/v2\/media\/25987"}],"wp:attachment":[{"href":"https:\/\/sabilycollection.com\/fr\/wp-json\/wp\/v2\/media?parent=25986"}],"wp:term":[{"taxonomy":"product_brand","embeddable":true,"href":"https:\/\/sabilycollection.com\/fr\/wp-json\/wp\/v2\/product_brand?post=25986"},{"taxonomy":"product_cat","embeddable":true,"href":"https:\/\/sabilycollection.com\/fr\/wp-json\/wp\/v2\/product_cat?post=25986"},{"taxonomy":"product_tag","embeddable":true,"href":"https:\/\/sabilycollection.com\/fr\/wp-json\/wp\/v2\/product_tag?post=25986"}],"curies":[{"name":"wp","href":"https:\/\/api.w.org\/{rel}","templated":true}]}}