{"id":25988,"date":"2021-02-08T14:03:38","date_gmt":"2021-02-08T13:03:38","guid":{"rendered":"https:\/\/sabilycollection.com\/oud-kalimantan-malinau-bois-dagar-sauvage-grade-double-super-indonesie\/"},"modified":"2026-02-10T11:55:45","modified_gmt":"2026-02-10T10:55:45","slug":"oud-kalimantan-malinau-bois-dagar-sauvage-grade-double-super-indonesie","status":"publish","type":"product","link":"https:\/\/sabilycollection.com\/fr\/produit\/oud-kalimantan-malinau-bois-dagar-sauvage-grade-double-super-indonesie\/","title":{"rendered":"Oud Kalimantan Malinau Bois d&rsquo;Agar Sauvage Grade Double Super Indon\u00e9sie"},"content":{"rendered":"<p>Bois d\u2019Agar sauvage 100% Naturel d\u2019origine Indon\u00e9sienne de Grade Double Super.<\/p>\n<p>Ce Oud sauvage est issu d\u2019un arbre \u00e2g\u00e9 et r\u00e9put\u00e9, tout droit sorti des for\u00eats du Kalimantan plus pr\u00e9cis\u00e9ment \u00e0 Malinau, r\u00e9gion tr\u00e8s c\u00e9l\u00e8bre de part son Oud de grande valeur tr\u00e8s recherch\u00e9 par les amoureux du Oud Kalimantan. Ce bois provient d\u2019un arbre d\u2019une quarantaine d&rsquo;ann\u00e9es qui lui garanti une excellente tenue.<\/p>\n<p>Cet encens naturel au Grade \u00e9lev\u00e9 tr\u00e8s r\u00e9put\u00e9 en Indon\u00e9sie et en Asie apportera \u00e0 vos demeures et vos habits un doux parfum subtil et profond aux notes bois\u00e9es, comportant des notes fruit\u00e9es de poire, de pomme verte et de miel. Un parfum exotique qui vous procureront un agr\u00e9able moment de bien-\u00eatre.<\/p>\n<p>De part la qualit\u00e9 et l\u2019\u00e2ge de la r\u00e9sine il d\u00e9gage un d\u00e9licieux parfum bois\u00e9 et puissant qui vous transportera dans les for\u00eats sauvages du grand Born\u00e9o \u00e0 l&rsquo;autre bout du monde&#8230;<br \/>\nId\u00e9al pour parfumer sa demeure avant de recevoir ses invit\u00e9s, pour les grands \u00e9v\u00e8nements comme les f\u00eates et les mariages ou tout simplement pour passer un bon moment de d\u00e9tente.<\/p>\n<p dir=\"ltr\">Conseil d&rsquo;utilisation pour le Oud:<\/p>\n<p dir=\"ltr\">Avec notre Oud \u00e0 br\u00fbler vous allez profiter d&rsquo;un voyage olfactif exceptionnel qui vous offrira une exp\u00e9rience unique. Nous recommandons tr\u00e8s fortement l&rsquo;utilisation d&rsquo;une couche d&rsquo;aluminium sur votre charbon ardent afin de prolonger la dur\u00e9e de combustion et de vous garantir un ar\u00f4me pure et de meilleure <u>qualit\u00e9!<\/u><\/p>\n<p>Ses vertus:<\/p>\n<p>Le bois d\u2019Agar est \u00e9galement consid\u00e9r\u00e9 comme un aphrodisiaque tr\u00e8s puissant. Dans beaucoup de cultures, les femmes impr\u00e9gnaient leurs v\u00eatements aussi bien qu\u2019elles-m\u00eames de son parfum. Utilis\u00e9 en m\u00e9decine, le bois d\u2019Agar est un rem\u00e8de pour les d\u00e9sordres nerveux tels que la n\u00e9vrose, le comportement obs\u00e9dant, et l\u2019\u00e9puisement. Il est fortement psychoactif et permet un rapprochement avec notre c\u00f4t\u00e9 spirituel. C\u2019est pourquoi, il est l\u2019encens de m\u00e9ditation par excellence, apportant l\u2019\u00e9nergie au centre et calmant l\u2019esprit. Son odeur vous procurera du bien \u00eatre et dissipera votre stress.<\/p>\n<p>On lui attribue des bienfaits contre les maux de ventre, certaines maladies cardio-vasculaires, les neuropathies, naus\u00e9es ou l\u2019asthme. Il est m\u00eame largement utilis\u00e9 par l\u2019industrie pharmaceutique car naturellement riche en terp\u00e9no\u00efdes (s\u00e9datif et anxiolytique naturel) ainsi qu\u2019en polyph\u00e9nols (antioxydant naturel). Il facilite aussi la digestion. Ses vertus m\u00e9dicinales ont \u00e9t\u00e9 prouv\u00e9es notamment pour les troubles du sommeil, le cholest\u00e9rol et bien plus encore\u2026<\/p>\n<p>Sa raret\u00e9, et ses nombreuses vertus, font donc du bois d\u2019agar un bois pr\u00e9cieux extr\u00eamement recherch\u00e9, et donc extr\u00eamement co\u00fbteux.<\/p>\n<p>Ses notes: Bois\u00e9e, menthe, miel, pomme verte, pin, poudre de vanille, patchouli, terreuse, exotique, caram\u00e9lis\u00e9e.<\/p>\n<p>N\u2019h\u00e9sitez plus\u2026 Laissez vous emporter.<\/p>\n<p>Bois d\u2019Agar sauvage 100% naturel<\/p>\n<p>R\u00e9gion: Kalimantan Malinau<\/p>\n<p>Grade: Double Super<\/p>\n<p>Longue dur\u00e9e<\/p>\n<p>Conditionnement: 5g, 10g, 20g, 50g, 100g<\/p>\n","protected":false},"excerpt":{"rendered":"<p>Le Oud sauvage Kalimantan Malinau, l&rsquo;un des meilleurs Oud Indon\u00e9sien pour d\u00e9couvrir un parfum exotique menthol\u00e9 et magnifiquement bois\u00e9!<\/p>\n","protected":false},"featured_media":25991,"comment_status":"open","ping_status":"closed","template":"","meta":[],"product_brand":[],"product_cat":[263,245],"product_tag":[],"class_list":{"0":"post-25988","1":"product","2":"type-product","3":"status-publish","4":"has-post-thumbnail","6":"product_cat-lencens-oud-bois-dagar","7":"product_cat-les-encens-dexcellence","8":"pa_weight-10g","9":"pa_weight-20g","10":"pa_weight-50g","12":"first","13":"outofstock","14":"shipping-taxable","15":"purchasable","16":"product-type-variable"},"_links":{"self":[{"href":"https:\/\/sabilycollection.com\/fr\/wp-json\/wp\/v2\/product\/25988","targetHints":{"allow":["GET"]}}],"collection":[{"href":"https:\/\/sabilycollection.com\/fr\/wp-json\/wp\/v2\/product"}],"about":[{"href":"https:\/\/sabilycollection.com\/fr\/wp-json\/wp\/v2\/types\/product"}],"replies":[{"embeddable":true,"href":"https:\/\/sabilycollection.com\/fr\/wp-json\/wp\/v2\/comments?post=25988"}],"wp:featuredmedia":[{"embeddable":true,"href":"https:\/\/sabilycollection.com\/fr\/wp-json\/wp\/v2\/media\/25991"}],"wp:attachment":[{"href":"https:\/\/sabilycollection.com\/fr\/wp-json\/wp\/v2\/media?parent=25988"}],"wp:term":[{"taxonomy":"product_brand","embeddable":true,"href":"https:\/\/sabilycollection.com\/fr\/wp-json\/wp\/v2\/product_brand?post=25988"},{"taxonomy":"product_cat","embeddable":true,"href":"https:\/\/sabilycollection.com\/fr\/wp-json\/wp\/v2\/product_cat?post=25988"},{"taxonomy":"product_tag","embeddable":true,"href":"https:\/\/sabilycollection.com\/fr\/wp-json\/wp\/v2\/product_tag?post=25988"}],"curies":[{"name":"wp","href":"https:\/\/api.w.org\/{rel}","templated":true}]}}