{"id":25992,"date":"2021-03-07T08:59:22","date_gmt":"2021-03-07T07:59:22","guid":{"rendered":"https:\/\/sabilycollection.com\/huile-de-oud-trat-strong-agee-2020-pure-bois-dagar-dehn-al-oud-origine-thailande\/"},"modified":"2026-03-10T07:23:54","modified_gmt":"2026-03-10T06:23:54","slug":"huile-de-oud-trat-strong-agee-2020-pure-bois-dagar-dehn-al-oud-origine-thailande","status":"publish","type":"product","link":"https:\/\/sabilycollection.com\/fr\/produit\/huile-de-oud-trat-strong-agee-2020-pure-bois-dagar-dehn-al-oud-origine-thailande\/","title":{"rendered":"Huile de Oud Trat Strong Ag\u00e9e 2020 Pure Bois d&rsquo;Agar Dehn Al Oud Origine Tha\u00eflande"},"content":{"rendered":"<p>Nous avons le plaisir de vous pr\u00e9senter notre huile de Oud pure Trat Strong 2020. Ce Oud en provenance de Trat est tout simplement sublime.<\/p>\n<p>Un Oud <strong>puissant tr\u00e8s charismatique<\/strong>, qui saura \u00e0 coup s\u00fbr vous captiver de part ses notes chaudes <strong>alliant des odeurs suaves sauvages tout en conservant un c\u00f4t\u00e9 l\u00e9g\u00e8rement sucr\u00e9es et fruit\u00e9es en notes de c\u0153ur et de fond.<\/strong> Nous l&rsquo;avons appel\u00e9 Trat Strong car elle est plus puissante et poss\u00e8de un meilleur sillage que la Trat Sweet.<\/p>\n<p>Durant le processus de distillation, elle a \u00e9galement \u00e9tait ferment\u00e9 durant\u00a0 1 mois, ce qui lui ajoutent des notes plus puissantes.<\/p>\n<p>Un \u00e9lixir <strong>bois\u00e9 \u00e0 la senteur sauvage qui vous fera passer des journ\u00e9es riches en sensations<\/strong> et qui attirera l&rsquo;attention de tout votre entourage!<\/p>\n<p>En effet cette huile de Trat <strong>d\u00e9gage un parfum exceptionnel, on y trouve des tons animals de Musk rappelant les odeurs sauvages accompagn\u00e9s de notes bois\u00e9es, de cuir et de tabac<\/strong>\u2026<\/p>\n<p>Un vrai r\u00e9gal pour les sens et l\u2019\u00e2me! Si vous aimez les parfums prononc\u00e9s, il deviendra s\u00fbrement votre nouvelle signature olfactive!<\/p>\n<p><strong>Il suffit de quelques gouttes pour que ce parfum vous accompagne durant des heures.<\/strong><\/p>\n<p>De <strong>couleur brun clair<\/strong>, elle d\u00e9gage une d\u00e9licieuse odeur puissante qui suscitera la curiosit\u00e9 de votre entourage du fait de son <strong>parfum addictif et exotique!<\/strong><\/p>\n<p>Une magnifique huile de Oud qui a des points communs avec l&rsquo;huile que l&rsquo;on retrouve au Laos et en Birmanie.<\/p>\n<p>N\u2019attendez plus pour d\u00e9couvrir la beaut\u00e9 et les secrets de cette huile de Oud \u00e9l\u00e9gante et sublime\u2026<\/p>\n<p><strong>Informations<\/strong>:<\/p>\n<p>Issu du bois le plus cher et le plus pr\u00e9cieux au monde, cette huile de Oud est utilis\u00e9e par les plus grandes parfumeries mondiales afin de concevoir leur parfum de luxe.<br \/>\nCe pr\u00e9cieux produit de luxe \u00e0 la grande valeur est obtenu \u00e0 partir de plusieurs types d\u2019arbres d\u2019Asie du sud Est, le plus connu \u00e9tant l\u2019Aquilaria Malaccensis de part sa qualit\u00e9 et sa r\u00e9sine odorante exceptionnelle.<\/p>\n<p><strong>Ses vertus:<\/strong><\/p>\n<p>Le bois d\u2019Agar est \u00e9galement consid\u00e9r\u00e9 comme un aphrodisiaque tr\u00e8s puissant. Dans beaucoup de cultures, les femmes impr\u00e9gnaient leurs v\u00eatements aussi bien qu\u2019elles-m\u00eames de son parfum. C\u2019est sous forme huileuse que le bois de oud est couramment utilis\u00e9. Dans le monde arabe, son huile est employ\u00e9e pour se parfumer \u00e0 m\u00eame la peau. Elle est une mati\u00e8re premi\u00e8re essentielle dans la parfumerie du Moyen-Orient. Tr\u00e8s pr\u00e9cieuse, l\u2019huile d\u00e9veloppe un ar\u00f4me envo\u00fbtant, incroyablement raffin\u00e9 \u00e0 la fois brut et sophistiqu\u00e9.. Son parfum vous procurera du bien \u00eatre et dissipera votre stress. (\u0625\u0646 \u0634\u0627\u0621 \u0627\u0644\u0644\u0647)<\/p>\n<p>Produit rare et de grande qualit\u00e9!<\/p>\n<p>Garanti tenue longue dur\u00e9e.<\/p>\n<p>Issue de plantation d&rsquo;Aquilaria Crassna 100% naturel, aucun produit chimique durant le processus.<\/p>\n<p>(Age de l&rsquo;arbre de 40 \u00e0 60 ans)<\/p>\n<p><strong>Dur\u00e9e de fermentation<\/strong>: 1 mois<\/p>\n<p>Distill\u00e9e en 2020 dans la r\u00e9gion de Trat (Tha\u00eflande)<\/p>\n<p><strong>Notes<\/strong>: cuir, musk animal, tabac, sucr\u00e9es, bois\u00e9es, noisettes, r\u00e9glisse.<\/p>\n<p><strong>Flacon de 1ml, 3ml, 6ml ou 12ml.<\/strong><\/p>\n","protected":false},"excerpt":{"rendered":"<p>Une beaut\u00e9 parmi les Huiles de Oud, <strong>cette huile Trat Strong est faites pour vous si vous aimez les senteurs sauvages puissantes et exotiques.<\/strong><\/p>\n<p>Un \u00e9lixir de grande qualit\u00e9 ayant une tr\u00e8s longue long\u00e9vit\u00e9. Un parfum tr\u00e8s riche dont vous ne pourrez plus vous passer!<\/p>\n","protected":false},"featured_media":25999,"comment_status":"open","ping_status":"closed","template":"","meta":[],"product_brand":[],"product_cat":[251,266,264],"product_tag":[],"class_list":{"0":"post-25992","1":"product","2":"type-product","3":"status-publish","4":"has-post-thumbnail","6":"product_cat-huile-de-oud-pure","7":"product_cat-huiles-de-oud-pure-single-bottle","8":"product_cat-huiles-de-oud-pure-parfums","9":"pa_quantity-12ml","10":"pa_quantity-1ml","11":"pa_quantity-3ml","12":"pa_quantity-6ml","14":"first","15":"instock","16":"shipping-taxable","17":"purchasable","18":"product-type-variable"},"_links":{"self":[{"href":"https:\/\/sabilycollection.com\/fr\/wp-json\/wp\/v2\/product\/25992","targetHints":{"allow":["GET"]}}],"collection":[{"href":"https:\/\/sabilycollection.com\/fr\/wp-json\/wp\/v2\/product"}],"about":[{"href":"https:\/\/sabilycollection.com\/fr\/wp-json\/wp\/v2\/types\/product"}],"replies":[{"embeddable":true,"href":"https:\/\/sabilycollection.com\/fr\/wp-json\/wp\/v2\/comments?post=25992"}],"wp:featuredmedia":[{"embeddable":true,"href":"https:\/\/sabilycollection.com\/fr\/wp-json\/wp\/v2\/media\/25999"}],"wp:attachment":[{"href":"https:\/\/sabilycollection.com\/fr\/wp-json\/wp\/v2\/media?parent=25992"}],"wp:term":[{"taxonomy":"product_brand","embeddable":true,"href":"https:\/\/sabilycollection.com\/fr\/wp-json\/wp\/v2\/product_brand?post=25992"},{"taxonomy":"product_cat","embeddable":true,"href":"https:\/\/sabilycollection.com\/fr\/wp-json\/wp\/v2\/product_cat?post=25992"},{"taxonomy":"product_tag","embeddable":true,"href":"https:\/\/sabilycollection.com\/fr\/wp-json\/wp\/v2\/product_tag?post=25992"}],"curies":[{"name":"wp","href":"https:\/\/api.w.org\/{rel}","templated":true}]}}