{"id":26000,"date":"2021-07-15T05:53:42","date_gmt":"2021-07-15T03:53:42","guid":{"rendered":"https:\/\/sabilycollection.com\/oud-kinam-gold-grade-sinking\/"},"modified":"2026-02-10T11:50:19","modified_gmt":"2026-02-10T10:50:19","slug":"oud-kinam-gold-grade-sinking","status":"publish","type":"product","link":"https:\/\/sabilycollection.com\/fr\/produit\/oud-kinam-gold-grade-sinking\/","title":{"rendered":"Oud Kinam Gold Grade Sinking"},"content":{"rendered":"<p>Nous avons le plaisir de vous offrir ce Oud Kinam Sinking de Hainan (Chine) issu de la plantation.<\/p>\n<p>Dans le march\u00e9 du Oud, le Kinam du Vietnam est tout simplement consid\u00e9r\u00e9 comme le meilleur au monde, le plus co\u00fbteux et le plus difficile \u00e0 obtenir. L\u2019odeur du Oud Kinam est unique et impressionnante, difficile \u00e0 oublier.<\/p>\n<p>Vous devriez l&rsquo;essayer une fois dans votre vie si vous \u00eates un amateur de bois d&rsquo;Agar et d&rsquo;encens naturel.<\/p>\n<p>De nombreux amateurs de Oud ne pourraient sentir le Kinam qu&rsquo;une seule fois dans leur vie. Ou jamais pour d&rsquo;autres!<\/p>\n<p>Avec notre Oud Kinam vous pouvez \u00eatre s\u00fbr que le parfum qui flotte autour de vous restera dans votre m\u00e9moire.<\/p>\n<p>Toutes les pi\u00e8ces ont \u00e9t\u00e9 soigneusement s\u00e9lectionn\u00e9s afin de vous offrir le meilleur, le grade Sinking \u00e9tant le meilleur, notre Oud sera une exp\u00e9rience exceptionnelle dans votre vie.<\/p>\n<p>Si pour vous, br\u00fbler du Oud est un mode de vie, vous devez absolument laisser rentrer ce Kinam dans votre maison&#8230;<\/p>\n<p>A temp\u00e9rature ambiante, le parfum du Kinam est \u00e9galement enivrant. C&rsquo;est le secret du kinam. Il n\u00e9cessite une chaleur tr\u00e8s faible pour d\u00e9voiler tous ses secrets. Parfois, aucune chaleur n&rsquo;est requise, il vous suffit de sentir les pi\u00e8ces pour appr\u00e9cier son magnifique parfum unique et envo\u00fbtant.<\/p>\n<p>La quantit\u00e9 est tr\u00e8s limit\u00e9&#8230;<\/p>\n<p>Conseil d&rsquo;utilisation pour le Oud Kinam:<\/p>\n<p>Avec notre Oud Kinam vous allez profiter d&rsquo;un voyage olfactif exceptionnel qui vous offrira un ar\u00f4me pure et une exp\u00e9rience unique. Nous recommandons tr\u00e8s fortement l&rsquo;utilisation d&rsquo;une couche d&rsquo;aluminium sur votre charbon ardent afin de prolonger la dur\u00e9e de combustion et de vous garantir un ar\u00f4me d&rsquo;une puret\u00e9 et d&rsquo;une finesse exceptionnelle!<\/p>\n<p>Id\u00e9al pour parfumer sa demeure avant de recevoir ses invit\u00e9s, pour les grands \u00e9v\u00e8nements comme les f\u00eates et les mariages ou tout simplement pour passer un bon moment de d\u00e9tente.<\/p>\n<p>Ses vertus:<\/p>\n<p>Le bois d\u2019Agar est \u00e9galement consid\u00e9r\u00e9 comme un aphrodisiaque tr\u00e8s puissant. Dans beaucoup de cultures, les femmes impregnaient leurs v\u00eatements aussi bien qu\u2019elles-m\u00eames de son parfum. Utilis\u00e9 en m\u00e9decine, le bois d\u2019Agar est un rem\u00e8de pour les d\u00e9sordres nerveux tels que la n\u00e9vrose, le comportement obs\u00e9dant, et l\u2019\u00e9puisement. Il est fortement psychoactif et permet un rapprochement avec notre c\u00f4t\u00e9 spirituel. C\u2019est pourquoi, il est l\u2019encens de m\u00e9ditation par excellence, apportant l\u2019\u00e9nergie au centre et calmant l\u2019esprit. Son odeur vous procurera du bien \u00eatre et dissipera votre stress.<\/p>\n<p>On lui attribue des bienfaits contre les maux de ventre, certaines maladies cardio-vasculaires, les neuropathies, naus\u00e9es ou l\u2019asthme. Il est m\u00eame largement utilis\u00e9 par l\u2019industrie pharmaceutique car naturellement riche en terp\u00e9no\u00efdes (s\u00e9datif et anxiolytique naturel) ainsi qu\u2019en polyph\u00e9nols (antioxydant naturel). Il facilite aussi la digestion. Ses vertus m\u00e9dicinales ont \u00e9t\u00e9 prouv\u00e9es notamment pour les troubles du sommeil, le cholest\u00e9rol et bien plus encore\u2026<\/p>\n<p>Sa raret\u00e9, et ses nombreuses vertus, font donc du bois d\u2019agar un bois pr\u00e9cieux extr\u00eamement recherch\u00e9, et donc extr\u00eamement co\u00fbteux.<\/p>\n<p>Ses notes: bois\u00e9es, doux florales, sucr\u00e9es, vanille, \u00e9pic\u00e9, th\u00e9, tabac, noix de muscade, miel, beurre, menthe fra\u00eeche<\/p>\n<p>R\u00e9gion: Hainan<\/p>\n<p>Type de Oud: Aquilaria Crassna (plantation)<\/p>\n<p>Bois d\u2019Agar 100% naturel<\/p>\n<p>Grade: Sinking<\/p>\n<p>Tr\u00e8s longue dur\u00e9e<\/p>\n<p>Conditionnement: 1g, 3g, 5g<\/p>\n","protected":false},"excerpt":{"rendered":"<p>Le Oud Kinam&#8230; Le plus grand tr\u00e9sor dans le monde du Oud est \u00e0 pr\u00e9sent disponible pour vous permettre de d\u00e9couvrir cette ar\u00f4me unique et incomparable. Un Oud plus pr\u00e9cieux que l&rsquo;or&#8230;<\/p>\n","protected":false},"featured_media":26004,"comment_status":"open","ping_status":"closed","template":"","meta":[],"product_brand":[],"product_cat":[263,245],"product_tag":[],"class_list":{"0":"post-26000","1":"product","2":"type-product","3":"status-publish","4":"has-post-thumbnail","6":"product_cat-lencens-oud-bois-dagar","7":"product_cat-les-encens-dexcellence","8":"pa_weight-3g","9":"pa_weight-5g","11":"first","12":"instock","13":"shipping-taxable","14":"purchasable","15":"product-type-variable"},"_links":{"self":[{"href":"https:\/\/sabilycollection.com\/fr\/wp-json\/wp\/v2\/product\/26000","targetHints":{"allow":["GET"]}}],"collection":[{"href":"https:\/\/sabilycollection.com\/fr\/wp-json\/wp\/v2\/product"}],"about":[{"href":"https:\/\/sabilycollection.com\/fr\/wp-json\/wp\/v2\/types\/product"}],"replies":[{"embeddable":true,"href":"https:\/\/sabilycollection.com\/fr\/wp-json\/wp\/v2\/comments?post=26000"}],"wp:featuredmedia":[{"embeddable":true,"href":"https:\/\/sabilycollection.com\/fr\/wp-json\/wp\/v2\/media\/26004"}],"wp:attachment":[{"href":"https:\/\/sabilycollection.com\/fr\/wp-json\/wp\/v2\/media?parent=26000"}],"wp:term":[{"taxonomy":"product_brand","embeddable":true,"href":"https:\/\/sabilycollection.com\/fr\/wp-json\/wp\/v2\/product_brand?post=26000"},{"taxonomy":"product_cat","embeddable":true,"href":"https:\/\/sabilycollection.com\/fr\/wp-json\/wp\/v2\/product_cat?post=26000"},{"taxonomy":"product_tag","embeddable":true,"href":"https:\/\/sabilycollection.com\/fr\/wp-json\/wp\/v2\/product_tag?post=26000"}],"curies":[{"name":"wp","href":"https:\/\/api.w.org\/{rel}","templated":true}]}}