{"id":26012,"date":"2022-02-18T11:48:16","date_gmt":"2022-02-18T10:48:16","guid":{"rendered":"https:\/\/sabilycollection.com\/huile-de-oud-cambodi-sweet-agee-2022-pure-bois-dagar-pure-dehn-al-oud-origine-cambodge\/"},"modified":"2026-04-17T08:52:00","modified_gmt":"2026-04-17T06:52:00","slug":"huile-de-oud-cambodi-sweet-agee-2022-pure-bois-dagar-pure-dehn-al-oud-origine-cambodge","status":"publish","type":"product","link":"https:\/\/sabilycollection.com\/fr\/produit\/huile-de-oud-cambodi-sweet-agee-2022-pure-bois-dagar-pure-dehn-al-oud-origine-cambodge\/","title":{"rendered":"Huile de Oud Cambodi Sweet \u00c2g\u00e9e 2022 Pure Bois d\u2019Agar Pure Dehn Al Oud Origine Cambodge"},"content":{"rendered":"<p>Dehn Al Oud Cambodi \u00c2g\u00e9 2022&#8230;<\/p>\n<p><strong>Cette huile de Oud si c\u00e9l\u00e8bre et si pris\u00e9e<\/strong>, nous vous la proposons chez Sabily Collection Oud afin que vous puissiez \u00e9largir votre collection d&rsquo;huile de Oud pures et profiter de ses effluves enivrantes et irr\u00e9sistibles.<\/p>\n<p><strong>Distill\u00e9e depuis 2022<\/strong>, cette huile est extraite \u00e0 partir du Oud Cambodgien, ce bois d&rsquo;Agar naturel originaire du Cambodge. Elle est de <strong>couleur brune<\/strong> et d\u00e9gage un <strong>doux parfum intense alliant des notes florales et de cuir doux<\/strong>. Tr\u00e8s riche en notes, elle vous fera d\u00e9couvrir au fur et \u00e0 mesure de nouvelles effluves, <strong>florales, sucr\u00e9es et douce<\/strong> du d\u00e9but \u00e0 la fin. Un m\u00e9lange olfactif surprenant et harmonieusement combin\u00e9.<\/p>\n<p><strong>Les huiles de Oud cambodgiennes sont g\u00e9n\u00e9ralement tr\u00e8s appr\u00e9ci\u00e9s par les amateurs de Oud pure<\/strong> et de senteurs naturelles. Les notes de ce parfum mettent tout le monde d&rsquo;accord tellement son parfum devient addictif et rev\u00eat un sentiment de bonheur et de bien-\u00eatre \u00e0 chaque fois que l&rsquo;on sent son <strong>parfum intense, riche et profond.<\/strong><\/p>\n<p>Son parfum nous rappelle les morceaux de Oud que l&rsquo;on place sur le charbon avec ses <strong>notes bois\u00e9es, magnifiquement sucr\u00e9es aux notes de miels.<\/strong> Une huile de Oud <strong>incontournable si vous aimez le Oud qui n&rsquo;est ni tr\u00e8s puissant ni trop doux<\/strong>. Il sera parfaitement adapt\u00e9 \u00e0 votre attente et \u00e0 vos d\u00e9sirs!<\/p>\n<p>Notre Oud Cambodia Sweet deviendra votre signature olfactive&#8230;<\/p>\n<p><strong>Informations:<\/strong><\/p>\n<p>Issu du bois le plus cher et le plus pr\u00e9cieux au monde, cette huile de Oud est utilis\u00e9e par les plus grandes parfumeries mondiales afin de concevoir leur parfum de luxe.<br \/>\nCe pr\u00e9cieux produit de luxe de grande valeur est obtenu \u00e0 partir de plusieurs types d\u2019arbres d\u2019Asie du sud Est, le plus connu \u00e9tant l\u2019Aquilaria Malaccensis de part sa qualit\u00e9 et sa r\u00e9sine odorante exceptionnelle.<\/p>\n<p><strong>Ses vertus:<\/strong><\/p>\n<p>Le bois d\u2019Agar est \u00e9galement consid\u00e9r\u00e9 comme un aphrodisiaque tr\u00e8s puissant. Dans beaucoup de cultures, les femmes impr\u00e9gnaient leurs v\u00eatements aussi bien qu\u2019elles-m\u00eames de son parfum. C\u2019est sous forme huileuse que le bois de oud est couramment utilis\u00e9.\u00a0 Dans le monde arabe, son huile est employ\u00e9e pour se parfumer \u00e0 m\u00eame la peau. Elle est une mati\u00e8re premi\u00e8re essentielle dans la parfumerie du Moyen-Orient. Tr\u00e8s pr\u00e9cieuse, l\u2019huile d\u00e9veloppe un ar\u00f4me envo\u00fbtant, incroyablement raffin\u00e9 \u00e0 la fois animal, brut et sophistiqu\u00e9.. Son parfum vous procurera du bien \u00eatre et dissipera votre stress. (\u0625\u0646 \u0634\u0627\u0621 \u0627\u0644\u0644\u0647)<\/p>\n<p><strong>Date de distillation<\/strong> : 2022<\/p>\n<p>Produit de bonne qualit\u00e9!<\/p>\n<p>100% No Oud naturel, aucun produit chimique, ni synth\u00e9tique dans le processus.<\/p>\n<p>Huile de Parfum pour Homme et Femme<\/p>\n<p><strong>Notes<\/strong>: Cuir, florales, sucr\u00e9es, bois\u00e9es, fruit\u00e9, prairie<\/p>\n<p><strong>Flacon de 1ml, 3ml, 6ml ou 12ml.<\/strong><\/p>\n","protected":false},"excerpt":{"rendered":"<p>Huile de Oud pure du Cambodge rev\u00eat un <strong>parfum unique et doux aux notes florales et sucr\u00e9es<\/strong> qui \u00e9volueront vers des <strong>notes fruit\u00e9s et prairies<\/strong> tout au long de votre journ\u00e9e, un parfum merveilleux et unique \u00e0 d\u00e9couvrir!<\/p>\n","protected":false},"featured_media":26016,"comment_status":"open","ping_status":"closed","template":"","meta":[],"product_brand":[],"product_cat":[251,266,264],"product_tag":[339,345],"class_list":{"0":"post-26012","1":"product","2":"type-product","3":"status-publish","4":"has-post-thumbnail","6":"product_cat-huile-de-oud-pure","7":"product_cat-huiles-de-oud-pure-single-bottle","8":"product_cat-huiles-de-oud-pure-parfums","9":"product_tag-offre-25","10":"product_tag-promotion-15","11":"pa_quantity-12ml","12":"pa_quantity-1ml","13":"pa_quantity-3ml","14":"pa_quantity-6ml","16":"first","17":"instock","18":"shipping-taxable","19":"purchasable","20":"product-type-variable"},"_links":{"self":[{"href":"https:\/\/sabilycollection.com\/fr\/wp-json\/wp\/v2\/product\/26012","targetHints":{"allow":["GET"]}}],"collection":[{"href":"https:\/\/sabilycollection.com\/fr\/wp-json\/wp\/v2\/product"}],"about":[{"href":"https:\/\/sabilycollection.com\/fr\/wp-json\/wp\/v2\/types\/product"}],"replies":[{"embeddable":true,"href":"https:\/\/sabilycollection.com\/fr\/wp-json\/wp\/v2\/comments?post=26012"}],"wp:featuredmedia":[{"embeddable":true,"href":"https:\/\/sabilycollection.com\/fr\/wp-json\/wp\/v2\/media\/26016"}],"wp:attachment":[{"href":"https:\/\/sabilycollection.com\/fr\/wp-json\/wp\/v2\/media?parent=26012"}],"wp:term":[{"taxonomy":"product_brand","embeddable":true,"href":"https:\/\/sabilycollection.com\/fr\/wp-json\/wp\/v2\/product_brand?post=26012"},{"taxonomy":"product_cat","embeddable":true,"href":"https:\/\/sabilycollection.com\/fr\/wp-json\/wp\/v2\/product_cat?post=26012"},{"taxonomy":"product_tag","embeddable":true,"href":"https:\/\/sabilycollection.com\/fr\/wp-json\/wp\/v2\/product_tag?post=26012"}],"curies":[{"name":"wp","href":"https:\/\/api.w.org\/{rel}","templated":true}]}}