{"id":26018,"date":"2022-05-08T17:37:52","date_gmt":"2022-05-08T15:37:52","guid":{"rendered":"https:\/\/sabilycollection.com\/huile-de-oud-malaisie-terengganu-agee-grade-malaki-pure-bois-dagar-dehn-al-oud-origine-malaisie\/"},"modified":"2026-01-30T10:02:04","modified_gmt":"2026-01-30T09:02:04","slug":"huile-de-oud-malaisie-terengganu-agee-grade-malaki-pure-bois-dagar-dehn-al-oud-origine-malaisie","status":"publish","type":"product","link":"https:\/\/sabilycollection.com\/fr\/produit\/huile-de-oud-malaisie-terengganu-agee-grade-malaki-pure-bois-dagar-dehn-al-oud-origine-malaisie\/","title":{"rendered":"Huile de Oud Malaisie Terengganu \u00c2g\u00e9e (Grade Malaki) Pure Bois d&rsquo;Agar Dehn Al Oud Origine Malaisie"},"content":{"rendered":"<p>Huile pure de bois d&rsquo;Agar origine Malaisie (Grade Malaki).<\/p>\n<p>Cette magnifique huile de Oud sauvage Malaisienne de couleur marron fonc\u00e9 d\u00e9bute avec des notes douces et sucr\u00e9es puis laissera appara\u00eetre au fil des heures des notes terreuses qui viendront embellir ce somptueux parfum aux notes douces et d\u00e9licieuses.<\/p>\n<p>D\u00e9gageant des effluves envo\u00fbtantes aux notes de cuirs et de chocolats noirs tr\u00e8s agr\u00e9ables, ce parfum est riche en notes qui ne cesse de s&rsquo;enrichir au fil des heures. Il vous fera d\u00e9couvrir \u00e0 chaque moment de la journ\u00e9e de nouvelles senteurs qui vous surprendront par leurs subtilit\u00e9s et leurs myst\u00e8res.<\/p>\n<p>Cette huile de Oud est d&rsquo;une grande qualit\u00e9 et d&rsquo;une longue tenue. Elle a \u00e9t\u00e9 distill\u00e9 il y a plus de 4 ans et donc c&rsquo;est une huile rare \u00e2g\u00e9 d&rsquo;exception et d&rsquo;excellente qualit\u00e9. Elle est le r\u00e9sultat d&rsquo;une parfaite combinaison entre de l&rsquo;agarwood de haute qualit\u00e9 provenant Terengganu et de Pahang.<\/p>\n<p>L&rsquo;huile de grade Malaki est de meilleur qualit\u00e9 que notre premi\u00e8re Huile de Oud Malaisienne qui ne porte pas la mention Malaki car le Oud utilis\u00e9 lors de la distillation est de meilleur qualit\u00e9.<\/p>\n<p>Elle est issue de deux types de Oud Malaisien de tr\u00e8s bonne qualit\u00e9. Les deux bois distill\u00e9s pour obtenir cette huile font partie des meilleurs bois d\u2019Agar en Malaisie, et cette combinaison l&rsquo;a rend encore plus \u00e9l\u00e9gante et plus douce avec des notes tr\u00e8s vari\u00e9s.<\/p>\n<p>N&rsquo;attendez plus, d\u00e9couvrez les secrets de cette huile myst\u00e9rieuse qui parfumera vos journ\u00e9es et vos nuits&#8230;<\/p>\n<p>Informations:<\/p>\n<p>Issu du bois le plus cher et le plus pr\u00e9cieux au monde, cette huile de Oud est utilis\u00e9e par les plus grandes parfumeries mondiales afin de concevoir leur parfum de luxe. Ce pr\u00e9cieux produit de luxe de grande valeur est obtenu \u00e0 partir de plusieurs types d&rsquo;arbres d&rsquo;Asie du sud Est, le plus connu \u00e9tant l&rsquo;Aquilaria Malaccensis de part sa qualit\u00e9 et sa r\u00e9sine odorante exceptionnelle.<\/p>\n<p>Ses vertus:<\/p>\n<p>Le bois d\u2019Agar est \u00e9galement consid\u00e9r\u00e9 comme un aphrodisiaque tr\u00e8s puissant. Dans beaucoup de cultures, les femmes impr\u00e9gnaient leurs v\u00eatements aussi bien qu\u2019elles-m\u00eames de son parfum. C\u2019est sous forme huileuse que le bois de oud est couramment utilis\u00e9. Dans le monde arabe, son huile est employ\u00e9e pour se parfumer \u00e0 m\u00eame la peau. Elle est une mati\u00e8re premi\u00e8re essentielle dans la parfumerie du Moyen-Orient. Tr\u00e8s pr\u00e9cieuse, l\u2019huile d\u00e9veloppe un ar\u00f4me envo\u00fbtant, incroyablement raffin\u00e9 \u00e0 la fois brut et sophistiqu\u00e9.. Son parfum vous procurera du bien \u00eatre et dissipera votre stress. (\u0625\u0646 \u0634\u0627\u0621 \u0627\u0644\u0644\u0647)<\/p>\n<p>Produit rare et de grande qualit\u00e9!<\/p>\n<p>Tenue longue dur\u00e9e garanti.<\/p>\n<p>Issue de Oud sauvage 100% naturel.<\/p>\n<p>Notes: Sucr\u00e9es, douces, florales, bois\u00e9es, terreuses, cuir, chocolat noir.<\/p>\n<p>Flacon luxe 12ml.<\/p>\n","protected":false},"excerpt":{"rendered":"<p>Cette huile de Oud Malaki (Royale) Malaisienne poss\u00e8de un parfum somptueux qui associe de myst\u00e9rieuses notes sucr\u00e9es, bois\u00e9es et florales. Une huile aux senteurs raffin\u00e9es, riche en ar\u00f4mes qui saura vous s\u00e9duire!<\/p>\n","protected":false},"featured_media":26024,"comment_status":"open","ping_status":"closed","template":"","meta":[],"product_brand":[],"product_cat":[251,266,264],"product_tag":[],"class_list":{"0":"post-26018","1":"product","2":"type-product","3":"status-publish","4":"has-post-thumbnail","6":"product_cat-huile-de-oud-pure","7":"product_cat-huiles-de-oud-pure-single-bottle","8":"product_cat-huiles-de-oud-pure-parfums","9":"pa_quantity-12ml","11":"first","12":"outofstock","13":"shipping-taxable","14":"purchasable","15":"product-type-variable"},"_links":{"self":[{"href":"https:\/\/sabilycollection.com\/fr\/wp-json\/wp\/v2\/product\/26018","targetHints":{"allow":["GET"]}}],"collection":[{"href":"https:\/\/sabilycollection.com\/fr\/wp-json\/wp\/v2\/product"}],"about":[{"href":"https:\/\/sabilycollection.com\/fr\/wp-json\/wp\/v2\/types\/product"}],"replies":[{"embeddable":true,"href":"https:\/\/sabilycollection.com\/fr\/wp-json\/wp\/v2\/comments?post=26018"}],"wp:featuredmedia":[{"embeddable":true,"href":"https:\/\/sabilycollection.com\/fr\/wp-json\/wp\/v2\/media\/26024"}],"wp:attachment":[{"href":"https:\/\/sabilycollection.com\/fr\/wp-json\/wp\/v2\/media?parent=26018"}],"wp:term":[{"taxonomy":"product_brand","embeddable":true,"href":"https:\/\/sabilycollection.com\/fr\/wp-json\/wp\/v2\/product_brand?post=26018"},{"taxonomy":"product_cat","embeddable":true,"href":"https:\/\/sabilycollection.com\/fr\/wp-json\/wp\/v2\/product_cat?post=26018"},{"taxonomy":"product_tag","embeddable":true,"href":"https:\/\/sabilycollection.com\/fr\/wp-json\/wp\/v2\/product_tag?post=26018"}],"curies":[{"name":"wp","href":"https:\/\/api.w.org\/{rel}","templated":true}]}}