{"id":26025,"date":"2022-07-26T17:22:49","date_gmt":"2022-07-26T15:22:49","guid":{"rendered":"https:\/\/sabilycollection.com\/huile-de-oud-bois-dagar-cambodi-sweet-agee-2013-antique-grade-dehn-al-oud-origine-cambodge\/"},"modified":"2026-02-14T16:09:01","modified_gmt":"2026-02-14T15:09:01","slug":"huile-de-oud-bois-dagar-cambodi-sweet-agee-2013-antique-grade-dehn-al-oud-origine-cambodge","status":"publish","type":"product","link":"https:\/\/sabilycollection.com\/fr\/produit\/huile-de-oud-bois-dagar-cambodi-sweet-agee-2013-antique-grade-dehn-al-oud-origine-cambodge\/","title":{"rendered":"Huile de Oud Bois d\u2019Agar Cambodi Sweet \u00c2g\u00e9e 2013 (Antique Grade) Dehn Al Oud Origine Cambodge"},"content":{"rendered":"<p>Sabily Collection a le plaisir de vous pr\u00e9senter cette beaut\u00e9 parmi les Huiles de Oud pure, une huile sauvage Cambodi de luxe raffin\u00e9e, distill\u00e9e en 2013 et conserv\u00e9 parfaitement depuis tout ce temps! Cela afin de rendre son parfum plus intense, plus durable et lui conf\u00e9rer une qualit\u00e9 exceptionnelle.<\/p>\n<p>Notre huile de Koh Kong (Cambodge) de couleur rouge\u00e2tre est extr\u00eamement rare et une qualit\u00e9 telle que celle que nous vous proposons peut \u00eatre class\u00e9 en collection vintage (ancienne collection d&rsquo;huile Cambodi). Elle provient d&rsquo;un arbre \u00e2g\u00e9 de plus de 50 ans de tr\u00e8s grande qualit\u00e9!<\/p>\n<p>Cette essence de Oud est tout simplement somptueuse et \u00e9l\u00e9gante, elle d\u00e9gage un parfum tr\u00e8s riche, bien sucr\u00e9 aux notes musqu\u00e9es et bois\u00e9es. Contrairement \u00e0 la plupart des huiles du Cambodge qui ont des caract\u00e9ristiques de prairies, de ferme d\u00e9gageant un parfum ferment\u00e9, cette huile est sp\u00e9ciale et se distingue de toutes les autres huiles de Oud Cambodi, de part ses caract\u00e9ristiques tr\u00e8s sweet qui vous accompagneront durant toute votre journ\u00e9e!<\/p>\n<p>Cette huile de Oud est incroyablement propre et n&rsquo;a aucune senteur de basse-cour. Ceci est r\u00e9alis\u00e9 en cuisant \u00e0 basse temp\u00e9rature et sans trempage.<\/p>\n<p>Cette essence de Oud est un m\u00e9lange olfactif tr\u00e8s parfum\u00e9 alliant des notes florales, fruit\u00e9es et de miel tout en gardant une certaine richesse bois\u00e9e exceptionnelle&#8230;Une huile tr\u00e8s douce et puissante \u00e0 la fois!<\/p>\n<p>L&rsquo;huile qu&rsquo;aucun amateur de kinam\/ kyara ne peut se permettre de laisser passer. Cambodi 2013 pourrait tr\u00e8s bien devenir votre nouvelle signature olfactive!<\/p>\n<p>Informations:<\/p>\n<p>Issu du bois le plus cher et le plus pr\u00e9cieux au monde, cette huile de Oud est utilis\u00e9e par les plus grandes parfumeries mondiales afin de concevoir leur parfum de luxe.<br \/>\nCe pr\u00e9cieux produit de luxe de grande valeur est obtenu \u00e0 partir de plusieurs types d\u2019arbres d\u2019Asie du sud Est, le plus connu \u00e9tant l\u2019Aquilaria Malaccensis de part sa qualit\u00e9 et sa r\u00e9sine odorante exceptionnelle.<\/p>\n<p>Ses vertus:<\/p>\n<p>Le bois d\u2019Agar est \u00e9galement consid\u00e9r\u00e9 comme un aphrodisiaque tr\u00e8s puissant. Dans beaucoup de cultures, les femmes impr\u00e9gnaient leurs v\u00eatements aussi bien qu\u2019elles-m\u00eames de son parfum. C\u2019est sous forme huileuse que le bois de oud est couramment utilis\u00e9. Dans le monde arabe, son huile est employ\u00e9e pour se parfumer \u00e0 m\u00eame la peau. Elle est une mati\u00e8re premi\u00e8re essentielle dans la parfumerie du Moyen-Orient. Tr\u00e8s pr\u00e9cieuse, l\u2019huile d\u00e9veloppe un ar\u00f4me envo\u00fbtant, incroyablement raffin\u00e9 \u00e0 la fois brut et sophistiqu\u00e9.. Son parfum vous procurera du bien \u00eatre et dissipera votre stress. (\u0625\u0646 \u0634\u0627\u0621 \u0627\u0644\u0644\u0647)<\/p>\n<p>Produit tr\u00e8s rare et ancien!<\/p>\n<p>Tr\u00e8s longue dur\u00e9e garanti.<\/p>\n<p>Age: distill\u00e9e en 2013.<\/p>\n<p>Type de Oud: Aquilaria Crassna.<\/p>\n<p>Issue de Oud sauvage 100% naturel.<\/p>\n<p>R\u00e9gion: Koh Kong (Cambodge)<\/p>\n<p>Notes: sucr\u00e9es, musqu\u00e9es, bois\u00e9es, florales, miel.<\/p>\n<p>Flacon 1ml, 3ml et 12ml.<\/p>\n<p>&nbsp;<\/p>\n<p>&nbsp;<\/p>\n<p>&nbsp;<\/p>\n","protected":false},"excerpt":{"rendered":"<p>Notre huile de Oud Cambodi \u00e2g\u00e9e doit absolument faire parti de votre collection de Dehn Al Oud! Cette essence de Oud est tout simplement exceptionnelle et parfaite.<\/p>\n<p>Une essence royale de tr\u00e8s grande qualit\u00e9 aux notes somptueuses et exquises! Un excellent parfum qui dure toute la journ\u00e9e\u2026<\/p>\n","protected":false},"featured_media":26032,"comment_status":"open","ping_status":"closed","template":"","meta":[],"product_brand":[],"product_cat":[251,266,264],"product_tag":[],"class_list":{"0":"post-26025","1":"product","2":"type-product","3":"status-publish","4":"has-post-thumbnail","6":"product_cat-huile-de-oud-pure","7":"product_cat-huiles-de-oud-pure-single-bottle","8":"product_cat-huiles-de-oud-pure-parfums","9":"pa_quantity-1ml","10":"pa_quantity-3ml","12":"first","13":"outofstock","14":"shipping-taxable","15":"purchasable","16":"product-type-variable"},"_links":{"self":[{"href":"https:\/\/sabilycollection.com\/fr\/wp-json\/wp\/v2\/product\/26025","targetHints":{"allow":["GET"]}}],"collection":[{"href":"https:\/\/sabilycollection.com\/fr\/wp-json\/wp\/v2\/product"}],"about":[{"href":"https:\/\/sabilycollection.com\/fr\/wp-json\/wp\/v2\/types\/product"}],"replies":[{"embeddable":true,"href":"https:\/\/sabilycollection.com\/fr\/wp-json\/wp\/v2\/comments?post=26025"}],"wp:featuredmedia":[{"embeddable":true,"href":"https:\/\/sabilycollection.com\/fr\/wp-json\/wp\/v2\/media\/26032"}],"wp:attachment":[{"href":"https:\/\/sabilycollection.com\/fr\/wp-json\/wp\/v2\/media?parent=26025"}],"wp:term":[{"taxonomy":"product_brand","embeddable":true,"href":"https:\/\/sabilycollection.com\/fr\/wp-json\/wp\/v2\/product_brand?post=26025"},{"taxonomy":"product_cat","embeddable":true,"href":"https:\/\/sabilycollection.com\/fr\/wp-json\/wp\/v2\/product_cat?post=26025"},{"taxonomy":"product_tag","embeddable":true,"href":"https:\/\/sabilycollection.com\/fr\/wp-json\/wp\/v2\/product_tag?post=26025"}],"curies":[{"name":"wp","href":"https:\/\/api.w.org\/{rel}","templated":true}]}}