{"id":26039,"date":"2022-08-21T20:06:18","date_gmt":"2022-08-21T18:06:18","guid":{"rendered":"https:\/\/sabilycollection.com\/oud-ile-dambon-buru-moluques-indonesie-bois-dagar-sauvage-grade-double-super\/"},"modified":"2026-02-08T06:34:21","modified_gmt":"2026-02-08T05:34:21","slug":"oud-ile-dambon-buru-moluques-indonesie-bois-dagar-sauvage-grade-double-super","status":"publish","type":"product","link":"https:\/\/sabilycollection.com\/fr\/produit\/oud-ile-dambon-buru-moluques-indonesie-bois-dagar-sauvage-grade-double-super\/","title":{"rendered":"Oud \u00eele d&rsquo;Ambon Buru (Moluques) Indon\u00e9sie Bois d\u2019Agar Sauvage Grade Double Super"},"content":{"rendered":"<p>Nous vous pr\u00e9sentons un nouveau Oud qui vient compl\u00e9ter notre collection! Le rare et pr\u00e9cieux Oud de l&rsquo;\u00eele de Buru (situ\u00e9 \u00e0 c\u00f4t\u00e9 d&rsquo;Ambon) issu de l&rsquo;archipel des Moluques.<\/p>\n<p>Comme nous le savons bien, la couleur fonc\u00e9e du Oud n&rsquo;indique pas forc\u00e9ment la qualit\u00e9 du Oud que nous avons sous la main. Beaucoup de gens pensent que plus le Oud est noir et plus la qualit\u00e9 sera excellente, ce qui n&rsquo;est pas du tout une r\u00e8gle g\u00e9n\u00e9rale&#8230;<\/p>\n<p>C&rsquo;est malheureusement la raison pour laquelle beaucoup de vendeur peignent l&rsquo;Agarwood afin de le rendre plus noir en surface et ainsi pouvoir tromper les gens facilement en leur faisant croire qu&rsquo;il est rempli d&rsquo;huile et que c&rsquo;est un agarwood de haute qualit\u00e9.<\/p>\n<p>Vous pouvez tout \u00e0 fait vous retrouvez avec un Oud de couleur noire et dont la qualit\u00e9 et l&rsquo;odeur qui en ressort ne vous plaira pas. La couleur noire ne veut pas dire que vous allez aimer \u00e0 coup s\u00fbr ou qu&rsquo;il est forc\u00e9ment charg\u00e9 en huile. Il existe de nombreux Oud de couleur brun fonc\u00e9 ou brun clair qui sont excellent et qui pr\u00e9sentent des caract\u00e9ristiques incroyables qui vous marqueront \u00e0 vie. Preuve en est avec ce Oud des Moluques, issu d&rsquo;une \u00cele perdu au milieu de la mer de Banda, ou encore avec le Oud Kynam qui a beaucoup de teinte jaune.<\/p>\n<p>Notre Oud des Moluques est un vrai tr\u00e9sor, compos\u00e9 essentiellement de petites pi\u00e8ces, il est une v\u00e9ritable d\u00e9couverte pleine de belles surprises. Chaque pi\u00e8ce d\u00e9gage un parfum floral aux notes \u00e9pic\u00e9es et bois\u00e9es. Parfois les senteurs ne se ressemblent pas d&rsquo;une pi\u00e8ce \u00e0 l&rsquo;autre, tellement son parfum est riche et vari\u00e9. Pour les amoureux des notes \u00e9pic\u00e9s c&rsquo;est un Bois d&rsquo;Agar \u00e0 poss\u00e9der et \u00e0 tester au moins une fois dans sa vie. Si vous n&rsquo;avez jamais eu l&rsquo;opportunit\u00e9 de tester le Oud de l&rsquo;\u00eele de Buru vous allez d\u00e9couvrir des senteurs diff\u00e9rentes de tout ce que vous avez d\u00e9j\u00e0 connu! Il est tellement rare et difficile \u00e0 trouver que beaucoup d&rsquo;amoureux du Bois d&rsquo;Alo\u00e8s n&rsquo;ont jamais pu le d\u00e9couvrir et en profiter!<\/p>\n<p>Issu d&rsquo;un rare type d&rsquo;arbre (Aquilaria Cumingiana), c&rsquo;est incontestablement un Oud m\u00e9morable qui apporte un somptueux parfum \u00e0 la fois doux et puissant. Lorsque vous quitter la maison le matin pour aller au travail ou pour vous distraire pendant des heures n&rsquo;oubliez pas de br\u00fbler quelques pi\u00e8ces avant de sortir car lorsque vous retournerai chez vous ce sera son parfum captivant et mystique qui vous accueillera, et quelle magnifique senteur que d\u00e9gage le Oud des Moluques&#8230;M\u00eame apr\u00e8s plusieurs fumigations nos sens ne seront jamais rassasi\u00e9s tellement cet Agarwood est agr\u00e9able et profond.<\/p>\n<p>Vous pouvez l&rsquo;utiliser sur du charbon ardent ou \u00e9galement \u00e0 basse temp\u00e9rature, aucun probl\u00e8me pour les 2 types de combustion. Privil\u00e9giez tout de m\u00eame la basse temp\u00e9rature pour profiter d&rsquo;un voyage olfactif venu d&rsquo;un autre endroit du monde&#8230;<\/p>\n<p>Conseil d\u2019utilisation pour le Oud:<\/p>\n<p>Avec notre Oud \u00e0 br\u00fbler vous allez profiter d\u2019un voyage olfactif exceptionnel qui vous offrira une exp\u00e9rience unique. Nous recommandons tr\u00e8s fortement l\u2019utilisation d\u2019une couche d\u2019aluminium sur votre charbon ardent afin de prolonger la dur\u00e9e de combustion et de vous garantir un ar\u00f4me pure et de meilleure qualit\u00e9!<\/p>\n<p>Ses vertus:<\/p>\n<p>Le bois d\u2019Agar est \u00e9galement consid\u00e9r\u00e9 comme un aphrodisiaque tr\u00e8s puissant. Dans beaucoup de cultures, les femmes impr\u00e9gnaient leurs v\u00eatements aussi bien qu\u2019elles-m\u00eames de son parfum. Utilis\u00e9 en m\u00e9decine, le bois d\u2019Agar est un rem\u00e8de pour les d\u00e9sordres nerveux tels que la n\u00e9vrose, le comportement obs\u00e9dant, et l\u2019\u00e9puisement. Il est fortement psychoactif et permet un rapprochement avec notre c\u00f4t\u00e9 spirituel. C\u2019est pourquoi, il est l\u2019encens de m\u00e9ditation par excellence, apportant l\u2019\u00e9nergie au centre et calmant l\u2019esprit. Son odeur vous procurera du bien \u00eatre et dissipera votre stress.<\/p>\n<p>On lui attribue des bienfaits contre les maux de ventre, certaines maladies cardio-vasculaires, les neuropathies, naus\u00e9es ou l\u2019asthme. Il est m\u00eame largement utilis\u00e9 par l\u2019industrie pharmaceutique car naturellement riche en terp\u00e9no\u00efdes (s\u00e9datif et anxiolytique naturel) ainsi qu\u2019en polyph\u00e9nols (antioxydant naturel). Il facilite aussi la digestion. Ses vertus m\u00e9dicinales ont \u00e9t\u00e9 prouv\u00e9es notamment pour les troubles du sommeil, le cholest\u00e9rol et bien plus encore\u2026<\/p>\n<p>Sa raret\u00e9, et ses nombreuses vertus, font donc du bois d\u2019agar un bois pr\u00e9cieux extr\u00eamement recherch\u00e9, et donc extr\u00eamement co\u00fbteux.<\/p>\n<p>Ses notes: \u00e9pic\u00e9es, florales, bois\u00e9es, sucr\u00e9es, menthe, hibiscus, magnolia, iris, chocolat<\/p>\n<p>R\u00e9gion: Archipel des Moluques (\u00cele de Buru voisine d&rsquo;Ambon)<\/p>\n<p>Type de Oud : Aquilaria Cumingiana<\/p>\n<p>Bois d\u2019Agar sauvage 100% naturel<\/p>\n<p>Grade: Double Super<\/p>\n<p>Tr\u00e8s longue tenue<\/p>\n<p>Conditionnement: 10g<\/p>\n","protected":false},"excerpt":{"rendered":"<p>Voici un pr\u00e9cieux petit bijou, le Oud d&rsquo;Ambon Buru issu de l&rsquo;archipel des Moluques en Indon\u00e9sie. Un d\u00e9lice pour les sens et un voyage olfactif garanti. Un bois d&rsquo;Agar rare hautement recommand\u00e9!<\/p>\n","protected":false},"featured_media":26040,"comment_status":"open","ping_status":"closed","template":"","meta":[],"product_brand":[],"product_cat":[263,245],"product_tag":[],"class_list":{"0":"post-26039","1":"product","2":"type-product","3":"status-publish","4":"has-post-thumbnail","6":"product_cat-lencens-oud-bois-dagar","7":"product_cat-les-encens-dexcellence","8":"pa_weight-10g","10":"first","11":"instock","12":"shipping-taxable","13":"purchasable","14":"product-type-variable"},"_links":{"self":[{"href":"https:\/\/sabilycollection.com\/fr\/wp-json\/wp\/v2\/product\/26039","targetHints":{"allow":["GET"]}}],"collection":[{"href":"https:\/\/sabilycollection.com\/fr\/wp-json\/wp\/v2\/product"}],"about":[{"href":"https:\/\/sabilycollection.com\/fr\/wp-json\/wp\/v2\/types\/product"}],"replies":[{"embeddable":true,"href":"https:\/\/sabilycollection.com\/fr\/wp-json\/wp\/v2\/comments?post=26039"}],"wp:featuredmedia":[{"embeddable":true,"href":"https:\/\/sabilycollection.com\/fr\/wp-json\/wp\/v2\/media\/26040"}],"wp:attachment":[{"href":"https:\/\/sabilycollection.com\/fr\/wp-json\/wp\/v2\/media?parent=26039"}],"wp:term":[{"taxonomy":"product_brand","embeddable":true,"href":"https:\/\/sabilycollection.com\/fr\/wp-json\/wp\/v2\/product_brand?post=26039"},{"taxonomy":"product_cat","embeddable":true,"href":"https:\/\/sabilycollection.com\/fr\/wp-json\/wp\/v2\/product_cat?post=26039"},{"taxonomy":"product_tag","embeddable":true,"href":"https:\/\/sabilycollection.com\/fr\/wp-json\/wp\/v2\/product_tag?post=26039"}],"curies":[{"name":"wp","href":"https:\/\/api.w.org\/{rel}","templated":true}]}}