{"id":26042,"date":"2022-09-09T17:12:26","date_gmt":"2022-09-09T15:12:26","guid":{"rendered":"https:\/\/sabilycollection.com\/huile-de-oud-hindi-suyufi-agee-2023-bois-dagar-pure-dehn-al-oud-origine-inde\/"},"modified":"2026-02-18T16:56:33","modified_gmt":"2026-02-18T15:56:33","slug":"huile-de-oud-hindi-suyufi-agee-2023-bois-dagar-pure-dehn-al-oud-origine-inde","status":"publish","type":"product","link":"https:\/\/sabilycollection.com\/fr\/produit\/huile-de-oud-hindi-suyufi-agee-2023-bois-dagar-pure-dehn-al-oud-origine-inde\/","title":{"rendered":"Huile de Oud Hindi Suyufi \u00c2g\u00e9e 2023 Bois d\u2019Agar Pure Dehn Al Oud Origine Inde"},"content":{"rendered":"<p style=\"text-align: left;\">La magnifique combinaison de la nature et du savoir faire artisanal travaillant main dans la main!<\/p>\n<p>De la riche texture \u00e0 l&rsquo;ar\u00f4me hypnotisant, chaque aspect de cette Huile de Oud repr\u00e9sente la qualit\u00e9 et la classe.<\/p>\n<p>Cette magnifique huile de Oud sauvage Hindi Suyufi a \u00e9t\u00e9 distill\u00e9e \u00e0 la perfection et provient de la r\u00e9gion d\u2019Assam, dans le Nord-Est de l\u2019Inde.<\/p>\n<p>L\u2019huile de Oud d&rsquo;Inde est douce et chaleureuse et se distingue par son odeur imposante et bois\u00e9e, pour se d\u00e9velopper plus tard et m\u00fbrir avec une odeur de bois, d\u2019arbres, de for\u00eats tropicales, de r\u00e9sines et d\u2019\u00e9pices profond\u00e9ment entrelac\u00e9es les uns dans les autres et vous emm\u00e8ne dans un monde ancien et diff\u00e9rent. A cela s&rsquo;ajoute des notes d\u00e9licieuses de cuir qui viendront embellir encore plus ce somptueux parfum pure et rare. On dit souvent que l&rsquo;amour pour l&rsquo;huile de Oud d&rsquo;Inde est un go\u00fbt acquis.<\/p>\n<p>Cette excellente essence de Oud est puissante, \u00e9l\u00e9gante, tr\u00e8s parfum\u00e9 et dure de longue heure en d\u00e9voilant ses notes profondes et riches&#8230;<br \/>\nUn vrai tr\u00e9sor de parfumerie aux notes exquises et royales.<\/p>\n<p>Une Huile de Oud \u00e9l\u00e9gante qui vous accompagnera du matin au soir et qui deviendra rapidement indispensable dans votre quotidien&#8230;<\/p>\n<p>Hautement recommand\u00e9 !<\/p>\n<p>Informations:<\/p>\n<p>Issu du bois le plus cher et le plus pr\u00e9cieux au monde, cette huile de Oud est utilis\u00e9e par les plus grandes parfumeries mondiales afin de concevoir leur parfum de luxe.<br \/>\nCe pr\u00e9cieux produit de luxe de grande valeur est obtenu \u00e0 partir de plusieurs types d\u2019arbres d\u2019Asie du sud Est, le plus connu \u00e9tant l\u2019Aquilaria Malaccensis de part sa qualit\u00e9 et sa r\u00e9sine odorante exceptionnelle.<\/p>\n<p>Ses vertus:<\/p>\n<p>Le bois d\u2019Agar est \u00e9galement consid\u00e9r\u00e9 comme un aphrodisiaque tr\u00e8s puissant. Dans beaucoup de cultures, les femmes impr\u00e9gnaient leurs v\u00eatements aussi bien qu\u2019elles-m\u00eames de son parfum. C\u2019est sous forme huileuse que le bois de oud est couramment utilis\u00e9. Dans le monde arabe, son huile est employ\u00e9e pour se parfumer \u00e0 m\u00eame la peau. Elle est une mati\u00e8re premi\u00e8re essentielle dans la parfumerie du Moyen-Orient. Tr\u00e8s pr\u00e9cieuse, l\u2019huile d\u00e9veloppe un ar\u00f4me envo\u00fbtant, incroyablement raffin\u00e9 \u00e0 la fois brut et sophistiqu\u00e9.. Son parfum vous procurera du bien \u00eatre et dissipera votre stress. (\u0625\u0646 \u0634\u0627\u0621 \u0627\u0644\u0644\u0647)<\/p>\n<p>Produit d\u2019excellente qualit\u00e9!<\/p>\n<p>Tenue longue dur\u00e9e garanti<\/p>\n<p>Issue de Oud sauvage 100% naturel<\/p>\n<p>Distill\u00e9e en 2023<\/p>\n<p>Notes: Cuir, bois\u00e9e, for\u00eats tropicales, \u00e9pic\u00e9es, basse-cour (l\u00e9g\u00e8rement)<\/p>\n<p>Flacon luxe 1ml, 3ml, 6ml ou 12ml<\/p>\n","protected":false},"excerpt":{"rendered":"<p>Une incontournable dans la collection des Dehn Al Oud pure! Nous avons le plaisir de vous proposer la c\u00e9l\u00e8bre huile de Oud Hindi Suyufi (Assam).<\/p>\n<p>Une essence royale de haute qualit\u00e9 aux notes puissantes et exquises! Un excellent parfum durable qui vous ravira&#8230;<\/p>\n","protected":false},"featured_media":27783,"comment_status":"open","ping_status":"closed","template":"","meta":[],"product_brand":[],"product_cat":[251,266,264],"product_tag":[338],"class_list":{"0":"post-26042","1":"product","2":"type-product","3":"status-publish","4":"has-post-thumbnail","6":"product_cat-huile-de-oud-pure","7":"product_cat-huiles-de-oud-pure-single-bottle","8":"product_cat-huiles-de-oud-pure-parfums","9":"product_tag-promo-15","10":"pa_quantity-12ml","11":"pa_quantity-1ml","12":"pa_quantity-3ml","13":"pa_quantity-6ml","15":"first","16":"instock","17":"shipping-taxable","18":"purchasable","19":"product-type-variable"},"_links":{"self":[{"href":"https:\/\/sabilycollection.com\/fr\/wp-json\/wp\/v2\/product\/26042","targetHints":{"allow":["GET"]}}],"collection":[{"href":"https:\/\/sabilycollection.com\/fr\/wp-json\/wp\/v2\/product"}],"about":[{"href":"https:\/\/sabilycollection.com\/fr\/wp-json\/wp\/v2\/types\/product"}],"replies":[{"embeddable":true,"href":"https:\/\/sabilycollection.com\/fr\/wp-json\/wp\/v2\/comments?post=26042"}],"wp:featuredmedia":[{"embeddable":true,"href":"https:\/\/sabilycollection.com\/fr\/wp-json\/wp\/v2\/media\/27783"}],"wp:attachment":[{"href":"https:\/\/sabilycollection.com\/fr\/wp-json\/wp\/v2\/media?parent=26042"}],"wp:term":[{"taxonomy":"product_brand","embeddable":true,"href":"https:\/\/sabilycollection.com\/fr\/wp-json\/wp\/v2\/product_brand?post=26042"},{"taxonomy":"product_cat","embeddable":true,"href":"https:\/\/sabilycollection.com\/fr\/wp-json\/wp\/v2\/product_cat?post=26042"},{"taxonomy":"product_tag","embeddable":true,"href":"https:\/\/sabilycollection.com\/fr\/wp-json\/wp\/v2\/product_tag?post=26042"}],"curies":[{"name":"wp","href":"https:\/\/api.w.org\/{rel}","templated":true}]}}