{"id":26052,"date":"2022-12-09T18:15:24","date_gmt":"2022-12-09T17:15:24","guid":{"rendered":"https:\/\/sabilycollection.com\/oud-sumbawa-bois-dagar-sauvage-grade-double-super-indonesie\/"},"modified":"2026-02-22T17:05:30","modified_gmt":"2026-02-22T16:05:30","slug":"oud-sumbawa-bois-dagar-sauvage-grade-double-super-indonesie","status":"publish","type":"product","link":"https:\/\/sabilycollection.com\/fr\/produit\/oud-sumbawa-bois-dagar-sauvage-grade-double-super-indonesie\/","title":{"rendered":"Oud Sumbawa Bois d\u2019Agar Sauvage Grade Double Super Indon\u00e9sie"},"content":{"rendered":"<p>Ce Oud sauvage est issu d\u2019un arbre \u00e2g\u00e9 de qualit\u00e9, tout droit sorti des for\u00eats tropicales de l\u2019\u00eele de Sumbawa situ\u00e9 dans le c\u0153ur de l&rsquo;Indon\u00e9sie.<\/p>\n<p>Le Oud de Sumbawa provient de l\u2019esp\u00e8ce <strong>Gyrinops<\/strong>. Il est diff\u00e9rent des esp\u00e8ces <strong>Aquilaria<\/strong> que l\u2019on trouve \u00e0 Sumatra ou \u00e0 Kalimantan.<\/p>\n<p>Le <strong>Gyrinops de Sumbawa<\/strong> est r\u00e9put\u00e9 pour produire un bois d\u2019agar au profil aromatique <strong>l\u00e9ger, doux et suave<\/strong>, d\u00e9voilant souvent des notes <strong>miell\u00e9es, florales et r\u00e9sineuses<\/strong>.<\/p>\n<p><strong>Le prestigieux Oud de Sumbawa n&rsquo;est connu que des sp\u00e9cialistes des amateurs de Ouds<\/strong>, un Oud ayant des similitudes avec le Oud Cambodgien de part ses notes sucr\u00e9es qui en fait donc un Oud tr\u00e8s recherch\u00e9 du fait de ses caract\u00e9ristiques uniques pour un <strong>Oud Indon\u00e9sien proche de son voisin Cambodgien.<\/strong><\/p>\n<p>Cet excellent Oud au grade Double Super apportera \u00e0 vos demeures et vos habits un doux parfum aux <strong>notes bois\u00e9es et sucr\u00e9es<\/strong> qui durent longtemps et se r\u00e9pandent ais\u00e9ment dans toutes les pi\u00e8ces de la maison.<\/p>\n<p>De part la qualit\u00e9 et l\u2019\u00e2ge de la r\u00e9sine il d\u00e9gage un <strong>d\u00e9licieux parfum doux et profond aux notes de menthe et de miel<\/strong> qui vous transportera dans les for\u00eats sauvages de la fameuse \u00eele de Sumbawa&#8230;<\/p>\n<p><strong>Pour ceux qui aiment les odeurs sucr\u00e9es, bois\u00e9es et fortes, ce Oud est id\u00e9al, il a une tr\u00e8s bonne tenue<\/strong>, son odeur est exceptionnel et tr\u00e8s recherch\u00e9 par les amoureux du Oud sauvage car il est rare de le trouver contrairement aux autres Oud d&rsquo;Indon\u00e9sie.<\/p>\n<p>Id\u00e9al pour parfumer sa demeure avant de recevoir ses invit\u00e9s, pour les grands \u00e9v\u00e8nements comme les f\u00eates et les mariages ou tout simplement pour passer un bon moment de d\u00e9tente.<\/p>\n<p dir=\"ltr\"><strong>Conseil d&rsquo;utilisation pour le Oud :<\/strong><\/p>\n<p dir=\"ltr\">Avec notre Oud \u00e0 br\u00fbler vous allez profiter d&rsquo;un voyage olfactif exceptionnel qui vous offrira une exp\u00e9rience unique. Nous recommandons tr\u00e8s fortement l&rsquo;utilisation d&rsquo;une couche d&rsquo;aluminium sur votre charbon ardent afin de prolonger la dur\u00e9e de combustion et de vous garantir un ar\u00f4me pure et de meilleure qualit\u00e9!<\/p>\n<p><strong>Ses vertus :<\/strong><\/p>\n<p>Le bois d\u2019Agar est \u00e9galement consid\u00e9r\u00e9 comme un aphrodisiaque tr\u00e8s puissant. Dans beaucoup de cultures, les femmes impr\u00e9gnaient leurs v\u00eatements aussi bien qu\u2019elles-m\u00eames de son parfum. Utilis\u00e9 en m\u00e9decine, le bois d\u2019Agar est un rem\u00e8de pour les d\u00e9sordres nerveux tels que la n\u00e9vrose, le comportement obs\u00e9dant, et l\u2019\u00e9puisement. Il est fortement psychoactif et permet un rapprochement avec notre c\u00f4t\u00e9 spirituel. C\u2019est pourquoi, il est l\u2019encens de m\u00e9ditation par excellence, apportant l\u2019\u00e9nergie au centre et calmant l\u2019esprit. Son odeur vous procurera du bien \u00eatre et dissipera votre stress.<\/p>\n<p>On lui attribue des bienfaits contre les maux de ventre, certaines maladies cardio-vasculaires, les neuropathies, naus\u00e9es ou l\u2019asthme. Il est m\u00eame largement utilis\u00e9 par l\u2019industrie pharmaceutique car naturellement riche en terp\u00e9no\u00efdes (s\u00e9datif et anxiolytique naturel) ainsi qu\u2019en polyph\u00e9nols (antioxydant naturel). Il facilite aussi la digestion. Ses vertus m\u00e9dicinales ont \u00e9t\u00e9 prouv\u00e9es notamment pour les troubles du sommeil, le cholest\u00e9rol et bien plus encore\u2026<\/p>\n<p>Sa raret\u00e9, et ses nombreuses vertus, font donc du bois d\u2019agar un bois pr\u00e9cieux extr\u00eamement recherch\u00e9, et donc extr\u00eamement co\u00fbteux.<\/p>\n<p><strong>Ses notes :<\/strong>\u00a0 Menthes, bois\u00e9es, sucr\u00e9es, miels, fum\u00e9es<\/p>\n<p><strong>Type de Oud :<\/strong> Aquilaria Malaccensis<\/p>\n<p>N\u2019h\u00e9sitez plus\u2026 Laissez vous emporter.<\/p>\n<p>Bois d\u2019Agar sauvage 100% naturel<\/p>\n<p><strong>Grade :<\/strong> Double Super<\/p>\n<p>Tr\u00e8s bonne tenue<\/p>\n<p><strong>Conditionnement :<\/strong> 10g, 20g, 50g<\/p>\n","protected":false},"excerpt":{"rendered":"<p>Le fameux Oud Sumbawa, <strong>un Oud aux notes gourmandes de menthes et de miels<\/strong> qui parfumera votre maison \u00e0 merveille!<\/p>\n","protected":false},"featured_media":26054,"comment_status":"open","ping_status":"closed","template":"","meta":[],"product_brand":[],"product_cat":[263,245],"product_tag":[338],"class_list":{"0":"post-26052","1":"product","2":"type-product","3":"status-publish","4":"has-post-thumbnail","6":"product_cat-lencens-oud-bois-dagar","7":"product_cat-les-encens-dexcellence","8":"product_tag-promo-15","9":"pa_weight-10g","10":"pa_weight-20g","11":"pa_weight-50g","13":"first","14":"instock","15":"shipping-taxable","16":"purchasable","17":"product-type-variable"},"_links":{"self":[{"href":"https:\/\/sabilycollection.com\/fr\/wp-json\/wp\/v2\/product\/26052","targetHints":{"allow":["GET"]}}],"collection":[{"href":"https:\/\/sabilycollection.com\/fr\/wp-json\/wp\/v2\/product"}],"about":[{"href":"https:\/\/sabilycollection.com\/fr\/wp-json\/wp\/v2\/types\/product"}],"replies":[{"embeddable":true,"href":"https:\/\/sabilycollection.com\/fr\/wp-json\/wp\/v2\/comments?post=26052"}],"wp:featuredmedia":[{"embeddable":true,"href":"https:\/\/sabilycollection.com\/fr\/wp-json\/wp\/v2\/media\/26054"}],"wp:attachment":[{"href":"https:\/\/sabilycollection.com\/fr\/wp-json\/wp\/v2\/media?parent=26052"}],"wp:term":[{"taxonomy":"product_brand","embeddable":true,"href":"https:\/\/sabilycollection.com\/fr\/wp-json\/wp\/v2\/product_brand?post=26052"},{"taxonomy":"product_cat","embeddable":true,"href":"https:\/\/sabilycollection.com\/fr\/wp-json\/wp\/v2\/product_cat?post=26052"},{"taxonomy":"product_tag","embeddable":true,"href":"https:\/\/sabilycollection.com\/fr\/wp-json\/wp\/v2\/product_tag?post=26052"}],"curies":[{"name":"wp","href":"https:\/\/api.w.org\/{rel}","templated":true}]}}