{"id":26056,"date":"2023-02-10T11:03:31","date_gmt":"2023-02-10T10:03:31","guid":{"rendered":"https:\/\/sabilycollection.com\/huile-de-oud-hindi-assam-2022-grade-malaki-bois-dagar-pure-hindi-dehn-al-oud-origine-inde\/"},"modified":"2026-03-22T10:30:26","modified_gmt":"2026-03-22T09:30:26","slug":"huile-de-oud-hindi-assam-2022-grade-malaki-bois-dagar-pure-hindi-dehn-al-oud-origine-inde","status":"publish","type":"product","link":"https:\/\/sabilycollection.com\/fr\/produit\/huile-de-oud-hindi-assam-2022-grade-malaki-bois-dagar-pure-hindi-dehn-al-oud-origine-inde\/","title":{"rendered":"Huile de Oud Hindi Assam 2022 (Grade Malaki) Bois d&rsquo;Agar Pure Hindi Dehn al Oud Origine Inde"},"content":{"rendered":"<p><strong>L\u2019huile de Oud d\u2019Inde est en g\u00e9n\u00e9rale douce et chaleureuse et se distingue par son odeur imposante et bois\u00e9e, pour se d\u00e9velopper plus tard et m\u00fbrir avec une odeur de bois, d\u2019arbres, de for\u00eats tropicales, de r\u00e9sines et d\u2019\u00e9pices profond\u00e9ment entrelac\u00e9es les unes dans les autres et vous emm\u00e8ne dans un monde ancien et diff\u00e9rent. <\/strong><\/p>\n<p>En note de t\u00eate la plupart des Dehn Al Oud ou Huile de Oud provenant de l&rsquo;Inde sentent la campagne mais \u00e0 des degr\u00e9s diff\u00e9rents, certaines sont tr\u00e8s prononc\u00e9es d&rsquo;autres beaucoup plus l\u00e9g\u00e8rement. A cela s\u2019ajoute des notes d\u00e9licieuses de cuir qui viendront embellir encore plus ce somptueux parfum pure et rare. On dit souvent que l\u2019amour pour l\u2019huile de Oud d\u2019Inde est un go\u00fbt acquis.<\/p>\n<p><strong>En ce qui concerne notre Hindi Royal issue du Oud sauvage de la r\u00e9gion d&rsquo;Assam dans le Nord-Est de l&rsquo;Inde, elle fut distill\u00e9e en Janvier 2022 en utilisant un mat\u00e9riel de tr\u00e8s grande qualit\u00e9.<\/strong> Elle repr\u00e9sente la classe et la qualit\u00e9 pure distill\u00e9e \u00e0 la perfection, elle est un pur bijou de la parfumerie, un joyau cach\u00e9 et un plaisir olfactif qui r\u00e9jouis le c\u0153ur, \u00e9veille les sens et apaise l&rsquo;\u00e2me durant de longues heures en <strong>laissant un sentiment d&rsquo;apaisement et de bien-\u00eatre.<\/strong><\/p>\n<p>Chaque aspect de cette huile de Oud repr\u00e9sente parfaitement le niveau sup\u00e9rieur des Ouds indiens. Ses notes sont tout simplement somptueuses, un puissant cocktail qui s\u2019adoucit au fil des heures, <strong>m\u00e9lange de fruits secs, de fleurs sauvages et d\u2019\u00e9pices, tout en conservant ses profondes notes bois\u00e9es et cuir\u00e9es<\/strong> qui vous transportent dans un monde myst\u00e9rieux qui ne cesse d\u2019impressionner. <strong>Elle s\u2019ouvre sur une note cuir\u00e9e, \u00e9volue avec une l\u00e9g\u00e8re acidit\u00e9 rappelant celle des baies, pour finalement se transformer en un doux \u00e9lixir.<\/strong> Ce Oud est assez animalique avec ses notes animales durant la premi\u00e8re heure, puis <strong>devient \u00e9pic\u00e9 et sucr\u00e9 tout en gardant un l\u00e9ger ressenti animal, tout au long de son \u00e9volution.<\/strong><\/p>\n<p>Une Huile de Oud \u00e9l\u00e9gante qui vous accompagnera du matin au soir et qui deviendra rapidement indispensable dans votre quotidien\u2026<\/p>\n<p><strong>Hautement recommand\u00e9 !<\/strong><\/p>\n<p><strong>Informations :<\/strong><\/p>\n<p>Issu du bois le plus cher et le plus pr\u00e9cieux au monde, cette huile de Oud est utilis\u00e9e par les plus grandes parfumeries mondiales afin de concevoir leur parfum de luxe.<\/p>\n<p>Ce pr\u00e9cieux produit de luxe de grande valeur est obtenu \u00e0 partir de plusieurs types d\u2019arbres d\u2019Asie du sud Est, le plus connu \u00e9tant l\u2019Aquilaria Malaccensis de part sa qualit\u00e9 et sa r\u00e9sine odorante exceptionnelle.<\/p>\n<p><strong>Ses vertus :<\/strong><\/p>\n<p>Le bois d\u2019Agar est \u00e9galement consid\u00e9r\u00e9 comme un aphrodisiaque tr\u00e8s puissant. Dans beaucoup de cultures, les femmes impr\u00e9gnaient leurs v\u00eatements aussi bien qu\u2019elles-m\u00eames de son parfum. C\u2019est sous forme huileuse que le bois de oud est couramment utilis\u00e9. Dans le monde arabe, son huile est employ\u00e9e pour se parfumer \u00e0 m\u00eame la peau. Elle est une mati\u00e8re premi\u00e8re essentielle dans la parfumerie du Moyen-Orient. Tr\u00e8s pr\u00e9cieuse, l\u2019huile d\u00e9veloppe un ar\u00f4me envo\u00fbtant, incroyablement raffin\u00e9 \u00e0 la fois brut et sophistiqu\u00e9.. Son parfum vous procurera du bien \u00eatre et dissipera votre stress. (\u0625\u0646 \u0634\u0627\u0621 \u0627\u0644\u0644\u0647)<\/p>\n<p><strong>Produit d\u2019excellente qualit\u00e9 !<\/strong><\/p>\n<p><strong>Date de distillation :<\/strong> Janvier 2022<\/p>\n<p>Tenue longue dur\u00e9e garanti<\/p>\n<p>Issue de Oud sauvage 100% naturel<\/p>\n<p><strong>Notes :<\/strong>\u00a0Cuir, ar\u00f4me fruit\u00e9 bois\u00e9, for\u00eats tropicales, \u00e9pic\u00e9es, fruits secs, basse-cour, baies<\/p>\n<p><strong>Flacon :<\/strong> 1ml, 3ml, 6ml ou 12ml<\/p>\n","protected":false},"excerpt":{"rendered":"<p><strong>Nous avons le plaisir de vous proposer cette magnifique huile de Oud Hindi (grade Malaki) provenant de la r\u00e9gion d\u2019Assam en Inde.<\/strong><\/p>\n<p>Une merveilleuse huile de Oud Hindi \u00e0 ajouter les yeux ferm\u00e9s \u00e0 votre collection d\u2019huiles d\u2019agarwood pure. Un parfum qui vous fera voyager en Inde sans m\u00eame y avoir pos\u00e9 le pied. <strong>Un Oud \u00e0 la fois \u00e9l\u00e9gant, puissant et doux, totalement irr\u00e9sistible !<\/strong><\/p>\n<p><strong>Plaisir, calme et joie garantis&#8230;<\/strong><\/p>\n","protected":false},"featured_media":26058,"comment_status":"open","ping_status":"closed","template":"","meta":[],"product_brand":[],"product_cat":[251,266,264],"product_tag":[338],"class_list":{"0":"post-26056","1":"product","2":"type-product","3":"status-publish","4":"has-post-thumbnail","6":"product_cat-huile-de-oud-pure","7":"product_cat-huiles-de-oud-pure-single-bottle","8":"product_cat-huiles-de-oud-pure-parfums","9":"product_tag-promo-15","10":"pa_quantity-12ml","11":"pa_quantity-1ml","12":"pa_quantity-3ml","13":"pa_quantity-6ml","15":"first","16":"instock","17":"featured","18":"shipping-taxable","19":"purchasable","20":"product-type-variable"},"_links":{"self":[{"href":"https:\/\/sabilycollection.com\/fr\/wp-json\/wp\/v2\/product\/26056","targetHints":{"allow":["GET"]}}],"collection":[{"href":"https:\/\/sabilycollection.com\/fr\/wp-json\/wp\/v2\/product"}],"about":[{"href":"https:\/\/sabilycollection.com\/fr\/wp-json\/wp\/v2\/types\/product"}],"replies":[{"embeddable":true,"href":"https:\/\/sabilycollection.com\/fr\/wp-json\/wp\/v2\/comments?post=26056"}],"wp:featuredmedia":[{"embeddable":true,"href":"https:\/\/sabilycollection.com\/fr\/wp-json\/wp\/v2\/media\/26058"}],"wp:attachment":[{"href":"https:\/\/sabilycollection.com\/fr\/wp-json\/wp\/v2\/media?parent=26056"}],"wp:term":[{"taxonomy":"product_brand","embeddable":true,"href":"https:\/\/sabilycollection.com\/fr\/wp-json\/wp\/v2\/product_brand?post=26056"},{"taxonomy":"product_cat","embeddable":true,"href":"https:\/\/sabilycollection.com\/fr\/wp-json\/wp\/v2\/product_cat?post=26056"},{"taxonomy":"product_tag","embeddable":true,"href":"https:\/\/sabilycollection.com\/fr\/wp-json\/wp\/v2\/product_tag?post=26056"}],"curies":[{"name":"wp","href":"https:\/\/api.w.org\/{rel}","templated":true}]}}