{"id":26060,"date":"2023-02-14T11:35:20","date_gmt":"2023-02-14T10:35:20","guid":{"rendered":"https:\/\/sabilycollection.com\/huile-de-oud-trat-antique-agee-2019-bois-dagar-pure-dehn-al-oud-origine-thailande\/"},"modified":"2026-03-12T10:55:28","modified_gmt":"2026-03-12T09:55:28","slug":"huile-de-oud-trat-antique-agee-2019-bois-dagar-pure-dehn-al-oud-origine-thailande","status":"publish","type":"product","link":"https:\/\/sabilycollection.com\/fr\/produit\/huile-de-oud-trat-antique-agee-2019-bois-dagar-pure-dehn-al-oud-origine-thailande\/","title":{"rendered":"Huile de Oud Trat Antique \u00c2g\u00e9e (2019) Bois d\u2019Agar Pure Dehn al Oud Origine Tha\u00eflande"},"content":{"rendered":"<p>Nous avons le plaisir de vous pr\u00e9sentez cette Huile de Oud Trat \u00e2g\u00e9e. <strong>Cette magnifique huile de tr\u00e8s longue dur\u00e9e a \u00e9t\u00e9 distill\u00e9e avec soin en 2019 en utilisant un bois d&rsquo;Agar sauvage de tr\u00e8s grande qualit\u00e9 provenant des jungles frontali\u00e8res du Cambodge<\/strong> connue pour son excellent bois de Oud aux notes sucr\u00e9es et florales.<\/p>\n<p><strong>Notre Trat Antique a \u00e9t\u00e9 distill\u00e9e avec un bois d&rsquo;Agar de meilleur qualit\u00e9 que celui de notre Trat Malaki,<\/strong> cela lui apporte une odeur plus prononc\u00e9e avec des <strong>notes fruit\u00e9es et florales qui durent des heures<\/strong> et qui vous propulsent directement dans un monde po\u00e9tique o\u00f9 l&rsquo;on se sent envahi d&rsquo;un bien-\u00eatre et d&rsquo;un apaisement qui vous donnera le sentiment d&rsquo;\u00eatre en plein c\u0153ur d&rsquo;une for\u00eat tropicale o\u00f9 les senteurs des fleurs et de la nature sauvage s&rsquo;entrem\u00ealent magnifiquement!<\/p>\n<p>Cette essence est un tr\u00e9sor de parfumerie, un parfum exceptionnel, intense et durable. <strong>Cette huile de Oud a \u00e9t\u00e9 conserv\u00e9 7 ans (distill\u00e9e en 2019) apr\u00e8s sa distillation<\/strong>, ce qui vous garanti une excellente exp\u00e9rience et un parfum digne des princes du Moyen-Orient&#8230;<\/p>\n<p><strong>De couleur brun fonc\u00e9 elle d\u00e9gage une odeur suave, profonde et tr\u00e8s agr\u00e9able<\/strong>. Au fil des heures elle vous d\u00e9voilera <strong>ses tons<\/strong> <strong>sucr\u00e9s, bois\u00e9s, ayant des notes de cuir, de fleurs de lilas et terminant sur des notes douces et florales<\/strong> venant caresser vos sens, parfois difficile \u00e0 d\u00e9crire tellement le parfum qui s\u2019en d\u00e9gage est riche!<\/p>\n<p>Bien qu&rsquo;ayant \u00e9tait distill\u00e9e \u00e0 partir d&rsquo;un Oud sauvage frontalier au Cambodge, <strong>notre Trat Antique ne comporte pas de notes de Basse-cour, mais se caract\u00e9rise essentiellement par des notes fruit\u00e9es, bois\u00e9es, et florales du d\u00e9but \u00e0 la fin.<\/strong> L&rsquo;huile n&rsquo;est ni trop douce ni trop forte, elle s&rsquo;adaptera donc facilement \u00e0 tout les types de pr\u00e9f\u00e9rences et \u00e0 tout les amoureux de pure Oud \u00e0 la recherche de senteurs riches et profondes.<\/p>\n<p>Pour les amoureux de Oud Tha\u00eflandais et de senteurs sucr\u00e9es et florales, cette merveille de la nature doit absolument figurer dans votre collection de Oud!<\/p>\n<p><strong>Hautement recommand\u00e9 !<\/strong><\/p>\n<p><strong>Informations :<\/strong><\/p>\n<p>Issu du bois le plus cher et le plus pr\u00e9cieux au monde, cette huile de Oud est utilis\u00e9e par les plus grandes parfumeries mondiales afin de concevoir leur parfum de luxe.<\/p>\n<p>Ce pr\u00e9cieux produit de luxe de grande valeur est obtenu \u00e0 partir de plusieurs types d\u2019arbres d\u2019Asie du sud Est, le plus connu \u00e9tant l\u2019Aquilaria Malaccensis de part sa qualit\u00e9 et sa r\u00e9sine odorante exceptionnelle.<\/p>\n<p><strong>Ses vertus :<\/strong><\/p>\n<p>Le bois d\u2019Agar est \u00e9galement consid\u00e9r\u00e9 comme un aphrodisiaque tr\u00e8s puissant. Dans beaucoup de cultures, les femmes impr\u00e9gnaient leurs v\u00eatements aussi bien qu\u2019elles-m\u00eames de son parfum. C\u2019est sous forme huileuse que le bois de oud est couramment utilis\u00e9. Dans le monde arabe, son huile est employ\u00e9e pour se parfumer \u00e0 m\u00eame la peau. Elle est une mati\u00e8re premi\u00e8re essentielle dans la parfumerie du Moyen-Orient. Tr\u00e8s pr\u00e9cieuse, l\u2019huile d\u00e9veloppe un ar\u00f4me envo\u00fbtant, incroyablement raffin\u00e9 \u00e0 la fois brut et sophistiqu\u00e9.. Son parfum vous procurera du bien \u00eatre et dissipera votre stress. (\u0625\u0646 \u0634\u0627\u0621 \u0627\u0644\u0644\u0647)<\/p>\n<p><strong>Produit d\u2019excellente qualit\u00e9 !<\/strong><\/p>\n<p>Grade Antique (meilleur qualit\u00e9 que le grade Malaki)<\/p>\n<p>Distill\u00e9e en 2019 dans la r\u00e9gion de Trat en Tha\u00eflande.<\/p>\n<p>Tenue longue dur\u00e9e garanti.<\/p>\n<p>Issue de Oud sauvage 100% naturel.<\/p>\n<p><strong>Type de Oud :<\/strong> Aquilaria Crassna<\/p>\n<p>Unisex (pour homme et femme)<\/p>\n<p><strong>Notes :<\/strong> Cuir, sucr\u00e9es, bois\u00e9es, florales, douces, fleurs de lilas<\/p>\n<p><strong>Flacon :<\/strong> 1ml, 3ml, 6ml, 12ml<\/p>\n","protected":false},"excerpt":{"rendered":"<p><strong>Commen\u00e7ant par des notes fruit\u00e9es et magnifiquement bois\u00e9es,<\/strong> notre huile \u00e2g\u00e9e de Trat m\u00fbrit d\u00e9licieusement en une <strong>base tropicale douce<\/strong> garantie pour s&rsquo;adapter \u00e0 presque toutes les humeurs et occasions.<\/p>\n<p><strong>Une huile de Oud de grande qualit\u00e9 \u00e0 avoir absolument dans sa collection de pur Oud!<\/strong><\/p>\n","protected":false},"featured_media":26063,"comment_status":"open","ping_status":"closed","template":"","meta":[],"product_brand":[],"product_cat":[251,266,264],"product_tag":[],"class_list":{"0":"post-26060","1":"product","2":"type-product","3":"status-publish","4":"has-post-thumbnail","6":"product_cat-huile-de-oud-pure","7":"product_cat-huiles-de-oud-pure-single-bottle","8":"product_cat-huiles-de-oud-pure-parfums","9":"pa_quantity-12ml","10":"pa_quantity-1ml","11":"pa_quantity-3ml","12":"pa_quantity-6ml","14":"first","15":"instock","16":"shipping-taxable","17":"purchasable","18":"product-type-variable"},"_links":{"self":[{"href":"https:\/\/sabilycollection.com\/fr\/wp-json\/wp\/v2\/product\/26060","targetHints":{"allow":["GET"]}}],"collection":[{"href":"https:\/\/sabilycollection.com\/fr\/wp-json\/wp\/v2\/product"}],"about":[{"href":"https:\/\/sabilycollection.com\/fr\/wp-json\/wp\/v2\/types\/product"}],"replies":[{"embeddable":true,"href":"https:\/\/sabilycollection.com\/fr\/wp-json\/wp\/v2\/comments?post=26060"}],"wp:featuredmedia":[{"embeddable":true,"href":"https:\/\/sabilycollection.com\/fr\/wp-json\/wp\/v2\/media\/26063"}],"wp:attachment":[{"href":"https:\/\/sabilycollection.com\/fr\/wp-json\/wp\/v2\/media?parent=26060"}],"wp:term":[{"taxonomy":"product_brand","embeddable":true,"href":"https:\/\/sabilycollection.com\/fr\/wp-json\/wp\/v2\/product_brand?post=26060"},{"taxonomy":"product_cat","embeddable":true,"href":"https:\/\/sabilycollection.com\/fr\/wp-json\/wp\/v2\/product_cat?post=26060"},{"taxonomy":"product_tag","embeddable":true,"href":"https:\/\/sabilycollection.com\/fr\/wp-json\/wp\/v2\/product_tag?post=26060"}],"curies":[{"name":"wp","href":"https:\/\/api.w.org\/{rel}","templated":true}]}}