{"id":26065,"date":"2023-02-18T08:54:37","date_gmt":"2023-02-18T07:54:37","guid":{"rendered":"https:\/\/sabilycollection.com\/oud-sulawesi-bois-dagar-sauvage-indonesie-grade-sinking\/"},"modified":"2026-02-08T11:39:24","modified_gmt":"2026-02-08T10:39:24","slug":"oud-sulawesi-bois-dagar-sauvage-indonesie-grade-sinking","status":"publish","type":"product","link":"https:\/\/sabilycollection.com\/fr\/produit\/oud-sulawesi-bois-dagar-sauvage-indonesie-grade-sinking\/","title":{"rendered":"Oud Sulawesi Bois d\u2019Agar Sauvage Indon\u00e9sie Grade Sinking"},"content":{"rendered":"<p>Le Oud Sulawesi que nous proposons est un Bois d&rsquo;Agar 100% naturel de l&rsquo;\u00eele de Sulawesi en Indon\u00e9sie.<\/p>\n<p>Ce fabuleux Oud de pr\u00e9cieuse valeur est un v\u00e9ritable tr\u00e9sor issu d&rsquo;un arbre tr\u00e8s \u00e2g\u00e9 de la r\u00e9gion Nord de l&rsquo;\u00eele de Sulawesi, d&rsquo;o\u00f9 son grade Sinking (Grade le plus \u00e9lev\u00e9 dans le monde du Oud chips). Sa texture est lisse et \u00e9l\u00e9gante, et son parfum est puissant, durable et tr\u00e8s plaisant pour les sens.<\/p>\n<p>L&rsquo;acc\u00e8s \u00e0 ce genre de qualit\u00e9 est devenu extr\u00eamement difficile, c&rsquo;est pourquoi il rentre parfaitement dans la cat\u00e9gorie des Ouds d&rsquo;exceptions que tout amateur et passionn\u00e9 de Oud doit avoir en sa possession!<\/p>\n<p>Le Oud Sulawesi se rapproche des notes du Oud de Merauke avec ses tons terreux, qui se propagent rapidement mais reste tout de m\u00eame unique avec ses notes \u00e9pic\u00e9es et profondes!<\/p>\n<p dir=\"ltr\">Conseil d&rsquo;utilisation pour le Oud:<\/p>\n<p dir=\"ltr\">Avec notre Oud \u00e0 br\u00fbler vous allez profiter d&rsquo;un voyage olfactif exceptionnel qui vous offrira une exp\u00e9rience unique. Nous recommandons tr\u00e8s fortement l&rsquo;utilisation d&rsquo;une couche d&rsquo;aluminium sur votre charbon ardent afin de prolonger la dur\u00e9e de combustion et de vous garantir un ar\u00f4me pure et de meilleure <u>qualit\u00e9!<\/u><\/p>\n<p>Ses vertus:<\/p>\n<p>Le bois d\u2019Agar est \u00e9galement consid\u00e9r\u00e9 comme un aphrodisiaque tr\u00e8s puissant. Dans beaucoup de cultures, les femmes impr\u00e9gnaient leurs v\u00eatements aussi bien qu\u2019elles-m\u00eames de son parfum. Utilis\u00e9 en m\u00e9decine, le bois d\u2019Agar est un rem\u00e8de pour les d\u00e9sordres nerveux tels que la n\u00e9vrose, le comportement obs\u00e9dant, et l\u2019\u00e9puisement. Il est fortement psychoactif et permet un rapprochement avec notre c\u00f4t\u00e9 spirituel. C\u2019est pourquoi, il est l\u2019encens de m\u00e9ditation par excellence, apportant l\u2019\u00e9nergie au centre et calmant l\u2019esprit. Son odeur vous procurera du bien \u00eatre et dissipera votre stress.<\/p>\n<p>On lui attribue des bienfaits contre les maux de ventre, certaines maladies cardio-vasculaires, les neuropathies, naus\u00e9es ou l\u2019asthme. Il est m\u00eame largement utilis\u00e9 par l\u2019industrie pharmaceutique car naturellement riche en terp\u00e9no\u00efdes (s\u00e9datif et anxiolytique naturel) ainsi qu\u2019en polyph\u00e9nols (antioxydant naturel). Il facilite aussi la digestion. Ses vertus m\u00e9dicinales ont \u00e9t\u00e9 prouv\u00e9es notamment pour les troubles du sommeil, le cholest\u00e9rol et bien plus encore\u2026<\/p>\n<p>Sa raret\u00e9, et ses nombreuses vertus, font donc du bois d\u2019agar un bois pr\u00e9cieux extr\u00eamement recherch\u00e9, et donc extr\u00eamement co\u00fbteux.<\/p>\n<p>Ses notes: Bois\u00e9es, terreuses, \u00e9pic\u00e9es, clous de girofle, cr\u00e8me de citron, noix de muscade<\/p>\n<p>R\u00e9gion: \u00cele de Sulawesi<\/p>\n<p>Bois d\u2019Agar sauvage 100% naturel<\/p>\n<p>Grade: Sinking<\/p>\n<p>Tr\u00e8s longue tenue<\/p>\n<p>Conditionnement: 5g, 10g, 20g, 50g, 100g, 200g<\/p>\n<p>&nbsp;<\/p>\n<p>&nbsp;<\/p>\n","protected":false},"excerpt":{"rendered":"<p>Le tr\u00e8s rare Oud sauvage de l&rsquo;\u00eele de Sulawesi de Grade Sinking, des notes bois\u00e9es, \u00e9pic\u00e9es et terreuses qui d\u00e9voileront tout leur myst\u00e8re et vous feront vivre un moment unique.<\/p>\n","protected":false},"featured_media":26066,"comment_status":"open","ping_status":"closed","template":"","meta":[],"product_brand":[],"product_cat":[263,245],"product_tag":[],"class_list":{"0":"post-26065","1":"product","2":"type-product","3":"status-publish","4":"has-post-thumbnail","6":"product_cat-lencens-oud-bois-dagar","7":"product_cat-les-encens-dexcellence","8":"pa_weight-10g","9":"pa_weight-20g","11":"first","12":"outofstock","13":"shipping-taxable","14":"purchasable","15":"product-type-variable"},"_links":{"self":[{"href":"https:\/\/sabilycollection.com\/fr\/wp-json\/wp\/v2\/product\/26065","targetHints":{"allow":["GET"]}}],"collection":[{"href":"https:\/\/sabilycollection.com\/fr\/wp-json\/wp\/v2\/product"}],"about":[{"href":"https:\/\/sabilycollection.com\/fr\/wp-json\/wp\/v2\/types\/product"}],"replies":[{"embeddable":true,"href":"https:\/\/sabilycollection.com\/fr\/wp-json\/wp\/v2\/comments?post=26065"}],"wp:featuredmedia":[{"embeddable":true,"href":"https:\/\/sabilycollection.com\/fr\/wp-json\/wp\/v2\/media\/26066"}],"wp:attachment":[{"href":"https:\/\/sabilycollection.com\/fr\/wp-json\/wp\/v2\/media?parent=26065"}],"wp:term":[{"taxonomy":"product_brand","embeddable":true,"href":"https:\/\/sabilycollection.com\/fr\/wp-json\/wp\/v2\/product_brand?post=26065"},{"taxonomy":"product_cat","embeddable":true,"href":"https:\/\/sabilycollection.com\/fr\/wp-json\/wp\/v2\/product_cat?post=26065"},{"taxonomy":"product_tag","embeddable":true,"href":"https:\/\/sabilycollection.com\/fr\/wp-json\/wp\/v2\/product_tag?post=26065"}],"curies":[{"name":"wp","href":"https:\/\/api.w.org\/{rel}","templated":true}]}}