{"id":26070,"date":"2023-07-30T04:47:29","date_gmt":"2023-07-30T02:47:29","guid":{"rendered":"https:\/\/sabilycollection.com\/oliban-brun-doman-louban-boswellia-sacra\/"},"modified":"2026-02-10T17:18:48","modified_gmt":"2026-02-10T16:18:48","slug":"oliban-brun-doman-louban-boswellia-sacra","status":"publish","type":"product","link":"https:\/\/sabilycollection.com\/fr\/produit\/oliban-brun-doman-louban-boswellia-sacra\/","title":{"rendered":"Oliban Brun d\u2019Oman Louban Boswellia Sacra"},"content":{"rendered":"<p>L\u2019Oliban Brun d\u2019Oman (appel\u00e9 aussi Luban) vient du <strong>Boswellia Sacra<\/strong> qui est un arbre situ\u00e9 dans le d\u00e9sert du Dhofar dans le petit Sultanat d\u2019Oman.<\/p>\n<p>Cet arbre produit la r\u00e9sine d\u2019Oliban la plus prestigieuse et la plus r\u00e9put\u00e9e de part sa puret\u00e9, sa qualit\u00e9 et son parfum subtil.<\/p>\n<p>Cette r\u00e9sine apportera \u00e0 votre int\u00e9rieur un parfum agr\u00e9able et doux, et vous fera d\u00e9couvrir des <strong>ar\u00f4mes fins aux notes \u00e9pic\u00e9es et sucr\u00e9es<\/strong> qui vous procureront une sensation de bien-\u00eatre. <strong>L&rsquo;Oliban brun d&rsquo;Oman est r\u00e9colt\u00e9 en 3\u00e8me position apr\u00e8s L&rsquo;Oliban Hojari vert et blanc<\/strong>, et il se distingue d&rsquo;eux de part la taille de ses <strong>grandes pi\u00e8ces mais aussi de son ar\u00f4me tr\u00e8s sucr\u00e9es ayant des notes fum\u00e9es extr\u00eamement agr\u00e9able pour les sens.<\/strong><\/p>\n<p>Cet encens \u00e0 l\u2019\u00e9tat brut r\u00e9serv\u00e9 aux sultans et aux rois de la p\u00e9ninsule arabique depuis des si\u00e8cles est tr\u00e8s convoit\u00e9 de part sa qualit\u00e9, sa fra\u00eecheur et sa raret\u00e9.<\/p>\n<p><strong>L&rsquo;Oliban brun a un ar\u00f4me sucr\u00e9, \u00e9pic\u00e9 et fum\u00e9.<\/strong> Cette r\u00e9sine de couleur miel dor\u00e9 a un ar\u00f4me dont les notes sont douces et \u00e9pic\u00e9es.<\/p>\n<p><strong>Vous pouvez casser les grosses pi\u00e8ces en petits morceaux de la taille d&rsquo;un pois pour les br\u00fbler.<\/strong><\/p>\n<p>Commun\u00e9ment utilis\u00e9 en <strong>aromath\u00e9rapie<\/strong> comme agent am\u00e9liorant l&rsquo;humeur, pour soulager <strong>l&rsquo;anxi\u00e9t\u00e9 et le stress<\/strong>. \u00c9galement utilis\u00e9 pour <strong>purifier l&rsquo;atmosph\u00e8re<\/strong> environnante.<\/p>\n<p><strong>Les bienfaits de l\u2019oliban:<\/strong><\/p>\n<p>L\u2019oliban est un encens dit encens m\u00e2le ou encore encens pur, tout d\u2019abord r\u00e9put\u00e9 pour \u00eatre un puissant anti-inflammatoire. Mais on lui pr\u00eate bien d\u2019autres vertus, \u00e0 savoir :<\/p>\n<ul>\n<li>antiseptique<\/li>\n<li>antiviral<\/li>\n<li>expectorant<\/li>\n<li>r\u00e9g\u00e9n\u00e9rant sur le plan cutan\u00e9 : l\u2019oliban aide \u00e0 r\u00e9parer la peau ab\u00eem\u00e9e, favorise la cicatrisation suite \u00e0 une plaie, soulage l\u2019ulc\u00e9ration, apaise les mycoses<\/li>\n<li>stimulant du syst\u00e8me immunitaire, et du syst\u00e8me nerveux<\/li>\n<li>permet de r\u00e9duire les encombrements ORL et bronchiques<\/li>\n<li>calme les tensions nerveuses : il en r\u00e9sulte un meilleur endormissement ainsi qu\u2019un sommeil de bonne qualit\u00e9<\/li>\n<li>rafra\u00eechit l\u2019haleine<\/li>\n<li>d\u00e9sinfectant de la bouche<\/li>\n<li>apaise les douleurs en cas de tendinite, de rhumatisme, d\u2019arthrose ou encore de sciatique<\/li>\n<li>limite la fatigue intellectuelle tout comme le stress<\/li>\n<li>soulage les maux de t\u00eate<\/li>\n<li>permet de lutter contre la d\u00e9pression saisonni\u00e8re, les exc\u00e8s d\u2019\u00e9motivit\u00e9, les tensions<\/li>\n<li>est un excellent relaxant.<\/li>\n<\/ul>\n<p><strong>Comment utiliser la r\u00e9sine d&rsquo;encens:<\/strong><\/p>\n<p>Sur du charbon: prenez un morceau de charbon, puis placer le morceau sur le feu pendant environ 3 minutes jusqu&rsquo;\u00e0 ce qu&rsquo;il devienne compl\u00e8tement ardent \u00e0 la couleur rouge (uniform\u00e9ment). Ensuite placer votre charbon ardent dans un encensoir appropri\u00e9 puis mettez un morceau d&rsquo;Oliban, ou quelques morceaux sur le charbon chaud. <strong>Asseyez-vous et profitez-en pendant que l&rsquo;ar\u00f4me remplit la pi\u00e8ce.<\/strong><\/p>\n<p><strong>Petit descriptif:<\/strong><\/p>\n<p>1) Fragrance: La couleur est brune, \u00e0 l\u2019odeur sucr\u00e9e, \u00e9pic\u00e9e et fum\u00e9e.<\/p>\n<p>2) Bienfaits pour la sant\u00e9: Bon pour la m\u00e9moire, c&rsquo;est un anti-d\u00e9presseur, antistress, agit contre la migraine et les probl\u00e8mes d&rsquo;oubli.<\/p>\n<p>3) Conseil d\u2019utilisation: Peut \u00eatre br\u00fbler comme encens sur du charbon pour profiter de son ar\u00f4me et parfumer toutes les pi\u00e8ces de votre maison.<\/p>\n<p>4) Conservation: A placer dans un bocal en verre dans votre r\u00e9frig\u00e9rateur pour une meilleure conservation.<\/p>\n<p><strong>Pour les sp\u00e9cialistes l\u2019Oliban d\u2019Oman est consid\u00e9r\u00e9 comme la meilleure qualit\u00e9 d\u2019Oliban dans le monde!<\/strong><\/p>\n<p><strong>Produit 100% naturel, exempt de toute substance toxique ou chimique!<\/strong><\/p>\n<p>Nous vous garantissons la fra\u00eecheur de notre Oliban brun d&rsquo;Oman.<\/p>\n<p><strong>Notes:<\/strong> Epic\u00e9es, sucr\u00e9es, fum\u00e9es, fra\u00eeches.<\/p>\n<p><strong>Disponible en sachet de 200g.<\/strong><\/p>\n","protected":false},"excerpt":{"rendered":"<p>L&rsquo;Oliban Brun d&rsquo;Oman issu du Boswelia Sacra, un tr\u00e8s bel Encens naturel, connu pour un ar\u00f4me magnifique sucr\u00e9 et \u00e9pic\u00e9.<br \/>\nPour les amoureux de l&rsquo;oliban, il est une r\u00e9sine incontournable! Un ar\u00f4me tr\u00e8s agr\u00e9able \u00e0 d\u00e9couvrir que nous recommandons vivement!<\/p>\n","protected":false},"featured_media":26071,"comment_status":"open","ping_status":"closed","template":"","meta":[],"product_brand":[],"product_cat":[245,261],"product_tag":[],"class_list":{"0":"post-26070","1":"product","2":"type-product","3":"status-publish","4":"has-post-thumbnail","6":"product_cat-les-encens-dexcellence","7":"product_cat-oliban-royal-hojari-oman","8":"pa_weight-200g","10":"first","11":"instock","12":"shipping-taxable","13":"purchasable","14":"product-type-variable"},"_links":{"self":[{"href":"https:\/\/sabilycollection.com\/fr\/wp-json\/wp\/v2\/product\/26070","targetHints":{"allow":["GET"]}}],"collection":[{"href":"https:\/\/sabilycollection.com\/fr\/wp-json\/wp\/v2\/product"}],"about":[{"href":"https:\/\/sabilycollection.com\/fr\/wp-json\/wp\/v2\/types\/product"}],"replies":[{"embeddable":true,"href":"https:\/\/sabilycollection.com\/fr\/wp-json\/wp\/v2\/comments?post=26070"}],"wp:featuredmedia":[{"embeddable":true,"href":"https:\/\/sabilycollection.com\/fr\/wp-json\/wp\/v2\/media\/26071"}],"wp:attachment":[{"href":"https:\/\/sabilycollection.com\/fr\/wp-json\/wp\/v2\/media?parent=26070"}],"wp:term":[{"taxonomy":"product_brand","embeddable":true,"href":"https:\/\/sabilycollection.com\/fr\/wp-json\/wp\/v2\/product_brand?post=26070"},{"taxonomy":"product_cat","embeddable":true,"href":"https:\/\/sabilycollection.com\/fr\/wp-json\/wp\/v2\/product_cat?post=26070"},{"taxonomy":"product_tag","embeddable":true,"href":"https:\/\/sabilycollection.com\/fr\/wp-json\/wp\/v2\/product_tag?post=26070"}],"curies":[{"name":"wp","href":"https:\/\/api.w.org\/{rel}","templated":true}]}}