{"id":26073,"date":"2023-09-17T12:30:15","date_gmt":"2023-09-17T10:30:15","guid":{"rendered":"https:\/\/sabilycollection.com\/huile-de-oud-borneo-agee-2021-grade-malaki-pure-bois-dagar-pure-dehn-al-oud\/"},"modified":"2026-03-22T10:29:31","modified_gmt":"2026-03-22T09:29:31","slug":"huile-de-oud-borneo-agee-2021-grade-malaki-pure-bois-dagar-pure-dehn-al-oud","status":"publish","type":"product","link":"https:\/\/sabilycollection.com\/fr\/produit\/huile-de-oud-borneo-agee-2021-grade-malaki-pure-bois-dagar-pure-dehn-al-oud\/","title":{"rendered":"Huile de Oud Born\u00e9o \u00c2g\u00e9e 2021 (Grade Malaki) Pure Bois d&rsquo;Agar Pure Dehn Al Oud"},"content":{"rendered":"<p>Nous vous pr\u00e9sentons ici notre huile de Bois d&rsquo;Agar pure <strong>extraite \u00e0 partir du prestigieux et c\u00e9l\u00e8bre Oud du Grand Born\u00e9o (Kalimantan).<\/strong><\/p>\n<p><strong>Une pure merveille, un \u00e9lixir \u00e0 l&rsquo;odeur puissante et riche. Cette Huile tr\u00e8s parfum\u00e9e, est le r\u00e9sultat d&rsquo;une mixture de Oud issue du Sarawak Malaisien dans la r\u00e9gion du Grand Born\u00e9o et du Kalimantan Putussibau Indon\u00e9sien.<\/strong><\/p>\n<p><strong>Le r\u00e9sultat est plus qu&rsquo;excellent,<\/strong> <strong>son parfum est fort, imposant et tr\u00e8s agr\u00e9able \u00e0 sentir, alliant des notes fum\u00e9es, bois\u00e9es, florales combin\u00e9es aux notes de cuir et de vielle biblioth\u00e8que<\/strong> qui viennent comme une brise l\u00e9g\u00e8re carresser vos sens pour vous faire voyager dans un environnement sensationnel entour\u00e9 de <strong>senteurs tropicales compl\u00e8tement irr\u00e9sistibles&#8230;<\/strong><\/p>\n<p>Il offre une qualit\u00e9 admirable qui vous g\u00e2tera avec sa sensation riche, chaleureuse et bois\u00e9e. C&rsquo;est un Oud vraiment rare, une qualit\u00e9 pure tr\u00e8s addictive. <strong>C&rsquo;est le genre de Oud que l&rsquo;on a envi d&rsquo;avoir tout au long de notre vie de part son caract\u00e8re et sa prestance qui impose le respect.<\/strong> Un unique Oud Kalimantan l\u00e9gendaire parfaitement distill\u00e9 qui aura assur\u00e9ment toute sa place parmi vos meilleurs Ouds&#8230;<\/p>\n<p><strong>Cette pr\u00e9cieuse huile de Oud est un vrai tr\u00e9sor pour les connaisseurs et les amateurs de fragrances myst\u00e9rieuses et riches.<\/strong><\/p>\n<p><strong>Hautement recommand\u00e9 !\u00a0\u00a0<\/strong><\/p>\n<p><strong>Informations :<\/strong><\/p>\n<p>Issu du bois le plus cher et le plus pr\u00e9cieux au monde, cette huile de Oud est utilis\u00e9e par les plus grandes parfumeries mondiales afin de concevoir leur parfum de luxe.<br \/>\nCe pr\u00e9cieux produit de luxe de grande valeur est obtenu \u00e0 partir de plusieurs types d\u2019arbres d\u2019Asie du sud Est, le plus connu \u00e9tant l\u2019Aquilaria Malaccensis de part sa qualit\u00e9 et sa r\u00e9sine odorante exceptionnelle.<\/p>\n<p><strong>Ses vertus :<\/strong><\/p>\n<p>Le bois d\u2019Agar est \u00e9galement consid\u00e9r\u00e9 comme un aphrodisiaque tr\u00e8s puissant. Dans beaucoup de cultures, les femmes impr\u00e9gnaient leurs v\u00eatements aussi bien qu\u2019elles-m\u00eames de son parfum. C\u2019est sous forme huileuse que le bois de oud est couramment utilis\u00e9.\u00a0 Dans le monde arabe, son huile est employ\u00e9e pour se parfumer \u00e0 m\u00eame la peau. Elle est une mati\u00e8re premi\u00e8re essentielle dans la parfumerie du Moyen-Orient. Tr\u00e8s pr\u00e9cieuse, l\u2019huile d\u00e9veloppe un ar\u00f4me envo\u00fbtant, incroyablement raffin\u00e9 \u00e0 la fois animal, brut et sophistiqu\u00e9.. Son parfum vous procurera du bien \u00eatre et dissipera votre stress. (\u0625\u0646 \u0634\u0627\u0621 \u0627\u0644\u0644\u0647)<\/p>\n<p><strong>Produit d&rsquo;excellente qualit\u00e9 !<\/strong><\/p>\n<p>Tenue longue dur\u00e9e garanti<\/p>\n<p>Issue de Oud sauvage 100% naturel<\/p>\n<p>100% pur et sans dilution<\/p>\n<p>100% aucun autre additif<\/p>\n<p>100% sans parfum artificiel<\/p>\n<p>100% sans coloration<\/p>\n<p>100% sans fermentation alcoolique<\/p>\n<p>Trempage 100% sans \u00e9thanol<\/p>\n<p><strong>Notes :<\/strong> bois\u00e9 sec, caf\u00e9 fum\u00e9, encens japonais, fum\u00e9es, florales, cuir, vieille biblioth\u00e8que<\/p>\n<p><strong>Flacon :<\/strong> 1ml, 3ml, 6ml et 12ml<\/p>\n","protected":false},"excerpt":{"rendered":"<p><strong>Huile de Oud Kalimantan Born\u00e9o Malaki Aged 2021\u2026<\/strong><\/p>\n<p>D\u00e9couvrez cette merveille <strong>provenant de l\u2019\u00eele de Born\u00e9o<\/strong>, aux senteurs irr\u00e9sistibles et captivantes qui vous accompagneront tout au long de la journ\u00e9e.<\/p>\n<p><strong>Un parfum puissant et raffin\u00e9<\/strong> qui se distingue imm\u00e9diatement, <strong>m\u00ealant des notes fum\u00e9es et bois\u00e9es \u00e0 de subtiles nuances florales, enrichies par des touches de cuir et le caract\u00e8re nostalgique d\u2019une vieille biblioth\u00e8que.<\/strong> De douces vagues aromatiques se d\u00e9ploient sur la peau et transportent les sens dans une atmosph\u00e8re tropicale chaleureuse, \u00e0 la fois <strong>\u00e9l\u00e9gante et irr\u00e9sistiblement captivante.<\/strong><\/p>\n<p><strong>Une huile de Oud de tr\u00e8s haute qualit\u00e9 qui m\u00e9rite absolument de figurer dans votre collection&#8230;\u00a0<\/strong><\/p>\n","protected":false},"featured_media":26078,"comment_status":"open","ping_status":"closed","template":"","meta":[],"product_brand":[],"product_cat":[251,266,264],"product_tag":[],"class_list":{"0":"post-26073","1":"product","2":"type-product","3":"status-publish","4":"has-post-thumbnail","6":"product_cat-huile-de-oud-pure","7":"product_cat-huiles-de-oud-pure-single-bottle","8":"product_cat-huiles-de-oud-pure-parfums","9":"pa_quantity-12ml","10":"pa_quantity-1ml","11":"pa_quantity-3ml","12":"pa_quantity-6ml","14":"first","15":"instock","16":"shipping-taxable","17":"purchasable","18":"product-type-variable","19":"has-default-attributes"},"_links":{"self":[{"href":"https:\/\/sabilycollection.com\/fr\/wp-json\/wp\/v2\/product\/26073","targetHints":{"allow":["GET"]}}],"collection":[{"href":"https:\/\/sabilycollection.com\/fr\/wp-json\/wp\/v2\/product"}],"about":[{"href":"https:\/\/sabilycollection.com\/fr\/wp-json\/wp\/v2\/types\/product"}],"replies":[{"embeddable":true,"href":"https:\/\/sabilycollection.com\/fr\/wp-json\/wp\/v2\/comments?post=26073"}],"wp:featuredmedia":[{"embeddable":true,"href":"https:\/\/sabilycollection.com\/fr\/wp-json\/wp\/v2\/media\/26078"}],"wp:attachment":[{"href":"https:\/\/sabilycollection.com\/fr\/wp-json\/wp\/v2\/media?parent=26073"}],"wp:term":[{"taxonomy":"product_brand","embeddable":true,"href":"https:\/\/sabilycollection.com\/fr\/wp-json\/wp\/v2\/product_brand?post=26073"},{"taxonomy":"product_cat","embeddable":true,"href":"https:\/\/sabilycollection.com\/fr\/wp-json\/wp\/v2\/product_cat?post=26073"},{"taxonomy":"product_tag","embeddable":true,"href":"https:\/\/sabilycollection.com\/fr\/wp-json\/wp\/v2\/product_tag?post=26073"}],"curies":[{"name":"wp","href":"https:\/\/api.w.org\/{rel}","templated":true}]}}