{"id":26084,"date":"2023-10-18T18:43:18","date_gmt":"2023-10-18T16:43:18","guid":{"rendered":"https:\/\/sabilycollection.com\/huile-de-oud-laos-agee-2016-grade-antique-bois-dagar-pure-dehn-al-oud-origine-laos\/"},"modified":"2026-03-11T09:11:46","modified_gmt":"2026-03-11T08:11:46","slug":"huile-de-oud-laos-agee-2016-grade-antique-bois-dagar-pure-dehn-al-oud-origine-laos","status":"publish","type":"product","link":"https:\/\/sabilycollection.com\/fr\/produit\/huile-de-oud-laos-agee-2016-grade-antique-bois-dagar-pure-dehn-al-oud-origine-laos\/","title":{"rendered":"Huile de Oud Laos \u00c2g\u00e9e 2016 (Grade Antique) Bois d\u2019Agar Pure Dehn Al Oud Origine Laos"},"content":{"rendered":"<p>Plongez dans l&rsquo;essence du luxe avec notre <strong>huile de Oud du Laos Antique vieillie pendant 10 ans pour cr\u00e9er une v\u00e9ritable essence vintage<\/strong>, une v\u00e9ritable perle rare de la parfumerie. Notre Laos Antique <strong>incarne la quintessence du raffinement<\/strong>, extraite d&rsquo;un bois d&rsquo;Agarwood rare et exceptionnel, r\u00e9colt\u00e9 dans les profondeurs des for\u00eats laotiennes.<\/p>\n<p>Chacune de ses gouttes \u00e9voque l&rsquo;histoire profonde de ces arbres anciens, m\u00fbris pendant des d\u00e9cennies. Vous serez enchant\u00e9 par ses <strong>notes fruit\u00e9es, bois\u00e9es profondes, sublim\u00e9es par des nuances subtiles de miel<\/strong>, <strong>de vanille et d&rsquo;\u00e9pices,<\/strong> cr\u00e9ant ainsi une symphonie olfactive captivante. Abondamment fruit\u00e9es notre Oud du Laos <strong>d\u00e9bute tr\u00e8s fort avec des notes de myrtilles fra\u00eeches et de pamplemousse<\/strong>, puis s&rsquo;installant dans un ar\u00f4me plus bois\u00e9 lors du s\u00e9chage. Une combinaison parfaite pour les amateurs de senteurs complexes et riches.<\/p>\n<p><strong>Porter cette huile vintage est un voyage dans le temps<\/strong>, une exp\u00e9rience de luxe qui vous connecte \u00e0 la tradition tout en incarnant l&rsquo;\u00e9l\u00e9gance intemporelle. Elle devient une partie de votre identit\u00e9, laissant une trace envo\u00fbtante partout o\u00f9 vous allez. <strong>C&rsquo;est comme revivre un pass\u00e9 luxueux, une \u00e9poque o\u00f9 l&rsquo;\u00e9l\u00e9gance et le raffinement r\u00e9gnaient en ma\u00eetres.<\/strong><\/p>\n<p>Notre Laos Antique deviendra une extension de votre propre histoire, <strong>laissant une empreinte intemporelle de votre passage.<\/strong> C&rsquo;est une invitation \u00e0 la d\u00e9couverte de l&rsquo;extraordinaire, un voyage au c\u0153ur de l&rsquo;Asie mystique, tout en c\u00e9l\u00e9brant la qualit\u00e9 pure du vintage.<\/p>\n<p><strong>Cette huile de Oud vieillie de 10 ans est bien plus qu&rsquo;un parfum<\/strong>, c&rsquo;est un investissement dans le raffinement et le charme, une exp\u00e9rience sensorielle qui c\u00e9l\u00e8bre le patrimoine et la raret\u00e9. Laissez-vous tenter par cette essence unique, une invitation \u00e0 d\u00e9couvrir l&rsquo;extraordinaire, un tr\u00e9sor olfactif qui transcende les \u00e9poques.<\/p>\n<p>Osez vous impr\u00e9gner de cette richesse olfactive exceptionnelle, et laissez notre Laos Antique vous s\u00e9duire. <strong>C&rsquo;est l&rsquo;essence de l&rsquo;excellence intemporelle, un tr\u00e9sor pr\u00e9cieux que vous ch\u00e9rirez \u00e0 jamais et qui sera votre nouvelle signature olfactive&#8230;<\/strong><\/p>\n<p><strong>Informations :<\/strong><\/p>\n<p>Issu du bois le plus cher et le plus pr\u00e9cieux au monde, cette huile de Oud est utilis\u00e9e par les plus grandes parfumeries mondiales afin de concevoir leur parfum de luxe. Ce pr\u00e9cieux produit de luxe de grande valeur est obtenu \u00e0 partir de plusieurs types d\u2019arbres d\u2019Asie du sud Est, le plus connu \u00e9tant l\u2019Aquilaria Malaccensis de part sa qualit\u00e9 et sa r\u00e9sine odorante exceptionnelle.<\/p>\n<p><strong>Ses vertus :<\/strong><\/p>\n<p>Le bois d\u2019Agar est \u00e9galement consid\u00e9r\u00e9 comme un aphrodisiaque tr\u00e8s puissant. Dans beaucoup de cultures, les femmes impr\u00e9gnaient leurs v\u00eatements aussi bien qu\u2019elles-m\u00eames de son parfum. C\u2019est sous forme huileuse que le bois de oud est couramment utilis\u00e9. Dans le monde arabe, son huile est employ\u00e9e pour se parfumer \u00e0 m\u00eame la peau. Elle est une mati\u00e8re premi\u00e8re essentielle dans la parfumerie du Moyen-Orient. Tr\u00e8s pr\u00e9cieuse, l\u2019huile d\u00e9veloppe un ar\u00f4me envo\u00fbtant, incroyablement raffin\u00e9 \u00e0 la fois brut et sophistiqu\u00e9.. Son parfum vous procurera du bien \u00eatre et dissipera votre stress. (\u0625\u0646 \u0634\u0627\u0621 \u0627\u0644\u0644\u0647)<\/p>\n<p><strong>Produit ancien ! (Vintage)<\/strong><\/p>\n<p>Grade Antique (au-dessus du grade Malaki)<\/p>\n<p><strong>Excellente rare qualit\u00e9 !\u00a0<\/strong><\/p>\n<p>Tr\u00e8s longue tenue garanti<\/p>\n<p>Issue de Oud 100% naturel<\/p>\n<p>100% pur et sans dilution<\/p>\n<p>100% aucun autre additif<\/p>\n<p>100% sans parfum artificiel<\/p>\n<p>100% sans coloration<\/p>\n<p>100% sans fermentation alcoolique<\/p>\n<p>Trempage 100% sans \u00e9thanol<\/p>\n<p><strong>Date de distillation : <\/strong>2016<\/p>\n<p><strong>Notes :<\/strong> Fruit\u00e9e, myrtille, pamplemousse, florale, bois\u00e9e, miel, vanille, noisette<\/p>\n<p><strong>Flacon :<\/strong> 1ml, 3ml, 6ml, 12ml<\/p>\n","protected":false},"excerpt":{"rendered":"<p><strong>Nous vous pr\u00e9sentons notre l\u00e9gendaire huile Antique du Laos 2016&#8230; <\/strong><\/p>\n<p>Un tr\u00e9sor vintage d&rsquo;une qualit\u00e9 exceptionnelle. <strong>Extraite d&rsquo;un bois d&rsquo;Agar rare et vieillie pendant une d\u00e9cennie,<\/strong> cette essence incarne l&rsquo;\u00e9l\u00e9gance intemporelle.<\/p>\n<p><strong>Ses notes bois\u00e9es et sucr\u00e9es profondes, rehauss\u00e9es de subtiles touches de vanille et d&rsquo;\u00e9pices, cr\u00e9ent une symphonie olfactive riche et somptueuse.<\/strong> Poss\u00e9der ce type de Oud, c&rsquo;est d\u00e9tenir un morceau d&rsquo;histoire, une exp\u00e9rience sensorielle inoubliable qui transcende les \u00e9poques.<\/p>\n<p><strong>Laissez-vous s\u00e9duire par l&rsquo;excellence de ce Oud l\u00e9gendaire du Laos&#8230;<\/strong><\/p>\n","protected":false},"featured_media":26087,"comment_status":"open","ping_status":"closed","template":"","meta":[],"product_brand":[],"product_cat":[251,266,264],"product_tag":[],"class_list":{"0":"post-26084","1":"product","2":"type-product","3":"status-publish","4":"has-post-thumbnail","6":"product_cat-huile-de-oud-pure","7":"product_cat-huiles-de-oud-pure-single-bottle","8":"product_cat-huiles-de-oud-pure-parfums","9":"pa_quantity-12ml","10":"pa_quantity-1ml","11":"pa_quantity-3ml","12":"pa_quantity-6ml","14":"first","15":"instock","16":"shipping-taxable","17":"purchasable","18":"product-type-variable"},"_links":{"self":[{"href":"https:\/\/sabilycollection.com\/fr\/wp-json\/wp\/v2\/product\/26084","targetHints":{"allow":["GET"]}}],"collection":[{"href":"https:\/\/sabilycollection.com\/fr\/wp-json\/wp\/v2\/product"}],"about":[{"href":"https:\/\/sabilycollection.com\/fr\/wp-json\/wp\/v2\/types\/product"}],"replies":[{"embeddable":true,"href":"https:\/\/sabilycollection.com\/fr\/wp-json\/wp\/v2\/comments?post=26084"}],"wp:featuredmedia":[{"embeddable":true,"href":"https:\/\/sabilycollection.com\/fr\/wp-json\/wp\/v2\/media\/26087"}],"wp:attachment":[{"href":"https:\/\/sabilycollection.com\/fr\/wp-json\/wp\/v2\/media?parent=26084"}],"wp:term":[{"taxonomy":"product_brand","embeddable":true,"href":"https:\/\/sabilycollection.com\/fr\/wp-json\/wp\/v2\/product_brand?post=26084"},{"taxonomy":"product_cat","embeddable":true,"href":"https:\/\/sabilycollection.com\/fr\/wp-json\/wp\/v2\/product_cat?post=26084"},{"taxonomy":"product_tag","embeddable":true,"href":"https:\/\/sabilycollection.com\/fr\/wp-json\/wp\/v2\/product_tag?post=26084"}],"curies":[{"name":"wp","href":"https:\/\/api.w.org\/{rel}","templated":true}]}}