{"id":26089,"date":"2023-10-19T16:43:52","date_gmt":"2023-10-19T14:43:52","guid":{"rendered":"https:\/\/sabilycollection.com\/huile-de-oud-trat-agee-2020-grade-malaki-bois-dagar-pure-dehn-al-oud-origine-thailande\/"},"modified":"2026-03-11T08:32:47","modified_gmt":"2026-03-11T07:32:47","slug":"huile-de-oud-trat-agee-2020-grade-malaki-bois-dagar-pure-dehn-al-oud-origine-thailande","status":"publish","type":"product","link":"https:\/\/sabilycollection.com\/fr\/produit\/huile-de-oud-trat-agee-2020-grade-malaki-bois-dagar-pure-dehn-al-oud-origine-thailande\/","title":{"rendered":"Huile de Oud Trat Ag\u00e9e 2020 (Grade Malaki) Bois d\u2019Agar Pure Dehn Al Oud Origine Tha\u00eflande"},"content":{"rendered":"<p><strong>Huile de Oud Pure issue du bois d\u2019Agar de Trat, r\u00e9gion frontali\u00e8re au Cambodge o\u00f9 le bois d&rsquo;Agar est d&rsquo;excellente qualit\u00e9&#8230;\u00a0<\/strong><\/p>\n<p>Notre huile a \u00e9t\u00e9 distill\u00e9 en 2020 \u00e0 Trat en Tha\u00eflande en suivant la m\u00e9thode traditionnelle Tha\u00eflandaise, <strong>une huile propre de tr\u00e8s bonne qualit\u00e9 et d&rsquo;une \u00e9l\u00e9gance royale.<\/strong><\/p>\n<p>Trat est une province de l&rsquo;Est de la Tha\u00eflande frontali\u00e8re au Cambodge, une province tr\u00e8s c\u00e9l\u00e8bre de part la qualit\u00e9 de son bois d&rsquo;Agar <strong>ayant des caract\u00e9ristiques et des notes uniques<\/strong>.<\/p>\n<p>Connu mondialement ce Oud (Bois d&rsquo;Agar) distill\u00e9 en Tha\u00eflande dans la province de Trat est tr\u00e8s recherch\u00e9 car il poss\u00e8de des tons sucr\u00e9s et frais, nous avons le privil\u00e8ge de vous d\u00e9voiler l&rsquo;huile pure de ce magnifique Oud !<\/p>\n<p><strong>Cette essence est un tr\u00e9sor de parfumerie, un parfum exceptionnel, intense et durable. Ce Oud Trat Malaki a \u00e9t\u00e9 conserv\u00e9 6 ans (distill\u00e9e en 2020) apr\u00e8s sa distillation ce qui vous garanti une excellente exp\u00e9rience et un parfum de tr\u00e8s grande qualit\u00e9.<\/strong><\/p>\n<p><strong>De couleur brun fonc\u00e9<\/strong> elle d\u00e9gage une odeur suave, profonde et puissante. Au fil des heures elle vous d\u00e9voilera ses <strong>tons sucr\u00e9s, bois\u00e9s, ayant des notes de cuir, de fleurs de lilas et terminant sur des notes de prairies l\u00e9g\u00e8rement animales,<\/strong> parfois difficile \u00e0 d\u00e9crire tellement le parfum qui s&rsquo;en d\u00e9gage est riche!<\/p>\n<p>D\u00e9couvrez la beaut\u00e9 et les secrets de cette huile de Oud riche en notes exquises et \u00e9l\u00e9gantes\u2026<\/p>\n<p><strong>Informations :<\/strong><\/p>\n<p>Issu du bois le plus cher et le plus pr\u00e9cieux au monde, cette huile de Oud est utilis\u00e9e par les plus grandes parfumeries mondiales afin de concevoir leur parfum de luxe.<br \/>\nCe pr\u00e9cieux produit de luxe de grande valeur est obtenu \u00e0 partir de plusieurs types d\u2019arbres d\u2019Asie du sud Est, le plus connu \u00e9tant l\u2019Aquilaria Malaccensis de part sa qualit\u00e9 et sa r\u00e9sine odorante exceptionnelle.<\/p>\n<p><strong>Ses vertus :<\/strong><\/p>\n<p>Le bois d\u2019Agar est \u00e9galement consid\u00e9r\u00e9 comme un aphrodisiaque tr\u00e8s puissant. Dans beaucoup de cultures, les femmes impr\u00e9gnaient leurs v\u00eatements aussi bien qu\u2019elles-m\u00eames de son parfum. C\u2019est sous forme huileuse que le bois de oud est couramment utilis\u00e9. Dans le monde arabe, son huile est employ\u00e9e pour se parfumer \u00e0 m\u00eame la peau. Elle est une mati\u00e8re premi\u00e8re essentielle dans la parfumerie du Moyen-Orient. Tr\u00e8s pr\u00e9cieuse, l\u2019huile d\u00e9veloppe un ar\u00f4me envo\u00fbtant, incroyablement raffin\u00e9 \u00e0 la fois brut et sophistiqu\u00e9.. Son parfum vous procurera du bien \u00eatre et dissipera votre stress. (\u0625\u0646 \u0634\u0627\u0621 \u0627\u0644\u0644\u0647)<\/p>\n<p><strong>Produit d\u2019excellente qualit\u00e9 !<\/strong><\/p>\n<p>Tenue longue dur\u00e9e garanti<\/p>\n<p>Issue de Oud 100% naturel Aquilaria Crassna<\/p>\n<p><strong>Date de distillation :<\/strong> 2020<\/p>\n<p><strong>Notes :<\/strong> Cuir, sucr\u00e9es, bois\u00e9es, l\u00e9g\u00e8rement animales, douces, fleurs de lilas, prairies<\/p>\n<p><strong>Flacon :<\/strong> 1ml, 3ml, 6ml 12ml<\/p>\n","protected":false},"excerpt":{"rendered":"<p>Une huile de Oud tha\u00eflandaise \u00e2g\u00e9e exceptionnelle de la province de Trat, \u00e0 la senteur royale, <strong>d\u00e9gageant un d\u00e9licieux parfum gourmand et bois\u00e9 tr\u00e8s complexe.<\/strong> Un incontournable \u00e0 avoir absolument dans votre collection!<\/p>\n","protected":false},"featured_media":26094,"comment_status":"open","ping_status":"closed","template":"","meta":[],"product_brand":[],"product_cat":[251,266,264],"product_tag":[338],"class_list":{"0":"post-26089","1":"product","2":"type-product","3":"status-publish","4":"has-post-thumbnail","6":"product_cat-huile-de-oud-pure","7":"product_cat-huiles-de-oud-pure-single-bottle","8":"product_cat-huiles-de-oud-pure-parfums","9":"product_tag-promo-15","10":"pa_quantity-12ml","11":"pa_quantity-1ml","12":"pa_quantity-3ml","13":"pa_quantity-6ml","15":"first","16":"instock","17":"shipping-taxable","18":"purchasable","19":"product-type-variable"},"_links":{"self":[{"href":"https:\/\/sabilycollection.com\/fr\/wp-json\/wp\/v2\/product\/26089","targetHints":{"allow":["GET"]}}],"collection":[{"href":"https:\/\/sabilycollection.com\/fr\/wp-json\/wp\/v2\/product"}],"about":[{"href":"https:\/\/sabilycollection.com\/fr\/wp-json\/wp\/v2\/types\/product"}],"replies":[{"embeddable":true,"href":"https:\/\/sabilycollection.com\/fr\/wp-json\/wp\/v2\/comments?post=26089"}],"wp:featuredmedia":[{"embeddable":true,"href":"https:\/\/sabilycollection.com\/fr\/wp-json\/wp\/v2\/media\/26094"}],"wp:attachment":[{"href":"https:\/\/sabilycollection.com\/fr\/wp-json\/wp\/v2\/media?parent=26089"}],"wp:term":[{"taxonomy":"product_brand","embeddable":true,"href":"https:\/\/sabilycollection.com\/fr\/wp-json\/wp\/v2\/product_brand?post=26089"},{"taxonomy":"product_cat","embeddable":true,"href":"https:\/\/sabilycollection.com\/fr\/wp-json\/wp\/v2\/product_cat?post=26089"},{"taxonomy":"product_tag","embeddable":true,"href":"https:\/\/sabilycollection.com\/fr\/wp-json\/wp\/v2\/product_tag?post=26089"}],"curies":[{"name":"wp","href":"https:\/\/api.w.org\/{rel}","templated":true}]}}