{"id":26096,"date":"2023-10-20T17:36:36","date_gmt":"2023-10-20T15:36:36","guid":{"rendered":"https:\/\/sabilycollection.com\/huile-de-oud-vietnam-agee-2019-grade-malaki-pure-bois-dagar-dehn-al-oud-origine-vietnam\/"},"modified":"2026-04-16T11:37:50","modified_gmt":"2026-04-16T09:37:50","slug":"huile-de-oud-vietnam-agee-2019-grade-malaki-pure-bois-dagar-dehn-al-oud-origine-vietnam","status":"publish","type":"product","link":"https:\/\/sabilycollection.com\/fr\/produit\/huile-de-oud-vietnam-agee-2019-grade-malaki-pure-bois-dagar-dehn-al-oud-origine-vietnam\/","title":{"rendered":"Huile de Oud Vietnam \u00c2g\u00e9e 2019 (Grade Malaki) Pure Bois d\u2019Agar Dehn al Oud Origine Vietnam"},"content":{"rendered":"<p><strong>Nous vous pr\u00e9sentons notre petit joyau du Vietnam.<\/strong><\/p>\n<p>Plongez dans un voyage sensoriel in\u00e9dit avec notre huile de Oud d&rsquo;origine vietnamienne distill\u00e9e en 2019, <strong>une v\u00e9ritable p\u00e9pite pour les amoureux des parfums raffin\u00e9s. D&rsquo;une teinte captivante jaune-brun, cette huile de Oud pure et 100% naturelle vous transporte dans une for\u00eat mystique, o\u00f9 le bois rencontre la douceur sucr\u00e9e, s&rsquo;entrem\u00ealant avec une subtile touche de fum\u00e9e et de puissante note de cuir de daim.<\/strong><\/p>\n<p>Notre huile de Oud Vietnam Malaki est distill\u00e9e \u00e0 partir de pur bois d&rsquo;Agar sans ajout de parfum ou de produits chimiques toxiques, comme toutes nos autres huiles de Oud, ce qui en fait le meilleur choix pour vous. Tout est pur et naturel.<\/p>\n<p><strong>Notre huile de Oud vietnamienne est extraite du fameux bois d&rsquo;alo\u00e8s \u00e0 l&rsquo;int\u00e9rieur des arbres Aquilaria Crassna vietnamien. Aucun parfum n&rsquo;est m\u00e9lang\u00e9 \u00e0 cette huile de Oud pure comme l&rsquo;on peut malheureusement souvent le retrouver dans le march\u00e9 du Oud, sp\u00e9cialement dans les huiles de Oud issues vietnam. <\/strong><\/p>\n<p>Son odeur est caract\u00e9ris\u00e9e par <strong>des notes de cuir de daim, chaleureuses,\u00a0 sucr\u00e9es, bois\u00e9es, douces, et l\u00e9g\u00e8rement fum\u00e9es.<\/strong><\/p>\n<p>Ce qui rend notre huile de Oud du Vietnam si unique, c&rsquo;est son authenticit\u00e9 in\u00e9gal\u00e9e. Pas de produits chimiques ajout\u00e9s, seulement la puret\u00e9 de la nature. <strong>Avant d&rsquo;\u00eatre distill\u00e9, le bois a \u00e9t\u00e9 soigneusement impr\u00e9gn\u00e9 pendant 14 jours, r\u00e9v\u00e9lant ainsi des couches complexes de sa personnalit\u00e9.<\/strong> De plus, notre huile de Oud a \u00e9t\u00e9 patiemment <strong>vieilli pendant 7 ans, d\u00e9veloppant une profondeur et une richesse aromatique in\u00e9gal\u00e9es.<\/strong><\/p>\n<p><strong>Cette magnifique et rare essence reste sur la peau jusqu&rsquo;\u00e0 10 heures<\/strong>, et si elle est appliqu\u00e9e sur les v\u00eatements elle durera facilement pendant des semaines.<\/p>\n<p>Le moment culminant arrive avec le s\u00e9chage, offrant un parfum envo\u00fbtant de copeaux d&rsquo;agarwood impr\u00e9gn\u00e9s de r\u00e9sine qui <strong>\u00e9voque la v\u00e9ritable essence de l&rsquo;encens d&rsquo;agarwood de haute qualit\u00e9 en train de doucement se consumer.<\/strong><\/p>\n<p>Plongez dans cette exp\u00e9rience olfactive exceptionnelle et d\u00e9couvrez la sensation la plus proche de l&rsquo;odeur authentique de l&rsquo;encens d&rsquo;agarwood de haute qualit\u00e9 avec notre Oud d&rsquo;origine vietnamienne. <strong>C&rsquo;est l&rsquo;occasion id\u00e9ale de poss\u00e9der une pi\u00e8ce d&rsquo;histoire aromatique.<\/strong><\/p>\n<p>N&rsquo;attendez plus pour d\u00e9couvrir cet \u00e9lixir exquis et vous laisser emporter par son charme bois\u00e9 sucr\u00e9. Obtenez le v\u00f4tre aujourd&rsquo;hui et faites de chaque jour une aventure parfum\u00e9e.<\/p>\n<p><strong>Informations :<\/strong><\/p>\n<p>Issu du bois le plus cher et le plus pr\u00e9cieux au monde, cette huile de Oud est utilis\u00e9e par les plus grandes parfumeries mondiales afin de concevoir leur parfum de luxe. Ce pr\u00e9cieux produit de luxe de grande valeur est obtenu \u00e0 partir de plusieurs types d\u2019arbres d\u2019Asie du sud Est, le plus connu \u00e9tant l\u2019Aquilaria Malaccensis de part sa qualit\u00e9 et sa r\u00e9sine odorante exceptionnelle.<\/p>\n<p><strong>Ses vertus :<\/strong><\/p>\n<p>Le bois d\u2019Agar est \u00e9galement consid\u00e9r\u00e9 comme un aphrodisiaque tr\u00e8s puissant. Dans beaucoup de cultures, les femmes impr\u00e9gnaient leurs v\u00eatements aussi bien qu\u2019elles-m\u00eames de son parfum. C\u2019est sous forme huileuse que le bois de oud est couramment utilis\u00e9. Dans le monde arabe, son huile est employ\u00e9e pour se parfumer \u00e0 m\u00eame la peau. Elle est une mati\u00e8re premi\u00e8re essentielle dans la parfumerie du Moyen-Orient. Tr\u00e8s pr\u00e9cieuse, l\u2019huile d\u00e9veloppe un ar\u00f4me envo\u00fbtant, incroyablement raffin\u00e9 \u00e0 la fois brut et sophistiqu\u00e9.. Son parfum vous procurera du bien \u00eatre et dissipera votre stress. (\u0625\u0646 \u0634\u0627\u0621 \u0627\u0644\u0644\u0647)<\/p>\n<p><strong>Produit rare et de grande qualit\u00e9 !<\/strong><\/p>\n<p><strong>Trempage du Oud :<\/strong> 14 days<\/p>\n<p><strong>Date de Distillation\u00a0 :<\/strong> 2019<\/p>\n<p>Distill\u00e9e \u00e0 partir de bois d\u2019agar 100 % naturel et sauvage (Aquilaria Crassna)<\/p>\n<p>100% pur et sans dilution<\/p>\n<p>100% aucun autre additif<\/p>\n<p>100% sans parfum artificiel<\/p>\n<p>100% sans coloration<\/p>\n<p>100% sans fermentation alcoolique<\/p>\n<p>Trempage 100% sans \u00e9thanol<\/p>\n<p><strong>Notes :<\/strong> Sucr\u00e9e, douce, bois\u00e9e, terreuse, fum\u00e9e, touche d&rsquo;agrumes, l\u00e9g\u00e8rement animale<\/p>\n<p><strong>Flacon :<\/strong> 1ml, 3ml, 6ml, 12ml.<\/p>\n","protected":false},"excerpt":{"rendered":"<p><strong>Plongez dans le raffinement absolu avec notre v\u00e9ritable p\u00e9pite du Vietnam.<\/strong><\/p>\n<p>Notre Oud vietnamien Malaki de 2019 r\u00e9colt\u00e9 \u00e0 partir du rare bois d&rsquo;Agar vietnamien, <strong>incarne la quintessence de l&rsquo;\u00e9l\u00e9gance olfactive. Ses notes de cuir de daim, bois\u00e9es et sucr\u00e9es vous transportent dans un monde de luxe sensoriel.<\/strong> A chaque goutte de notre Oud, une exp\u00e9rience parfum\u00e9e incomparable vous invite \u00e0 la d\u00e9couverte.<\/p>\n<p>Laissez-vous envelopper par le charme du Vietnam, <strong>une huile de Oud exceptionnelle \u00e0 avoir dans sa collection !<\/strong><\/p>\n","protected":false},"featured_media":26101,"comment_status":"open","ping_status":"closed","template":"","meta":[],"product_brand":[],"product_cat":[251,266,264],"product_tag":[],"class_list":{"0":"post-26096","1":"product","2":"type-product","3":"status-publish","4":"has-post-thumbnail","6":"product_cat-huile-de-oud-pure","7":"product_cat-huiles-de-oud-pure-single-bottle","8":"product_cat-huiles-de-oud-pure-parfums","9":"pa_quantity-12ml","10":"pa_quantity-1ml","11":"pa_quantity-3ml","12":"pa_quantity-6ml","14":"first","15":"instock","16":"shipping-taxable","17":"purchasable","18":"product-type-variable"},"_links":{"self":[{"href":"https:\/\/sabilycollection.com\/fr\/wp-json\/wp\/v2\/product\/26096","targetHints":{"allow":["GET"]}}],"collection":[{"href":"https:\/\/sabilycollection.com\/fr\/wp-json\/wp\/v2\/product"}],"about":[{"href":"https:\/\/sabilycollection.com\/fr\/wp-json\/wp\/v2\/types\/product"}],"replies":[{"embeddable":true,"href":"https:\/\/sabilycollection.com\/fr\/wp-json\/wp\/v2\/comments?post=26096"}],"wp:featuredmedia":[{"embeddable":true,"href":"https:\/\/sabilycollection.com\/fr\/wp-json\/wp\/v2\/media\/26101"}],"wp:attachment":[{"href":"https:\/\/sabilycollection.com\/fr\/wp-json\/wp\/v2\/media?parent=26096"}],"wp:term":[{"taxonomy":"product_brand","embeddable":true,"href":"https:\/\/sabilycollection.com\/fr\/wp-json\/wp\/v2\/product_brand?post=26096"},{"taxonomy":"product_cat","embeddable":true,"href":"https:\/\/sabilycollection.com\/fr\/wp-json\/wp\/v2\/product_cat?post=26096"},{"taxonomy":"product_tag","embeddable":true,"href":"https:\/\/sabilycollection.com\/fr\/wp-json\/wp\/v2\/product_tag?post=26096"}],"curies":[{"name":"wp","href":"https:\/\/api.w.org\/{rel}","templated":true}]}}