{"id":26102,"date":"2023-10-20T17:59:42","date_gmt":"2023-10-20T15:59:42","guid":{"rendered":"https:\/\/sabilycollection.com\/huile-de-oud-bois-dagar-cambodi-pursat-agee-2022-grade-malaki-pure-dehn-al-oud-origine-cambodge\/"},"modified":"2026-04-16T11:11:51","modified_gmt":"2026-04-16T09:11:51","slug":"huile-de-oud-bois-dagar-cambodi-pursat-agee-2022-grade-malaki-pure-dehn-al-oud-origine-cambodge","status":"publish","type":"product","link":"https:\/\/sabilycollection.com\/fr\/produit\/huile-de-oud-bois-dagar-cambodi-pursat-agee-2022-grade-malaki-pure-dehn-al-oud-origine-cambodge\/","title":{"rendered":"Huile de Oud Bois d\u2019Agar Cambodi Pursat \u00c2g\u00e9e 2022 (Grade Malaki) Pure Dehn Al Oud Origine Cambodge"},"content":{"rendered":"<p><strong>Embarquez pour un voyage parfum\u00e9 o\u00f9 la raret\u00e9 rencontre la grandeur<\/strong>, \u00e0 travers notre pr\u00e9cieuse huile de Oud Cambodgienne, <strong>provenant du Oud sauvage des jungles de Pursat d\u00e9sormais rare.<\/strong><\/p>\n<p><strong>Cette essence est un don pr\u00e9cieux,<\/strong> issue d&rsquo;anciens arbres sauvages, dont le bois est impr\u00e9gn\u00e9 de l&rsquo;histoire des si\u00e8cles pass\u00e9s. Lorsque vous d\u00e9bouchez ce flacon, le parfum qui s&rsquo;en d\u00e9gage est bien plus qu&rsquo;une simple fragrance. <strong>C&rsquo;est une invitation \u00e0 un voyage sensoriel,<\/strong> une plong\u00e9e profonde dans l&rsquo;\u00e2me de la terre et dans l&rsquo;essence de la royaut\u00e9 olfactive.<\/p>\n<p><strong>Chaque goutte de notre pr\u00e9cieuse huile de Oud Cambodi Pursat 2022 raconte une histoire de patience et de respect envers la nature, car elle est extraite de ces rares arbres qui ont endur\u00e9 l&rsquo;\u00e9preuve du temps.<\/strong> Les notes qui se d\u00e9voilent sont \u00e0 la fois riches et captivantes, <strong>domin\u00e9es par l\u2019\u00e9clat vif et raffin\u00e9 des baies rouges, apportant une intensit\u00e9 fruit\u00e9e unique qui sublime toute la composition<\/strong> et \u00e9voque des si\u00e8cles de grandeur.<\/p>\n<p><strong>Le caract\u00e8re bois\u00e9 de ce Oud est prononc\u00e9, avec des nuances subtiles de cuir, de terre et d&rsquo;\u00e9pices.<\/strong> C&rsquo;est un parfum vraiment <strong>gourmand<\/strong> <strong>avec une touche d\u00e9licieuse de caramel !<\/strong> Chaque inspiration r\u00e9v\u00e8le une complexit\u00e9 olfactive qui rappelle le parfum de la noblesse et de la royaut\u00e9, un parfum autrefois r\u00e9serv\u00e9 \u00e0 l&rsquo;\u00e9lite des soci\u00e9t\u00e9s anciennes. <strong>Le Oud sauvage, d\u00e9sormais si rare, incarne la quintessence de la grandeur et de la pr\u00e9ciosit\u00e9.<\/strong><\/p>\n<p>C&rsquo;est un tr\u00e9sor naturel qui a surv\u00e9cu \u00e0 l&rsquo;\u00e9preuve du temps, et chaque goutte de cette huile est une c\u00e9l\u00e9bration de son existence. Les arbres qui ont donn\u00e9 naissance \u00e0 ce Oud sont les gardiens de l&rsquo;histoire et de la tradition, et chaque goutte de cette huile est une ode \u00e0 leur r\u00e9silience. <strong>Cette pr\u00e9cieuse Cambodi Pursat \u00e2g\u00e9e est un v\u00e9ritable h\u00e9ritage, un lien avec l&rsquo;histoire du Oud sauvage Cambodgien, un rappel de la grandeur des temps pass\u00e9s.<\/strong><\/p>\n<p>En l&rsquo;appliquant, vous vous enveloppez dans l&rsquo;aura de la royaut\u00e9 olfactive, vous devenez un h\u00e9ritier de la grandeur, un gardien de la tradition. <strong>Lorsque vous sentirez notre Oud Cambodgien vous ressentirez directement une magnifique explosion olfactive<\/strong> et vos sens en seront \u00e9merveill\u00e9s de part sa grande richesse, sa beaut\u00e9 et ses notes d&rsquo;un autre monde&#8230; <strong>Les mots ne suffisent pas pour parler de cette beaut\u00e9 naturelle qui \u00e9merveille tout amateur de senteur naturelle.<\/strong><\/p>\n<p>Cette beaut\u00e9 parmi les huiles de Oud est un vrai tr\u00e9sor \u00e0 avoir <strong>pour les connaisseurs et les amateurs de fragrances myst\u00e9rieuses et riches.<\/strong><\/p>\n<p><strong>Hautement recommand\u00e9 !<\/strong><\/p>\n<p><strong>Informations :<\/strong><\/p>\n<p>Issu du bois le plus cher et le plus pr\u00e9cieux au monde, cette huile de Oud est utilis\u00e9e par les plus grandes parfumeries mondiales afin de concevoir leur parfum de luxe.<br \/>\nCe pr\u00e9cieux produit de luxe de grande valeur est obtenu \u00e0 partir de plusieurs types d\u2019arbres d\u2019Asie du sud Est, le plus connu \u00e9tant l\u2019Aquilaria Malaccensis de part sa qualit\u00e9 et sa r\u00e9sine odorante exceptionnelle.<\/p>\n<p><strong>Ses vertus :<\/strong><\/p>\n<p>Le bois d\u2019Agar est \u00e9galement consid\u00e9r\u00e9 comme un aphrodisiaque tr\u00e8s puissant. Dans beaucoup de cultures, les femmes impr\u00e9gnaient leurs v\u00eatements aussi bien qu\u2019elles-m\u00eames de son parfum. C\u2019est sous forme huileuse que le bois de oud est couramment utilis\u00e9.\u00a0 Dans le monde arabe, son huile est employ\u00e9e pour se parfumer \u00e0 m\u00eame la peau. Elle est une mati\u00e8re premi\u00e8re essentielle dans la parfumerie du Moyen-Orient. Tr\u00e8s pr\u00e9cieuse, l\u2019huile d\u00e9veloppe un ar\u00f4me envo\u00fbtant, incroyablement raffin\u00e9 \u00e0 la fois animal, brut et sophistiqu\u00e9.. Son parfum vous procurera du bien \u00eatre et dissipera votre stress. (\u0625\u0646 \u0634\u0627\u0621 \u0627\u0644\u0644\u0647)<\/p>\n<p><strong>Produit d\u2019excellente qualit\u00e9 !<\/strong><\/p>\n<p><strong>Date de distillation :<\/strong> 2022<\/p>\n<p><strong>\u00c9quipement utilis\u00e9 :<\/strong> alambic en cuivre<\/p>\n<p><strong>Type de distillation :<\/strong> feu de bois<\/p>\n<p>Distill\u00e9e \u00e0 partir de bois d\u2019agar 100 % naturel et sauvage (Aquilari a Crassna)<\/p>\n<p>Tenue longue dur\u00e9e garanti<\/p>\n<p>100% pur et sans dilution<\/p>\n<p>100% aucun autre additif<\/p>\n<p>100% sans parfum artificiel<\/p>\n<p>100% sans coloration<\/p>\n<p>100% sans fermentation alcoolique<\/p>\n<p>Trempage 100% sans \u00e9thanol<\/p>\n<p><strong>Notes :<\/strong> baies rouges, bois\u00e9es, sucr\u00e9es, florales, caramel, noisette, basse-cour (l\u00e9ger)<\/p>\n<p><strong>Flacon :<\/strong> 1ml, 3ml, 6ml<\/p>\n","protected":false},"excerpt":{"rendered":"<p>Notre huile de Oud pure Cambodi Pursat <strong>s\u2019ouvre sur l\u2019\u00e9clat vif et g\u00e9n\u00e9reux des baies rouges, dominantes et irr\u00e9sistibles, qui insufflent une intensit\u00e9 fruit\u00e9e et raffin\u00e9e.<\/strong><\/p>\n<p>Elles se fondent ensuite dans des <strong>notes florales et sucr\u00e9es, relev\u00e9es de touches de caramel et de noisette, avant de r\u00e9v\u00e9ler peu \u00e0 peu une profondeur bois\u00e9e qui accompagne subtilement votre journ\u00e9e.<\/strong> Un parfum \u00e0 la fois noble et singulier, \u00e0 d\u00e9couvrir absolument !<\/p>\n","protected":false},"featured_media":26107,"comment_status":"open","ping_status":"closed","template":"","meta":[],"product_brand":[],"product_cat":[251,266,264],"product_tag":[],"class_list":{"0":"post-26102","1":"product","2":"type-product","3":"status-publish","4":"has-post-thumbnail","6":"product_cat-huile-de-oud-pure","7":"product_cat-huiles-de-oud-pure-single-bottle","8":"product_cat-huiles-de-oud-pure-parfums","9":"pa_quantity-1ml","10":"pa_quantity-3ml","11":"pa_quantity-6ml","13":"first","14":"instock","15":"shipping-taxable","16":"purchasable","17":"product-type-variable"},"_links":{"self":[{"href":"https:\/\/sabilycollection.com\/fr\/wp-json\/wp\/v2\/product\/26102","targetHints":{"allow":["GET"]}}],"collection":[{"href":"https:\/\/sabilycollection.com\/fr\/wp-json\/wp\/v2\/product"}],"about":[{"href":"https:\/\/sabilycollection.com\/fr\/wp-json\/wp\/v2\/types\/product"}],"replies":[{"embeddable":true,"href":"https:\/\/sabilycollection.com\/fr\/wp-json\/wp\/v2\/comments?post=26102"}],"wp:featuredmedia":[{"embeddable":true,"href":"https:\/\/sabilycollection.com\/fr\/wp-json\/wp\/v2\/media\/26107"}],"wp:attachment":[{"href":"https:\/\/sabilycollection.com\/fr\/wp-json\/wp\/v2\/media?parent=26102"}],"wp:term":[{"taxonomy":"product_brand","embeddable":true,"href":"https:\/\/sabilycollection.com\/fr\/wp-json\/wp\/v2\/product_brand?post=26102"},{"taxonomy":"product_cat","embeddable":true,"href":"https:\/\/sabilycollection.com\/fr\/wp-json\/wp\/v2\/product_cat?post=26102"},{"taxonomy":"product_tag","embeddable":true,"href":"https:\/\/sabilycollection.com\/fr\/wp-json\/wp\/v2\/product_tag?post=26102"}],"curies":[{"name":"wp","href":"https:\/\/api.w.org\/{rel}","templated":true}]}}