{"id":26109,"date":"2023-10-22T08:12:08","date_gmt":"2023-10-22T06:12:08","guid":{"rendered":"https:\/\/sabilycollection.com\/oud-hindi-nagaland-bois-dagar-sauvage-grade-triple-super-inde\/"},"modified":"2026-02-18T16:54:32","modified_gmt":"2026-02-18T15:54:32","slug":"oud-hindi-nagaland-bois-dagar-sauvage-grade-triple-super-inde","status":"publish","type":"product","link":"https:\/\/sabilycollection.com\/fr\/produit\/oud-hindi-nagaland-bois-dagar-sauvage-grade-triple-super-inde\/","title":{"rendered":"Oud Hindi Nagaland Bois d\u2019Agar Sauvage Grade Triple Super Inde"},"content":{"rendered":"<p>Le Oud Indien de Nagaland est un Oud c\u00e9l\u00e8bre \u00e0 la senteur exquise. Le type de Oud que nous proposons est de grade Triple Super, un bois d\u2019Agar \u00e2g\u00e9e de tr\u00e8s bonne qualit\u00e9.<\/p>\n<p>Un Oud au grade \u00e9lev\u00e9 100% naturel devenu de plus en plus rare. En effet il est devenu extr\u00eamement difficile de trouver un Oud Indien qui n&rsquo;est pas peint et qui n&rsquo;est pas transform\u00e9 et maquill\u00e9. Les nettoyeurs de Oud en Inde sont de v\u00e9ritables sp\u00e9cialistes dans la transformation des Ouds de mauvaises qualit\u00e9s, ils peignent le bois afin de lui donner une apparence digne des Ouds au grade \u00e9lev\u00e9 et utilisent des mat\u00e9riaux qui ne sont pas d\u00e9tectables par la masse des gens.<\/p>\n<p>Seuls ceux sont qui ont une fine exp\u00e9rience du Bois d&rsquo;Agar peuvent reconna\u00eetre un Oud modifi\u00e9 et embelli qui n&rsquo;est pas naturel et authentique. Cela est malheureusement tr\u00e8s courant au Cambodge, en Indon\u00e9sie et dans d&rsquo;autres pays.<\/p>\n<p>Notre bois d\u2019Agar de la r\u00e9gion de Nagaland provient de l\u2019arbre Aquilaria Agallocha. C\u2019est l\u2019une des r\u00e9gions les plus \u00e0 l\u2019est de l\u2019Inde, limitrophe de la Birmanie, une r\u00e9gion r\u00e9put\u00e9e pour la qualit\u00e9 de son Oud bien connu depuis les anciens si\u00e8cles, \u00e9poque o\u00f9 l&rsquo;Inde \u00e9tait au sommet de la ru\u00e9e vers les Encens. Nous pouvons affirmer que le Oud de Nagaland est le Oud Indien le plus pris\u00e9 par les sp\u00e9cialistes arabes et amateurs de Oud bien avant celui des autres Oud Indien d&rsquo;Assam ou de Manipur&#8230;<br \/>\nSon parfum est sensationnel, il d\u00e9gage des notes \u00e9pic\u00e9es profondes et bois\u00e9es qui durent des heures. Un Oud de valeur \u00e0 ajouter \u00e0 votre collection!<\/p>\n<p>Nous pouvons assur\u00e9ment affirmer que ce Oud Indien fait parti des meilleurs senteurs de Oud au monde. Un Oud qui laissera un parfum royal dans votre maison et qui fera des envieux et ne cessera d&rsquo;impressionner les gens de votre entourage.<\/p>\n<p>Le Oud de Nagaland est id\u00e9al pour les grandes occasions, et pour accueillir vos invit\u00e9s dans les meilleures conditions et leur faire d\u00e9couvrir des senteurs uniques!<\/p>\n<p>Conseil d&rsquo;utilisation pour le Oud:<\/p>\n<p>Avec notre Oud \u00e0 br\u00fbler vous allez profiter d&rsquo;un voyage olfactif exceptionnel qui vous offrira une exp\u00e9rience unique. Nous recommandons tr\u00e8s fortement l&rsquo;utilisation d&rsquo;une couche d&rsquo;aluminium sur votre charbon ardent afin de prolonger la dur\u00e9e de combustion et de vous garantir un ar\u00f4me pure et de meilleure qualit\u00e9!<\/p>\n<p>Ses avantages:<\/p>\n<p>Le bois d\u2019agar est \u00e9galement consid\u00e9r\u00e9 comme un aphrodisiaque tr\u00e8s puissant. Dans de nombreuses cultures, les femmes impr\u00e9gnaient leurs v\u00eatements tout en se parfumant. Utilis\u00e9 en m\u00e9decine, le bois d\u2019agar est un rem\u00e8de contre les troubles nerveux tels que la n\u00e9vrose, le comportement obsessionnel et l\u2019\u00e9puisement. Il est hautement psychoactif et permet un rapprochement avec notre c\u00f4t\u00e9 spirituel. C\u2019est pourquoi c\u2019est le meilleur encens de m\u00e9ditation, apportant de l\u2019\u00e9nergie au centre et apaisant l\u2019esprit. Son odeur vous procurera du bien-\u00eatre et dissipera votre stress.<\/p>\n<p>On lui attribue des bienfaits contre les maux de ventre, certaines maladies cardio-vasculaires, les neuropathies, naus\u00e9es ou l\u2019asthme. Il est m\u00eame largement utilis\u00e9 par l\u2019industrie pharmaceutique car naturellement riche en terp\u00e9no\u00efdes (s\u00e9datif et anxiolytique naturel) ainsi qu\u2019en polyph\u00e9nols (antioxydant naturel). Il facilite aussi la digestion. Ses vertus m\u00e9dicinales ont \u00e9t\u00e9 prouv\u00e9es notamment pour les troubles du sommeil, le cholest\u00e9rol et bien plus encore\u2026<\/p>\n<p>Sa raret\u00e9, et ses nombreuses vertus, font donc du bois d\u2019agar un bois pr\u00e9cieux extr\u00eamement recherch\u00e9, et donc extr\u00eamement co\u00fbteux.<\/p>\n<p>Ses notes: \u00e9pic\u00e9es, bois\u00e9es, floral, luxueux<\/p>\n<p>R\u00e9gion: Nagaland<\/p>\n<p>Type de Oud: Aquilaria Agallocha<\/p>\n<p>Bois d\u2019Agar sauvage 100% naturel<\/p>\n<p>Grade: Triple Super<\/p>\n<p>Tr\u00e8s Longue dur\u00e9e<\/p>\n<p>Conditionnement: 10g, 20g, 50g<\/p>\n","protected":false},"excerpt":{"rendered":"<p>Oud Hindi Nagaland sauvage&#8230; C&rsquo;est le type de Oud de luxe le plus c\u00e9l\u00e8bre, appel\u00e9 \u00ab Le Roi du Oud \u00bb<\/p>\n<p>Nous vous pr\u00e9sentons ici un pure Oud de luxe, de beaut\u00e9 et de splendeur. Id\u00e9al pour les grandes occasions, les invit\u00e9s, les cadeaux et l&rsquo;usage personnel quotidien. Un Oud haut de gamme \u00e0 ne surtout pas manquer!<\/p>\n<p>&nbsp;<\/p>\n","protected":false},"featured_media":26113,"comment_status":"open","ping_status":"closed","template":"","meta":[],"product_brand":[],"product_cat":[263,245],"product_tag":[338],"class_list":{"0":"post-26109","1":"product","2":"type-product","3":"status-publish","4":"has-post-thumbnail","6":"product_cat-lencens-oud-bois-dagar","7":"product_cat-les-encens-dexcellence","8":"product_tag-promo-15","9":"pa_weight-10g","10":"pa_weight-20g","11":"pa_weight-50g","13":"first","14":"instock","15":"shipping-taxable","16":"purchasable","17":"product-type-variable"},"_links":{"self":[{"href":"https:\/\/sabilycollection.com\/fr\/wp-json\/wp\/v2\/product\/26109","targetHints":{"allow":["GET"]}}],"collection":[{"href":"https:\/\/sabilycollection.com\/fr\/wp-json\/wp\/v2\/product"}],"about":[{"href":"https:\/\/sabilycollection.com\/fr\/wp-json\/wp\/v2\/types\/product"}],"replies":[{"embeddable":true,"href":"https:\/\/sabilycollection.com\/fr\/wp-json\/wp\/v2\/comments?post=26109"}],"wp:featuredmedia":[{"embeddable":true,"href":"https:\/\/sabilycollection.com\/fr\/wp-json\/wp\/v2\/media\/26113"}],"wp:attachment":[{"href":"https:\/\/sabilycollection.com\/fr\/wp-json\/wp\/v2\/media?parent=26109"}],"wp:term":[{"taxonomy":"product_brand","embeddable":true,"href":"https:\/\/sabilycollection.com\/fr\/wp-json\/wp\/v2\/product_brand?post=26109"},{"taxonomy":"product_cat","embeddable":true,"href":"https:\/\/sabilycollection.com\/fr\/wp-json\/wp\/v2\/product_cat?post=26109"},{"taxonomy":"product_tag","embeddable":true,"href":"https:\/\/sabilycollection.com\/fr\/wp-json\/wp\/v2\/product_tag?post=26109"}],"curies":[{"name":"wp","href":"https:\/\/api.w.org\/{rel}","templated":true}]}}