{"id":26114,"date":"2023-10-24T12:16:03","date_gmt":"2023-10-24T10:16:03","guid":{"rendered":"https:\/\/sabilycollection.com\/oud-birmanie-char-bois-dagar-sauvage-grade-double-super\/"},"modified":"2026-02-18T16:54:32","modified_gmt":"2026-02-18T15:54:32","slug":"oud-birmanie-char-bois-dagar-sauvage-grade-double-super","status":"publish","type":"product","link":"https:\/\/sabilycollection.com\/fr\/produit\/oud-birmanie-char-bois-dagar-sauvage-grade-double-super\/","title":{"rendered":"Oud Birmanie Char Bois d\u2019Agar Sauvage Grade Double Super"},"content":{"rendered":"<p>Le Oud de Birmanie Char Double Super que nous vous pr\u00e9sentons est d&rsquo;un grade \u00e9lev\u00e9 d&rsquo;excellente qualit\u00e9.<\/p>\n<p>Chaque pi\u00e8ce a \u00e9t\u00e9 soigneusement nettoy\u00e9e et examin\u00e9e afin que votre exp\u00e9rience soit pure et incomparable. La Birmanie, aujourd&rsquo;hui connue sous le nom de Myanmar, est le berceau de ce pr\u00e9cieux bois d&rsquo;Agar naturel. Il incarne la fusion harmonieuse de la douceur indienne et de la magnificence du Oud Cambodgien. Les notes sucr\u00e9es, bois\u00e9es et florales de ce pr\u00e9cieux Oud birman vous emporteront dans un voyage sensoriel in\u00e9gal\u00e9.<\/p>\n<p>Cependant, il est essentiel de noter que, en raison de sa renomm\u00e9e et de son excellence, de nombreux commer\u00e7ants ont commenc\u00e9 \u00e0 vendre du Oud indien sous le nom de Birmanie. L&rsquo;acquisition du Oud birman est devenue un d\u00e9fi complexe, en grande partie \u00e0 cause de la situation politique difficile en Birmanie et de la raret\u00e9 de ses ressources. La pr\u00e9servation de cette richesse olfactive demeure un acte pr\u00e9cieux, \u00e9voquant \u00e0 la fois l&rsquo;h\u00e9ritage culturel et l&rsquo;authenticit\u00e9 parfum\u00e9e de la Birmanie.<\/p>\n<p>Lorsque vous br\u00fblez ce Oud birman, il lib\u00e8re des notes parfum\u00e9es enchanteresses, m\u00ealant des ar\u00f4mes sucr\u00e9s, bois\u00e9s et floraux, cr\u00e9ant une atmosph\u00e8re chaleureuse et apaisante. Il s&rsquo;agit d&rsquo;un Oud haut de gamme, recherch\u00e9 pour sa qualit\u00e9 sup\u00e9rieure et son parfum riche. Chaque instant o\u00f9 vous laissez ces riches volutes parfum\u00e9es envahir votre espace est un hommage \u00e0 l&rsquo;h\u00e9ritage olfactif de la Birmanie.<\/p>\n<p>Offrez-vous cette exp\u00e9rience unique et d\u00e9couvrez l&rsquo;essence m\u00eame de l&rsquo;\u00e9l\u00e9gance parfum\u00e9e avec notre Oud sauvage de Birmanie.<\/p>\n<p>Pr\u00e9parez-vous \u00e0 plonger dans un monde de parfums exquis et de luxe in\u00e9gal\u00e9 avec notre Oud de Birmanie. D\u00e9couvrez un tr\u00e9sor olfactif d&rsquo;une qualit\u00e9 exceptionnelle, un Oud haut de gamme qui s\u00e9duira vos sens et \u00e9veillera votre curiosit\u00e9.<\/p>\n<p>Id\u00e9al pour parfumer sa demeure avant de recevoir ses invit\u00e9s, pour les grands \u00e9v\u00e8nements comme les f\u00eates et les mariages ou tout simplement pour passer un bon moment de d\u00e9tente.<\/p>\n<p>Conseil d\u2019utilisation pour le Oud:<\/p>\n<p>Avec notre Oud \u00e0 br\u00fbler vous allez profiter d\u2019un voyage olfactif exceptionnel qui vous offrira une exp\u00e9rience unique. Nous recommandons tr\u00e8s fortement l\u2019utilisation d\u2019une couche d\u2019aluminium sur votre charbon ardent afin de prolonger la dur\u00e9e de combustion et de vous garantir un ar\u00f4me pure et de meilleure qualit\u00e9!<\/p>\n<p>Ses vertus:<\/p>\n<p>Le bois d\u2019Agar est \u00e9galement consid\u00e9r\u00e9 comme un aphrodisiaque tr\u00e8s puissant. Dans beaucoup de cultures, les femmes impr\u00e9gnaient leurs v\u00eatements aussi bien qu\u2019elles-m\u00eames de son parfum. Utilis\u00e9 en m\u00e9decine, le bois d\u2019Agar est un rem\u00e8de pour les d\u00e9sordres nerveux tels que la n\u00e9vrose, le comportement obs\u00e9dant, et l\u2019\u00e9puisement. Il est fortement psychoactif et permet un rapprochement avec notre c\u00f4t\u00e9 spirituel. C\u2019est pourquoi, il est l\u2019encens de m\u00e9ditation par excellence, apportant l\u2019\u00e9nergie au centre et calmant l\u2019esprit. Son odeur vous procurera du bien \u00eatre et dissipera votre stress.<\/p>\n<p>On lui attribue des bienfaits contre les maux de ventre, certaines maladies cardio-vasculaires, les neuropathies, naus\u00e9es ou l\u2019asthme. Il est m\u00eame largement utilis\u00e9 par l\u2019industrie pharmaceutique car naturellement riche en terp\u00e9no\u00efdes (s\u00e9datif et anxiolytique naturel) ainsi qu\u2019en polyph\u00e9nols (antioxydant naturel). Il facilite aussi la digestion. Ses vertus m\u00e9dicinales ont \u00e9t\u00e9 prouv\u00e9es notamment pour les troubles du sommeil, le cholest\u00e9rol et bien plus encore\u2026<\/p>\n<p>Sa raret\u00e9, et ses nombreuses vertus, font donc du bois d\u2019agar un bois pr\u00e9cieux extr\u00eamement recherch\u00e9, et donc extr\u00eamement co\u00fbteux.<\/p>\n<p>Ses notes: Sucr\u00e9es, bois\u00e9es, florales, \u00e9pic\u00e9es<\/p>\n<p>N\u2019h\u00e9sitez plus\u2026 Laissez vous emporter.<\/p>\n<p>Bois d\u2019Agar sauvage 100% naturel<\/p>\n<p>Grade: Double Super<\/p>\n<p>Tr\u00e8s longue tenue<\/p>\n<p>Conditionnement: 10g, 20g, 50g<\/p>\n<p>&nbsp;<\/p>\n","protected":false},"excerpt":{"rendered":"<p>\u00c9levez votre quotidien avec notre Oud de Birmanie, une exp\u00e9rience olfactive d&rsquo;exception. Ses notes sucr\u00e9es, bois\u00e9es et florales cr\u00e9ent une ambiance royale. Offrez-vous le luxe de l&rsquo;\u00e9l\u00e9gance parfum\u00e9e, une exp\u00e9rience unique vous sera d\u00e9voil\u00e9e!<\/p>\n<p>Parfumez votre vie avec notre Oud de Birmanie et profitez d&rsquo;une exp\u00e9rience inoubliable pour vos sens.<\/p>\n","protected":false},"featured_media":26120,"comment_status":"open","ping_status":"closed","template":"","meta":[],"product_brand":[],"product_cat":[263,245],"product_tag":[338],"class_list":{"0":"post-26114","1":"product","2":"type-product","3":"status-publish","4":"has-post-thumbnail","6":"product_cat-lencens-oud-bois-dagar","7":"product_cat-les-encens-dexcellence","8":"product_tag-promo-15","9":"pa_weight-10g","10":"pa_weight-20g","11":"pa_weight-50g","13":"first","14":"instock","15":"shipping-taxable","16":"purchasable","17":"product-type-variable"},"_links":{"self":[{"href":"https:\/\/sabilycollection.com\/fr\/wp-json\/wp\/v2\/product\/26114","targetHints":{"allow":["GET"]}}],"collection":[{"href":"https:\/\/sabilycollection.com\/fr\/wp-json\/wp\/v2\/product"}],"about":[{"href":"https:\/\/sabilycollection.com\/fr\/wp-json\/wp\/v2\/types\/product"}],"replies":[{"embeddable":true,"href":"https:\/\/sabilycollection.com\/fr\/wp-json\/wp\/v2\/comments?post=26114"}],"wp:featuredmedia":[{"embeddable":true,"href":"https:\/\/sabilycollection.com\/fr\/wp-json\/wp\/v2\/media\/26120"}],"wp:attachment":[{"href":"https:\/\/sabilycollection.com\/fr\/wp-json\/wp\/v2\/media?parent=26114"}],"wp:term":[{"taxonomy":"product_brand","embeddable":true,"href":"https:\/\/sabilycollection.com\/fr\/wp-json\/wp\/v2\/product_brand?post=26114"},{"taxonomy":"product_cat","embeddable":true,"href":"https:\/\/sabilycollection.com\/fr\/wp-json\/wp\/v2\/product_cat?post=26114"},{"taxonomy":"product_tag","embeddable":true,"href":"https:\/\/sabilycollection.com\/fr\/wp-json\/wp\/v2\/product_tag?post=26114"}],"curies":[{"name":"wp","href":"https:\/\/api.w.org\/{rel}","templated":true}]}}