{"id":26121,"date":"2023-10-29T09:53:11","date_gmt":"2023-10-29T08:53:11","guid":{"rendered":"https:\/\/sabilycollection.com\/huile-de-oud-koh-kong-cambodi-sweet-agee-2019-grade-malaki-dehn-al-oud-origine-cambodge\/"},"modified":"2026-04-16T10:41:32","modified_gmt":"2026-04-16T08:41:32","slug":"huile-de-oud-koh-kong-cambodi-sweet-agee-2019-grade-malaki-dehn-al-oud-origine-cambodge","status":"publish","type":"product","link":"https:\/\/sabilycollection.com\/fr\/produit\/huile-de-oud-koh-kong-cambodi-sweet-agee-2019-grade-malaki-dehn-al-oud-origine-cambodge\/","title":{"rendered":"Huile de Oud Koh Kong Cambodi Sweet \u00c2g\u00e9e 2019 (Grade Malaki) Dehn Al Oud Origine Cambodge"},"content":{"rendered":"<p>D\u00e9couvrez notre exceptionnelle huile de Oud <strong>Koh-kong Malaki 2019 en provenance du Cambodge renomm\u00e9e pour son caract\u00e8re incroyablement sucr\u00e9, profond et riche.<\/strong> Cette huile de Oud pr\u00e9cieuse, <strong>vieillie pendant 7 ans, incarne la quintessence de la qualit\u00e9.<\/strong><br \/>\nNous avons donc le plaisir de vous pr\u00e9senter cette merveille parmi les huiles pures de Oud sauvage, une luxueuse huile du Cambodge. Sa longue conservation au fil des ann\u00e9es permet d&rsquo;accentuer la fragrance, de la rendre plus intense, plus durable et de lui conf\u00e9rer une qualit\u00e9 exceptionnelle.<\/p>\n<p>Le Oud de Koh Kong est c\u00e9l\u00e8bre pour sa douceur unique et tr\u00e8s riche, une caract\u00e9ristique qui le distingue des autres. <strong>Ses notes sucr\u00e9es profondes et d\u00e9licates en font un tr\u00e9sor olfactif exceptionnel, \u00e9voquant des souvenirs de douceurs tropicales.<\/strong><\/p>\n<p>Continuons \u00e0 explorer les merveilles de notre Cambodia Koh Kong 2019, une huile de Oud qui ne cesse de s\u00e9duire les amateurs et les connaisseurs les plus exigeants&#8230;<\/p>\n<p>Ce tr\u00e9sor olfactif incarne l&rsquo;essence m\u00eame de la nature cambodgienne, provenant d&rsquo;une r\u00e9gion o\u00f9 le climat et le sol unique donnent naissance \u00e0 un Oud d&rsquo;une qualit\u00e9 exceptionnelle. <strong>Chaque goutte de cette huile pr\u00e9cieuse raconte une histoire de terres fertiles, de traditions anciennes et de savoir-faire artisanal.<\/strong><\/p>\n<p>Le secret de son caract\u00e8re sucr\u00e9, profond et riche r\u00e9side dans le processus de vieillissement, o\u00f9 l&rsquo;huile se bonifie tel un pr\u00e9cieux mill\u00e9sime. Cette huile, ayant m\u00fbri pendant 7 ans, a atteint un niveau de qualit\u00e9 rare et exquis. <strong>Elle est le r\u00e9sultat d&rsquo;un processus de distillation m\u00e9ticuleux qui pr\u00e9serve son ar\u00f4me doux et envo\u00fbtant sans aucune note ferment\u00e9 ou de basse-cour.<\/strong><br \/>\nLorsque vous portez cette huile, vous \u00eates envelopp\u00e9 d&rsquo;un parfum doux et puissant \u00e0 la fois qui \u00e9voque la chaleur et la s\u00e9r\u00e9nit\u00e9 des tropiques. C&rsquo;est une exp\u00e9rience olfactive qui vous transporte vers un monde de d\u00e9lices sensoriels.<\/p>\n<p><strong>Un tr\u00e9sor rare et pr\u00e9cieux que tout amateur de kinam\/kyara se doit de saisir et de poss\u00e9der !<\/strong><\/p>\n<p>Laissez-vous s\u00e9duire par cette essence exquise, qui vous d\u00e9voile le raffinement et la qualit\u00e9 du Oud Cambodgien en un seul souffle, c&rsquo;est l&rsquo;excellence olfactive \u00e0 son apog\u00e9e.<\/p>\n<p><strong>Notre Cambodia Koh Kong 2019 deviendra s\u00fbrement votre nouvelle signature olfactive&#8230;<\/strong><\/p>\n<p><strong>Informations :<\/strong><\/p>\n<p>Issu du bois le plus cher et le plus pr\u00e9cieux au monde, cette huile de Oud est utilis\u00e9e par les plus grandes parfumeries mondiales afin de concevoir leur parfum de luxe.<\/p>\n<p>Ce pr\u00e9cieux produit de luxe de grande valeur est obtenu \u00e0 partir de plusieurs types d\u2019arbres d\u2019Asie du sud Est, le plus connu \u00e9tant l\u2019Aquilaria Malaccensis de part sa qualit\u00e9 et sa r\u00e9sine odorante exceptionnelle.<\/p>\n<p><strong>Ses vertus :<\/strong><\/p>\n<p>Le bois d\u2019Agar est \u00e9galement consid\u00e9r\u00e9 comme un aphrodisiaque tr\u00e8s puissant. Dans beaucoup de cultures, les femmes impr\u00e9gnaient leurs v\u00eatements aussi bien qu\u2019elles-m\u00eames de son parfum. C\u2019est sous forme huileuse que le bois de oud est couramment utilis\u00e9. Dans le monde arabe, son huile est employ\u00e9e pour se parfumer \u00e0 m\u00eame la peau. Elle est une mati\u00e8re premi\u00e8re essentielle dans la parfumerie du Moyen-Orient. Tr\u00e8s pr\u00e9cieuse, l\u2019huile d\u00e9veloppe un ar\u00f4me envo\u00fbtant, incroyablement raffin\u00e9 \u00e0 la fois brut et sophistiqu\u00e9.. Son parfum vous procurera du bien \u00eatre et dissipera votre stress. (\u0625\u0646 \u0634\u0627\u0621 \u0627\u0644\u0644\u0647)<\/p>\n<p><strong>Produit rare et ancien !<\/strong><\/p>\n<p>Tr\u00e8s longue dur\u00e9e garanti<\/p>\n<p><strong>Age :<\/strong>\u00a0distill\u00e9e en 2019<\/p>\n<p><strong>Type de Oud :<\/strong> Aquilaria Crassna<\/p>\n<p><strong>Copeaux de Oud tremp\u00e9s :<\/strong> 7 jours<\/p>\n<p><strong>\u00c9quipement utilis\u00e9 :<\/strong> alambic en cuivre (hydrodistillation)<\/p>\n<p><strong>Type de distillation :<\/strong> feu de bois<\/p>\n<p><strong>\u00c2ge de l\u2019arbre :<\/strong> 50 \u00e0 80 ans<\/p>\n<p><strong>Issue de Oud sauvage 100% naturel<\/strong><\/p>\n<ul>\n<li>\u00a0100% pur et sans dilution<\/li>\n<li>\u00a0100% aucun autre additif<\/li>\n<li>\u00a0100% sans parfum artificiel<\/li>\n<li>\u00a0100% sans coloration<\/li>\n<li>\u00a0100% sans fermentation alcoolique<\/li>\n<li>\u00a0Trempage 100% sans \u00e9thanol<\/li>\n<\/ul>\n<p><strong>R\u00e9gion:<\/strong> Koh Kong (Cambodge)<\/p>\n<p><strong>Notes :<\/strong> sucr\u00e9es, musqu\u00e9es, bois\u00e9es, florales, miel.<\/p>\n<p><strong>Flacon :<\/strong> 1ml, 3ml, 6ml, 12ml.<\/p>\n","protected":false},"excerpt":{"rendered":"<p>Notre huile de Oud \u00e2g\u00e9e Koh Kong 2019 du Cambodge est <strong>un indispensable pour toute collection s\u00e9rieuse de Oud !<\/strong><\/p>\n<p><strong>Un \u00e9lixir royal de grande qualit\u00e9 aux notes somptueuses et exquises !<\/strong> Un excellent parfum qui dure toute la journ\u00e9e\u2026<\/p>\n","protected":false},"featured_media":26123,"comment_status":"open","ping_status":"closed","template":"","meta":[],"product_brand":[],"product_cat":[251,266,264],"product_tag":[],"class_list":{"0":"post-26121","1":"product","2":"type-product","3":"status-publish","4":"has-post-thumbnail","6":"product_cat-huile-de-oud-pure","7":"product_cat-huiles-de-oud-pure-single-bottle","8":"product_cat-huiles-de-oud-pure-parfums","9":"pa_quantity-12ml","10":"pa_quantity-1ml","11":"pa_quantity-3ml","12":"pa_quantity-6ml","14":"first","15":"instock","16":"shipping-taxable","17":"purchasable","18":"product-type-variable"},"_links":{"self":[{"href":"https:\/\/sabilycollection.com\/fr\/wp-json\/wp\/v2\/product\/26121","targetHints":{"allow":["GET"]}}],"collection":[{"href":"https:\/\/sabilycollection.com\/fr\/wp-json\/wp\/v2\/product"}],"about":[{"href":"https:\/\/sabilycollection.com\/fr\/wp-json\/wp\/v2\/types\/product"}],"replies":[{"embeddable":true,"href":"https:\/\/sabilycollection.com\/fr\/wp-json\/wp\/v2\/comments?post=26121"}],"wp:featuredmedia":[{"embeddable":true,"href":"https:\/\/sabilycollection.com\/fr\/wp-json\/wp\/v2\/media\/26123"}],"wp:attachment":[{"href":"https:\/\/sabilycollection.com\/fr\/wp-json\/wp\/v2\/media?parent=26121"}],"wp:term":[{"taxonomy":"product_brand","embeddable":true,"href":"https:\/\/sabilycollection.com\/fr\/wp-json\/wp\/v2\/product_brand?post=26121"},{"taxonomy":"product_cat","embeddable":true,"href":"https:\/\/sabilycollection.com\/fr\/wp-json\/wp\/v2\/product_cat?post=26121"},{"taxonomy":"product_tag","embeddable":true,"href":"https:\/\/sabilycollection.com\/fr\/wp-json\/wp\/v2\/product_tag?post=26121"}],"curies":[{"name":"wp","href":"https:\/\/api.w.org\/{rel}","templated":true}]}}