{"id":26125,"date":"2023-11-04T16:26:06","date_gmt":"2023-11-04T15:26:06","guid":{"rendered":"https:\/\/sabilycollection.com\/huiles-de-oud-grade-malaki-coffret-the-rainforest-9ml-dehn-al-oud-pure\/"},"modified":"2026-04-17T17:54:37","modified_gmt":"2026-04-17T15:54:37","slug":"huiles-de-oud-grade-malaki-coffret-the-rainforest-9ml-dehn-al-oud-pure","status":"publish","type":"product","link":"https:\/\/sabilycollection.com\/fr\/produit\/huiles-de-oud-grade-malaki-coffret-the-rainforest-9ml-dehn-al-oud-pure\/","title":{"rendered":"Huiles de Oud Grade Malaki Coffret The Rainforest 9ml Dehn Al Oud Pure"},"content":{"rendered":"<p>Explorez notre <strong>gamme de Oud Malaki<\/strong> d&rsquo;Asie du Sud-Est et embarquez pour un voyage olfactif unique \u00e0 travers notre Box Rainforest pleine de senteurs exquises en<strong> 3 fioles de 3ml.<\/strong><\/p>\n<p>L&rsquo;huile de Oud, aussi connue sous le nom d&rsquo;huile de Bois d\u2019Agar ou Dehn Al Oud, est une essence parfum\u00e9e d&rsquo;une richesse in\u00e9gal\u00e9e, extraite du pr\u00e9cieux bois d&rsquo;Agar m\u00fbri dans les r\u00e9gions d&rsquo;Asie du Sud-Est. <strong>Nous avons m\u00e9ticuleusement choisi les meilleures huiles de Oud<\/strong> pour vous proposer cette essence naturelle et authentique, ch\u00e9rie par les parfumeries de renom \u00e0 travers le monde, plongeant au c\u0153ur de la culture orientale.<\/p>\n<p>Dans notre \u00e9l\u00e9gante Oud <strong>Box Rainforest<\/strong>, vous d\u00e9couvrirez un \u00e9ventail exceptionnel de 3 fioles de 3ml, en provenance de <strong>Birmanie, du Vietnam et du Cambodge<\/strong>, chacune r\u00e9v\u00e9lant la puissance et la qualit\u00e9 captivante du Oud. Laissez-vous transporter dans l&rsquo;univers myst\u00e9rieux et envo\u00fbtant de ces huiles de Oud uniques.<\/p>\n<p>Osez l&rsquo;exp\u00e9rience sensorielle de l&rsquo;huile de Oud pr\u00e9cieuse, et <strong>laissez-vous emporter vers des horizons lointains \u00e9veillant vos \u00e9motions et suscitant l&rsquo;admiration.<\/strong><\/p>\n<p>Chaque flacon d&rsquo;huile de Oud contenu dans cette Box vous invite \u00e0 un <strong>voyage olfactif sans pareil.<\/strong> Explorez l&rsquo;art de la parfumerie orientale et plongez dans des ar\u00f4mes riches et incroyablement parfum\u00e9s.<\/p>\n<p>Les 3 fioles contenues dans notre Box Rainforest (3ml de chaque type) sont les suivantes :<\/p>\n<p><strong>\u25aa\ufe0f Dehn al Oud Birmanie Malaki \u00c2g\u00e9e 2022<\/strong><br \/>\n<strong>\u25aa\ufe0f Dehn al Oud Cambodi Koh-kong Malaki \u00c2g\u00e9e 2019<\/strong><br \/>\n<strong>\u25aa\ufe0f Dehn al Oud Vietnam Malaki \u00c2g\u00e9e 2019<\/strong><\/p>\n<p><strong>Famille de parfum :<\/strong> Oriental<\/p>\n<p><strong>Type de parfum :<\/strong> Huile de Oud Pure 100% naturelle (non mix\u00e9e et sans produit chimique)<\/p>\n<p>\u2705 100 % pur et sans dilution<\/p>\n<p>\u2705 100% aucun autre additif<\/p>\n<p>\u2705 100 % sans parfum artificiel<\/p>\n<p>\u2705 100% sans coloration<\/p>\n<p>\u2705 100% sans fermentation alcoolique<\/p>\n<p>\u2705 Trempage 100 % sans \u00e9thanol<\/p>\n<p><strong>Contenance :<\/strong> 3 x 3ml<\/p>\n<p><strong>\u25aa\ufe0fBIRMANIE MALAKI \u00c2G\u00c9E 2022\u00a0<\/strong><\/p>\n<p>Un Oud birman raffin\u00e9, distill\u00e9 en 2022 et vieilli avec soin. Ce Oud r\u00e9v\u00e8le une combinaison exquise de douceur et de profondeur, avec des notes bois\u00e9es et sucr\u00e9es, accompagn\u00e9es de l\u2019ar\u00f4me fondant du chocolat et du miel. Une touche l\u00e9g\u00e8rement animale, m\u00eal\u00e9e \u00e0 des effluves d\u2019encens et de cuir, offre un parfum riche et \u00e9l\u00e9gant, parfaitement \u00e9quilibr\u00e9.<\/p>\n<p><strong>Notes :<\/strong> bois\u00e9es, sucr\u00e9es, chocolat fondu, miel, prairie, ar\u00f4me d&rsquo;encens doux, cuir, florales.<\/p>\n<p><strong>\u25aa\ufe0fCAMBODI KOH-KONG MALAKI \u00c2G\u00c9E 2019\u00a0<\/strong><\/p>\n<p>Un Oud cambodgien d\u2019exception, distill\u00e9 en 2019 et vieilli avec soin. Ce Oud Cambodi r\u00e9v\u00e8le une douceur sucr\u00e9e, enrichie de notes musqu\u00e9es et bois\u00e9es, et sublim\u00e9e par un parfum floral d\u00e9licat. Une touche de miel apporte une dimension chaleureuse et ronde \u00e0 cette fragrance \u00e9l\u00e9gante et raffin\u00e9e.<\/p>\n<p><strong>Notes :<\/strong> sucr\u00e9es, musqu\u00e9es, bois\u00e9es, florales, miel.<\/p>\n<p><strong>\u25aa\ufe0fVIETNAM MALAKI \u00c2G\u00c9E 2019\u00a0<\/strong><\/p>\n<p>Un Oud vietnamien riche et captivant, distill\u00e9 en 2019. Ce magnifique Oud m\u00eale des notes sucr\u00e9es et bois\u00e9es avec une touche de citron, des nuances terreuses et fum\u00e9es, rehauss\u00e9es d&rsquo;une subtile note animale pour une exp\u00e9rience olfactive royale et exceptionnelle.<\/p>\n<p><strong>Notes :<\/strong> sucr\u00e9es, bois\u00e9es, une pointe de citron, terreuses, fum\u00e9es, l\u00e9g\u00e8rement animales.<\/p>\n","protected":false},"excerpt":{"rendered":"<p>D\u00e9couvrez notre captivante <strong>Collection de Oud Malaki \u00e0 travers notre Box Rainforest&#8230;<\/strong><\/p>\n<p><strong>Plongez dans l&rsquo;univers fascinant du pure Oud, une exp\u00e9rience olfactive in\u00e9gal\u00e9e<\/strong> qui vous fera voyager au c\u0153ur des parfums les plus subtils et des essences les plus rares. Dans notre collection, vous d\u00e9couvrirez la richesse de l&rsquo;huile de Oud pure, <strong>un tr\u00e9sor naturel aux fragrances royales qui \u00e9veillera vos sens et vous transportera dans un monde de luxe et d&rsquo;authenticit\u00e9 olfactive exceptionnelle&#8230;<\/strong><\/p>\n","protected":false},"featured_media":26126,"comment_status":"open","ping_status":"closed","template":"","meta":[],"product_brand":[],"product_cat":[259,252,246,248,251,265,264,256],"product_tag":[],"class_list":{"0":"post-26125","1":"product","2":"type-product","3":"status-publish","4":"has-post-thumbnail","6":"product_cat-coffret-cadeaux-huile-de-oud-format-3ml","7":"product_cat-coffrets-cadeaux-et-decouverte","8":"product_cat-echantillons-de-oud","9":"product_cat-echantillons-huile-de-oud","10":"product_cat-huile-de-oud-pure","11":"product_cat-huiles-de-oud-pure-box","12":"product_cat-huiles-de-oud-pure-parfums","13":"product_cat-les-coffrets-cadeaux-huile-de-oud","15":"first","16":"instock","17":"sale","18":"shipping-taxable","19":"purchasable","20":"product-type-simple"},"_links":{"self":[{"href":"https:\/\/sabilycollection.com\/fr\/wp-json\/wp\/v2\/product\/26125","targetHints":{"allow":["GET"]}}],"collection":[{"href":"https:\/\/sabilycollection.com\/fr\/wp-json\/wp\/v2\/product"}],"about":[{"href":"https:\/\/sabilycollection.com\/fr\/wp-json\/wp\/v2\/types\/product"}],"replies":[{"embeddable":true,"href":"https:\/\/sabilycollection.com\/fr\/wp-json\/wp\/v2\/comments?post=26125"}],"wp:featuredmedia":[{"embeddable":true,"href":"https:\/\/sabilycollection.com\/fr\/wp-json\/wp\/v2\/media\/26126"}],"wp:attachment":[{"href":"https:\/\/sabilycollection.com\/fr\/wp-json\/wp\/v2\/media?parent=26125"}],"wp:term":[{"taxonomy":"product_brand","embeddable":true,"href":"https:\/\/sabilycollection.com\/fr\/wp-json\/wp\/v2\/product_brand?post=26125"},{"taxonomy":"product_cat","embeddable":true,"href":"https:\/\/sabilycollection.com\/fr\/wp-json\/wp\/v2\/product_cat?post=26125"},{"taxonomy":"product_tag","embeddable":true,"href":"https:\/\/sabilycollection.com\/fr\/wp-json\/wp\/v2\/product_tag?post=26125"}],"curies":[{"name":"wp","href":"https:\/\/api.w.org\/{rel}","templated":true}]}}