{"id":26130,"date":"2024-02-15T14:13:23","date_gmt":"2024-02-15T13:13:23","guid":{"rendered":"https:\/\/sabilycollection.com\/huile-de-oud-royal-birmanie-agee-2022-grade-malaki-pure-bois-dagar-dehn-al-oud-origine-burmi\/"},"modified":"2026-03-11T06:57:16","modified_gmt":"2026-03-11T05:57:16","slug":"huile-de-oud-royal-birmanie-agee-2022-grade-malaki-pure-bois-dagar-dehn-al-oud-origine-burmi","status":"publish","type":"product","link":"https:\/\/sabilycollection.com\/fr\/produit\/huile-de-oud-royal-birmanie-agee-2022-grade-malaki-pure-bois-dagar-dehn-al-oud-origine-burmi\/","title":{"rendered":"Huile de Oud Royal Birmanie \u00c2g\u00e9e 2022 (Grade Malaki) Pure Bois d\u2019Agar Dehn Al Oud Origine Burmi"},"content":{"rendered":"<p>Cette huile de oud sauvage provient d&rsquo;une r\u00e9gion du nord de la Birmanie. <strong>Elle est compos\u00e9e d&rsquo;un ar\u00f4me musqu\u00e9 vibrant, de riches baies sauvages aux notes florales, d\u00e9gageant une forte odeur bois\u00e9e avec des notes l\u00e9g\u00e8rement herbac\u00e9es en t\u00eate, qui s&rsquo;adoucissent au fil des heures, r\u00e9v\u00e9lant des notes de miel et de chocolat fondu, rendant ce parfum totalement addictif<\/strong> en offrant une longue dur\u00e9e et surtout un excellent ar\u00f4me avec des nuances sauvages et exotiques !<\/p>\n<p>Cette huile de bois d\u2019agar du Myanmar, distill\u00e9e en 2022, a eu le temps de m\u00fbrir et de d\u00e9velopper toute sa richesse aromatique. <strong>Sa couleur brun-rouge limpide t\u00e9moigne de sa puret\u00e9 et de son raffinement, faisant d\u2019elle une huile pr\u00e9cieuse d\u2019une qualit\u00e9 exceptionnelle.<\/strong> Une goutte de cette incroyable huile de Oud ne manquera pas de surprendre ceux qui vous entourent, avec ses <strong>notes musqu\u00e9es et sucr\u00e9es<\/strong>, nous sommes s\u00fbrs de ne laisser personne indiff\u00e9rent sur son chemin !<\/p>\n<p>Ceux qui recherchent un parfum de caract\u00e8re et d&rsquo;\u00e9l\u00e9gance trouveront satisfaction dans cette huile de Oud profonde. <strong>Le sillage est excellent et doux, c&rsquo;est un v\u00e9ritable \u00e9lixir de luxe qui charmera quiconque veut faire de son parfum sa signature.<\/strong><\/p>\n<p>L&rsquo;huile d&rsquo;agarwood (ou huile d&rsquo;alo\u00e8s) est r\u00e9put\u00e9e pour apporter d\u00e9tente \u00e0 l&rsquo;esprit, r\u00e9chauffer le c\u0153ur et offrir une exp\u00e9rience vraiment stimulante en ouvrant un chemin vers le repos et le contentement. <strong>Le bois d&rsquo;alo\u00e8s est tr\u00e8s rare et une qualit\u00e9 pure de Birmanie comme celle que nous proposons est tr\u00e8s difficile \u00e0 obtenir.<\/strong><\/p>\n<p><strong>Son parfum aromatique et chaud \u00e0 longue dur\u00e9e d\u00e9gage de puissantes notes de oud, terreuses avec un ar\u00f4me fum\u00e9 intense et des tons musqu\u00e9s m\u00e9lang\u00e9s avec des notes de chocolat fondu<\/strong>, caract\u00e9ristiques de la plupart des ouds des for\u00eats de Birmanie.<\/p>\n<p><strong>Oud rare et ancien !<\/strong><\/p>\n<p>Tr\u00e8s longue dur\u00e9e garanti<\/p>\n<p>Issue de Oud sauvage 100% naturel<\/p>\n<p><strong>Date de distillation :<\/strong>\u00a0 2022<\/p>\n<ul>\n<li>\u00a0100% pure and undiluted<\/li>\n<li>\u00a0100% no other additives<\/li>\n<li>\u00a0100% no artificial fragrance<\/li>\n<li>\u00a0100% no coloring<\/li>\n<li>\u00a0100% no alcoholic fermentation<\/li>\n<li>\u00a0100% no ethanol soaking<\/li>\n<\/ul>\n<p><strong>Notes :<\/strong> bois\u00e9es, sucr\u00e9es, chocolat fondu, miel, ar\u00f4me d&rsquo;encens doux, cuir, floral, Basse-cour (l\u00e9g\u00e8re)<\/p>\n<p><strong>Nous proposons cette huile dans des flacons de luxe de 1 ml, 3 ml, 6ml, 12 ml.<\/strong><\/p>\n","protected":false},"excerpt":{"rendered":"<p>Nous sommes ravis de vous pr\u00e9senter notre deuxi\u00e8me huile de Oud sauvage birmane&#8230;<\/p>\n<p><strong>Elle a une belle couleur rouge\u00e2tre et un parfum longue dur\u00e9e qui m\u00eale des notes riches de chocolat fondu doux et bois\u00e9es, \u00e0 la fois puissantes et \u00e9volutives en profondeur.<\/strong> Un parfum authentique qui saura vous s\u00e9duire et vous rendre accro&#8230;<\/p>\n","protected":false},"featured_media":26133,"comment_status":"open","ping_status":"closed","template":"","meta":[],"product_brand":[],"product_cat":[251,266,264],"product_tag":[338],"class_list":{"0":"post-26130","1":"product","2":"type-product","3":"status-publish","4":"has-post-thumbnail","6":"product_cat-huile-de-oud-pure","7":"product_cat-huiles-de-oud-pure-single-bottle","8":"product_cat-huiles-de-oud-pure-parfums","9":"product_tag-promo-15","10":"pa_quantity-12ml","11":"pa_quantity-1ml","12":"pa_quantity-3ml","13":"pa_quantity-6ml","15":"first","16":"instock","17":"shipping-taxable","18":"purchasable","19":"product-type-variable"},"_links":{"self":[{"href":"https:\/\/sabilycollection.com\/fr\/wp-json\/wp\/v2\/product\/26130","targetHints":{"allow":["GET"]}}],"collection":[{"href":"https:\/\/sabilycollection.com\/fr\/wp-json\/wp\/v2\/product"}],"about":[{"href":"https:\/\/sabilycollection.com\/fr\/wp-json\/wp\/v2\/types\/product"}],"replies":[{"embeddable":true,"href":"https:\/\/sabilycollection.com\/fr\/wp-json\/wp\/v2\/comments?post=26130"}],"wp:featuredmedia":[{"embeddable":true,"href":"https:\/\/sabilycollection.com\/fr\/wp-json\/wp\/v2\/media\/26133"}],"wp:attachment":[{"href":"https:\/\/sabilycollection.com\/fr\/wp-json\/wp\/v2\/media?parent=26130"}],"wp:term":[{"taxonomy":"product_brand","embeddable":true,"href":"https:\/\/sabilycollection.com\/fr\/wp-json\/wp\/v2\/product_brand?post=26130"},{"taxonomy":"product_cat","embeddable":true,"href":"https:\/\/sabilycollection.com\/fr\/wp-json\/wp\/v2\/product_cat?post=26130"},{"taxonomy":"product_tag","embeddable":true,"href":"https:\/\/sabilycollection.com\/fr\/wp-json\/wp\/v2\/product_tag?post=26130"}],"curies":[{"name":"wp","href":"https:\/\/api.w.org\/{rel}","templated":true}]}}