{"id":26135,"date":"2024-03-20T10:06:56","date_gmt":"2024-03-20T09:06:56","guid":{"rendered":"https:\/\/sabilycollection.com\/huile-de-oud-prachin-agee-2023-bois-dagar-pure-dehn-al-oud-prachinburi-origine-thailande\/"},"modified":"2026-03-11T06:57:45","modified_gmt":"2026-03-11T05:57:45","slug":"huile-de-oud-prachin-agee-2023-bois-dagar-pure-dehn-al-oud-prachinburi-origine-thailande","status":"publish","type":"product","link":"https:\/\/sabilycollection.com\/fr\/produit\/huile-de-oud-prachin-agee-2023-bois-dagar-pure-dehn-al-oud-prachinburi-origine-thailande\/","title":{"rendered":"Huile de Oud Prachin Ag\u00e9e 2023 Bois d\u2019Agar Pure Dehn Al Oud Prachinburi Origine Tha\u00eflande"},"content":{"rendered":"<p style=\"text-align: left;\">Huile de Oud Prachin ou Prachinburi (nom de la province en Tha\u00eflande)&#8230;<\/p>\n<p style=\"text-align: left;\">Bien connue des sp\u00e9cialistes et des amateurs d&rsquo;huile de Bois d&rsquo;Agar, nous vous la proposons chez Sabily Collection afin que vous puissiez \u00e9largir votre collection d\u2019huile de Oud pure et profiter de ses effluves sensationnelles et irr\u00e9sistibles. <strong>Ce parfum est tout simplement une merveille de la nature!<\/strong><\/p>\n<p style=\"text-align: left;\"><strong>Cette huile est extraite \u00e0 partir d&rsquo;un Oud Tha\u00eflandais de qualit\u00e9 distill\u00e9e en 2023 dans la r\u00e9gion Prachinburi (Tha\u00eflande).<\/strong><\/p>\n<p style=\"text-align: left;\"><strong>Elle est de couleur brun fonc\u00e9<\/strong> et d\u00e9gage un agr\u00e9able parfum intense et durable alliant des <strong>notes sucr\u00e9es, de tabac, de chocolat, d&rsquo;anis, de notes fum\u00e9es intenses et douces.<\/strong><\/p>\n<p style=\"text-align: left;\">Elle provient de la c\u00e9l\u00e8bre province de Prachinburi situ\u00e9e dans l&rsquo;Est Tha\u00eflandais, province dens\u00e9ment peupl\u00e9 en for\u00eat. <strong>L&rsquo;une des huiles les plus recherch\u00e9es d\u00fb \u00e0 son parfum enivrant qui attirent les plus connaisseurs et ceux qui recherchent un parfum naturel hors du commun.\u00a0<\/strong><\/p>\n<p><strong>Informations :<\/strong><\/p>\n<p>Issu du bois le plus cher et le plus pr\u00e9cieux au monde, cette huile de Oud est utilis\u00e9e par les plus grandes parfumeries mondiales afin de concevoir leur parfum de luxe.<br \/>\nCe pr\u00e9cieux produit de luxe de grande valeur est obtenu \u00e0 partir de plusieurs types d\u2019arbres d\u2019Asie du sud Est, le plus connu \u00e9tant l\u2019Aquilaria Malaccensis de part sa qualit\u00e9 et sa r\u00e9sine odorante exceptionnelle.<\/p>\n<p><strong>Ses vertus :<\/strong><\/p>\n<p>Le bois d\u2019Agar est \u00e9galement consid\u00e9r\u00e9 comme un aphrodisiaque tr\u00e8s puissant. Dans beaucoup de cultures, les femmes impr\u00e9gnaient leurs v\u00eatements aussi bien qu\u2019elles-m\u00eames de son parfum. C\u2019est sous forme huileuse que le bois de oud est couramment utilis\u00e9. Dans le monde arabe, son huile est employ\u00e9e pour se parfumer \u00e0 m\u00eame la peau. Elle est une mati\u00e8re premi\u00e8re essentielle dans la parfumerie du Moyen-Orient. Tr\u00e8s pr\u00e9cieuse, l\u2019huile d\u00e9veloppe un ar\u00f4me envo\u00fbtant, incroyablement raffin\u00e9 \u00e0 la fois brut et sophistiqu\u00e9.. Son parfum vous procurera du bien \u00eatre et dissipera votre stress. (\u0625\u0646 \u0634\u0627\u0621 \u0627\u0644\u0644\u0647)<\/p>\n<p><strong>Produit rare et de tr\u00e8s bonne qualit\u00e9!<\/strong><\/p>\n<p>Tenue garantie longue dur\u00e9e<\/p>\n<p>Issue de plantation de l&rsquo;Aquilaria Crassna 100% naturel, aucun produit chimique dans le processus.<\/p>\n<p>Distill\u00e9e en 2023 dans la r\u00e9gion Prachinburi (Tha\u00eflande)<\/p>\n<ul>\n<li>\u00a0100% pur et sans dilution<\/li>\n<li>\u00a0100% aucun autre additif<\/li>\n<li>\u00a0100% sans parfum artificiel<\/li>\n<li>\u00a0100% sans coloration<\/li>\n<li>\u00a0100% sans fermentation alcoolique<\/li>\n<li>\u00a0Trempage 100% sans \u00e9thanol<\/li>\n<\/ul>\n<p><strong>Notes :<\/strong> sucr\u00e9es, tabacs, terreuses, fum\u00e9es, anis, fra\u00eeches, chocolat noir, cola<\/p>\n<p><strong>Flacon :<\/strong> 1ml, 3ml, 6ml, 12ml<\/p>\n","protected":false},"excerpt":{"rendered":"<p>Cette Huile de Oud pure Prachin de Tha\u00eflande rev\u00eat un somptueux parfum qui vous \u00e9tonnera !<\/p>\n<p><strong>Une Huile aux senteurs d\u00e9licieuses et aux caract\u00e9ristiques uniques<\/strong> qui vous fera voyager au c\u0153ur de la Tha\u00eflande !<\/p>\n","protected":false},"featured_media":26141,"comment_status":"open","ping_status":"closed","template":"","meta":[],"product_brand":[],"product_cat":[251,266,264],"product_tag":[],"class_list":{"0":"post-26135","1":"product","2":"type-product","3":"status-publish","4":"has-post-thumbnail","6":"product_cat-huile-de-oud-pure","7":"product_cat-huiles-de-oud-pure-single-bottle","8":"product_cat-huiles-de-oud-pure-parfums","9":"pa_quantity-12ml","10":"pa_quantity-1ml","11":"pa_quantity-3ml","12":"pa_quantity-6ml","14":"first","15":"instock","16":"shipping-taxable","17":"purchasable","18":"product-type-variable"},"_links":{"self":[{"href":"https:\/\/sabilycollection.com\/fr\/wp-json\/wp\/v2\/product\/26135","targetHints":{"allow":["GET"]}}],"collection":[{"href":"https:\/\/sabilycollection.com\/fr\/wp-json\/wp\/v2\/product"}],"about":[{"href":"https:\/\/sabilycollection.com\/fr\/wp-json\/wp\/v2\/types\/product"}],"replies":[{"embeddable":true,"href":"https:\/\/sabilycollection.com\/fr\/wp-json\/wp\/v2\/comments?post=26135"}],"wp:featuredmedia":[{"embeddable":true,"href":"https:\/\/sabilycollection.com\/fr\/wp-json\/wp\/v2\/media\/26141"}],"wp:attachment":[{"href":"https:\/\/sabilycollection.com\/fr\/wp-json\/wp\/v2\/media?parent=26135"}],"wp:term":[{"taxonomy":"product_brand","embeddable":true,"href":"https:\/\/sabilycollection.com\/fr\/wp-json\/wp\/v2\/product_brand?post=26135"},{"taxonomy":"product_cat","embeddable":true,"href":"https:\/\/sabilycollection.com\/fr\/wp-json\/wp\/v2\/product_cat?post=26135"},{"taxonomy":"product_tag","embeddable":true,"href":"https:\/\/sabilycollection.com\/fr\/wp-json\/wp\/v2\/product_tag?post=26135"}],"curies":[{"name":"wp","href":"https:\/\/api.w.org\/{rel}","templated":true}]}}