{"id":26143,"date":"2024-04-05T19:03:34","date_gmt":"2024-04-05T17:03:34","guid":{"rendered":"https:\/\/sabilycollection.com\/huile-de-oud-laos-agee-2023-bois-dagar-pure-dehn-al-oud-origine-laos\/"},"modified":"2026-03-23T18:03:51","modified_gmt":"2026-03-23T17:03:51","slug":"huile-de-oud-laos-agee-2023-bois-dagar-pure-dehn-al-oud-origine-laos","status":"publish","type":"product","link":"https:\/\/sabilycollection.com\/fr\/produit\/huile-de-oud-laos-agee-2023-bois-dagar-pure-dehn-al-oud-origine-laos\/","title":{"rendered":"Huile de Oud Laos \u00c2g\u00e9e 2023 Bois d\u2019Agar Pure Dehn Al Oud Origine Laos"},"content":{"rendered":"<p>Nous avons le plaisir de vous proposer la fameuse Huile de Oud du Laos&#8230;<\/p>\n<p style=\"text-align: left;\">Cette Huile de Oud Pure <strong>provient d&rsquo;une r\u00e9gion Ouest du Laos frontali\u00e8re avec la Birmanie<\/strong> o\u00f9 l&rsquo;on trouve les merveilleuses for\u00eats denses compos\u00e9es de diff\u00e9rents types d&rsquo;arbres dont l&rsquo;arbre <strong>Aquilaria Malaccensis<\/strong>, un des types d&rsquo;arbres porteur de cette r\u00e9sine si pr\u00e9cieuse et si appr\u00e9ci\u00e9 par les amateurs de parfumerie&#8230; Nous vous proposons donc cette huile pure de Bois d&rsquo;Agar issue de cette r\u00e9gion sauvage, difficile d&rsquo;acc\u00e8s et tant appr\u00e9ci\u00e9!<\/p>\n<p>Cette essence de Oud est distill\u00e9e \u00e0 partir d\u2019un Bois d&rsquo;Agar (Oud) \u00e2g\u00e9 de tr\u00e8s bonne qualit\u00e9. Elle est de <strong>couleur brun fonc\u00e9 et d\u00e9gage un agr\u00e9able parfum durable alliant des notes riches de cuir velours, de tabac, bois\u00e9es, \u00e0 la fois intenses et douces qui \u00e9voluent en profondeur<\/strong>. L\u2019huile du Laos fait parti des meilleures huiles de Oud en Asie de part ses notes diverses et riches. Son parfum saura vous s\u00e9duire et vous fera d\u00e9couvrir des tons myst\u00e9rieux tout au long de votre journ\u00e9e.<\/p>\n<p><strong>Si vous n&rsquo;\u00eates pas fan d&rsquo;odeurs animaliques et que vous \u00eates un amateur de notes chaudes, intens\u00e9ment r\u00e9confortantes, que vous aimez les senteurs bois\u00e9es, cuir\u00e9s, de tabac et l\u00e9g\u00e8rement sucr\u00e9s ce Oud est fait pour vous&#8230;<\/strong><\/p>\n<p><strong>Informations <\/strong>:<\/p>\n<p>Issu du bois le plus cher et le plus pr\u00e9cieux au monde, cette huile de Oud est utilis\u00e9e par les plus grandes parfumeries mondiales afin de concevoir leur parfum de luxe.<br \/>\nCe pr\u00e9cieux produit de luxe de grande valeur est obtenu \u00e0 partir de plusieurs types d\u2019arbres d\u2019Asie du sud Est, le plus connu \u00e9tant l\u2019Aquilaria Malaccensis de part sa qualit\u00e9 et sa r\u00e9sine odorante exceptionnelle.<\/p>\n<p><strong>Ses vertus :<\/strong><\/p>\n<p>Le bois d\u2019Agar est \u00e9galement consid\u00e9r\u00e9 comme un aphrodisiaque tr\u00e8s puissant. Dans beaucoup de cultures, les femmes impr\u00e9gnaient leurs v\u00eatements aussi bien qu\u2019elles-m\u00eames de son parfum. C\u2019est sous forme huileuse que le bois de oud est couramment utilis\u00e9. Dans le monde arabe, son huile est employ\u00e9e pour se parfumer \u00e0 m\u00eame la peau. Elle est une mati\u00e8re premi\u00e8re essentielle dans la parfumerie du Moyen-Orient. Tr\u00e8s pr\u00e9cieuse, l\u2019huile d\u00e9veloppe un ar\u00f4me envo\u00fbtant, incroyablement raffin\u00e9 \u00e0 la fois florale brut, fum\u00e9 et sophistiqu\u00e9.. Son parfum vous procurera du bien \u00eatre et dissipera votre stress. (\u0625\u0646 \u0634\u0627\u0621 \u0627\u0644\u0644\u0647)<\/p>\n<p>Produit rare et de tr\u00e8s grande qualit\u00e9!<\/p>\n<p>Tenue longue dur\u00e9e garanti.<\/p>\n<p>Issue de Oud sauvage 100% naturel<\/p>\n<p><strong>Date de distillation :<\/strong> 2023<\/p>\n<ul>\n<li>\u00a0100% pur et sans dilution<\/li>\n<li>\u00a0100% aucun autre additif<\/li>\n<li>\u00a0100% sans parfum artificiel<\/li>\n<li>\u00a0100% sans coloration<\/li>\n<li>\u00a0100% sans fermentation alcoolique<\/li>\n<li>\u00a0Trempage 100% sans \u00e9thanol<\/li>\n<\/ul>\n<p><strong>Notes :<\/strong> Cuir de daim, prairie, tabac, bois\u00e9es, terreux, douces, sucr\u00e9es<\/p>\n<p><strong>Flacon :<\/strong> 1ml, 3ml, 6ml, 12ml<\/p>\n","protected":false},"excerpt":{"rendered":"<p>Notre huile de Oud pure du Laos rev\u00eat un somptueux parfum alliant des notes myst\u00e9rieuses de <strong>cuir de daim, de tabac,\u00a0 bois\u00e9es et sucr\u00e9es.<\/strong> Une Huile aux <strong>senteurs raffin\u00e9es,<\/strong> riches en ar\u00f4me qui vous s\u00e9duira!<\/p>\n","protected":false},"featured_media":26148,"comment_status":"open","ping_status":"closed","template":"","meta":[],"product_brand":[],"product_cat":[251,266,264],"product_tag":[339],"class_list":{"0":"post-26143","1":"product","2":"type-product","3":"status-publish","4":"has-post-thumbnail","6":"product_cat-huile-de-oud-pure","7":"product_cat-huiles-de-oud-pure-single-bottle","8":"product_cat-huiles-de-oud-pure-parfums","9":"product_tag-offre-25","10":"pa_quantity-12ml","11":"pa_quantity-1ml","12":"pa_quantity-3ml","13":"pa_quantity-6ml","15":"first","16":"instock","17":"shipping-taxable","18":"purchasable","19":"product-type-variable"},"_links":{"self":[{"href":"https:\/\/sabilycollection.com\/fr\/wp-json\/wp\/v2\/product\/26143","targetHints":{"allow":["GET"]}}],"collection":[{"href":"https:\/\/sabilycollection.com\/fr\/wp-json\/wp\/v2\/product"}],"about":[{"href":"https:\/\/sabilycollection.com\/fr\/wp-json\/wp\/v2\/types\/product"}],"replies":[{"embeddable":true,"href":"https:\/\/sabilycollection.com\/fr\/wp-json\/wp\/v2\/comments?post=26143"}],"wp:featuredmedia":[{"embeddable":true,"href":"https:\/\/sabilycollection.com\/fr\/wp-json\/wp\/v2\/media\/26148"}],"wp:attachment":[{"href":"https:\/\/sabilycollection.com\/fr\/wp-json\/wp\/v2\/media?parent=26143"}],"wp:term":[{"taxonomy":"product_brand","embeddable":true,"href":"https:\/\/sabilycollection.com\/fr\/wp-json\/wp\/v2\/product_brand?post=26143"},{"taxonomy":"product_cat","embeddable":true,"href":"https:\/\/sabilycollection.com\/fr\/wp-json\/wp\/v2\/product_cat?post=26143"},{"taxonomy":"product_tag","embeddable":true,"href":"https:\/\/sabilycollection.com\/fr\/wp-json\/wp\/v2\/product_tag?post=26143"}],"curies":[{"name":"wp","href":"https:\/\/api.w.org\/{rel}","templated":true}]}}