{"id":26150,"date":"2024-04-14T22:38:29","date_gmt":"2024-04-14T20:38:29","guid":{"rendered":"https:\/\/sabilycollection.com\/oliban-blanc-royal-hojari-doman-louban-boswellia-sacra-le-plus-pur-des-encens-doman-pour-une-serenite-spirituelle\/"},"modified":"2026-01-30T10:01:03","modified_gmt":"2026-01-30T09:01:03","slug":"oliban-blanc-royal-hojari-doman-louban-boswellia-sacra-le-plus-pur-des-encens-doman-pour-une-serenite-spirituelle","status":"publish","type":"product","link":"https:\/\/sabilycollection.com\/fr\/produit\/oliban-blanc-royal-hojari-doman-louban-boswellia-sacra-le-plus-pur-des-encens-doman-pour-une-serenite-spirituelle\/","title":{"rendered":"Oliban Blanc Royal Hojari d&rsquo;Oman Louban Boswellia Sacra \u2013 Le plus Pur des Encens d\u2019Oman pour une S\u00e9r\u00e9nit\u00e9 Spirituelle"},"content":{"rendered":"<p>L&rsquo;Oliban Blanc Royal Hojari d&rsquo;Oman (appel\u00e9 aussi Luban) vient du <strong>Boswellia Sacra<\/strong> qui est un arbre situ\u00e9 dans le d\u00e9sert du Dhofar dans le petit Sultanat d&rsquo;Oman.<\/p>\n<p><strong>Cet arbre produit la r\u00e9sine d&rsquo;Oliban la plus prestigieuse et la plus r\u00e9put\u00e9e<\/strong> de part sa puret\u00e9, sa qualit\u00e9 et son parfum subtil.<\/p>\n<p>Cette r\u00e9sine apportera \u00e0 votre int\u00e9rieur un parfum agr\u00e9able et doux, et vous fera d\u00e9couvrir des ar\u00f4mes fins aux <strong>notes fra\u00eeches d&rsquo;agrumes<\/strong> qui vous procureront une sensation de bien-\u00eatre.<\/p>\n<p>Cet encens \u00e0 l&rsquo;\u00e9tat brut r\u00e9serv\u00e9 aux sultans et aux rois de la p\u00e9ninsule arabique depuis des si\u00e8cles est tr\u00e8s convoit\u00e9 de part sa qualit\u00e9, sa fra\u00eecheur et sa raret\u00e9.<\/p>\n<p>Vous pouvez casser les grosses pi\u00e8ces en petits morceaux de la taille d\u2019un pois pour les br\u00fbler.<\/p>\n<p>Commun\u00e9ment utilis\u00e9 en <strong>aromath\u00e9rapie<\/strong> comme agent <strong>am\u00e9liorant l\u2019humeur, pour soulager l\u2019anxi\u00e9t\u00e9 et le stress<\/strong>. \u00c9galement utilis\u00e9 pour <strong>purifier l\u2019atmosph\u00e8re<\/strong> environnante.<\/p>\n<p><strong>Les bienfaits de l&rsquo;oliban:<\/strong><\/p>\n<p>L&rsquo;oliban est un encens dit encens m\u00e2le ou encore encens pur, tout d&rsquo;abord r\u00e9put\u00e9 pour \u00eatre un <strong>puissant anti-inflammatoire<\/strong>. Mais on lui pr\u00eate bien d&rsquo;autres vertus, \u00e0 savoir :<\/p>\n<ul>\n<li>antiseptique<\/li>\n<li>antiviral<\/li>\n<li>expectorant<\/li>\n<li>r\u00e9g\u00e9n\u00e9rant sur le plan cutan\u00e9 : l&rsquo;oliban aide \u00e0 r\u00e9parer la peau ab\u00eem\u00e9e, favorise la cicatrisation suite \u00e0 une plaie, soulage l&rsquo;ulc\u00e9ration, apaise les mycoses<\/li>\n<li>stimulant du syst\u00e8me immunitaire, et du syst\u00e8me nerveux<\/li>\n<li>permet de r\u00e9duire les encombrements ORL et bronchiques<\/li>\n<li>calme les tensions nerveuses : il en r\u00e9sulte un meilleur endormissement ainsi qu&rsquo;un sommeil de bonne qualit\u00e9<\/li>\n<li>rafra\u00eechit l&rsquo;haleine<\/li>\n<li>d\u00e9sinfectant de la bouche<\/li>\n<li>apaise les douleurs en cas de tendinite, de rhumatisme, d&rsquo;arthrose ou encore de sciatique<\/li>\n<li>limite la fatigue intellectuelle tout comme le stress<\/li>\n<li>soulage les maux de t\u00eate<\/li>\n<li>permet de lutter contre la d\u00e9pression saisonni\u00e8re, les exc\u00e8s d&rsquo;\u00e9motivit\u00e9, les tensions<\/li>\n<li>est un excellent relaxant.<\/li>\n<\/ul>\n<p><strong>Comment utiliser la r\u00e9sine d&rsquo;encens:<\/strong><\/p>\n<p><strong>Sur du charbon:<\/strong> prenez un morceau de charbon, puis placer le morceau sur le feu pendant environ 3 minutes jusqu&rsquo;\u00e0 ce qu&rsquo;il devienne compl\u00e8tement ardent \u00e0 la couleur rouge (uniform\u00e9ment). Ensuite placer votre charbon ardent dans un encensoir appropri\u00e9 puis mettez un morceau d&rsquo;Oliban, ou quelques morceaux sur le charbon chaud. <strong>Asseyez-vous et profitez-en pendant que l&rsquo;ar\u00f4me remplit la pi\u00e8ce.<\/strong><\/p>\n<p><strong>Petit descriptif:<\/strong><\/p>\n<p>1) Fragrance: La couleur blanche translucide, \u00e0 l\u2019odeur <strong>douce et citronn\u00e9e tr\u00e8s fra\u00eeche<\/strong> comportant des <strong>notes balsamiques<\/strong> \u00e0 laquelle s\u2019ajoute une odeur riche et <strong>magnifiquement bois\u00e9e.<\/strong><\/p>\n<p>2) Bienfaits pour la sant\u00e9: Il peut \u00eatre utilis\u00e9 \u00e0 des fins m\u00e9dicinales, <strong>il est comestible<\/strong> et est utilis\u00e9 dans les m\u00e9decines traditionnelles en Afrique et en Asie <strong>pour la digestion et pour avoir une peau saine<\/strong>. <strong>B\u00e9n\u00e9fique pour les probl\u00e8mes hormonales (en particulier les femmes), la migraine et les probl\u00e8mes d&rsquo;oubli, ainsi que le cancer<\/strong> (prouv\u00e9 par l&rsquo;universit\u00e9 Hopkins USA, et l&rsquo;universit\u00e9 Qabous d&rsquo;Oman).<\/p>\n<p>3) Conseil d&rsquo;utilisation: Peut \u00eatre br\u00fbler comme encens sur du charbon, \u00eatre bu en infusion, tremp\u00e9 dans une bouteille de 1,5l d&rsquo;eau min\u00e9rale pendant 3-4 heures avant d&rsquo;\u00eatre bu, et peut \u00eatre aussi m\u00e2cher comme du chewing-gum.<\/p>\n<p>4) Conservation: A placer dans un bocal en verre dans votre r\u00e9frig\u00e9rateur pour une meilleure conservation.<\/p>\n<p><strong>Produit 100% naturel, exempt de toute substance toxique ou chimique!\u00a0<\/strong><\/p>\n<p>Pour les sp\u00e9cialistes l&rsquo;Oliban d&rsquo;Oman est <strong>consid\u00e9r\u00e9 comme la meilleure qualit\u00e9 de Luban dans le monde!\u00a0<\/strong><\/p>\n<p>Nouvelle r\u00e9colte! Nous vous garantissons la fra\u00eecheur de notre Oliban Royal Hojari (Luban Hojari).<\/p>\n<p><strong>Notes:<\/strong> Bois\u00e9es, citronn\u00e9es, balsamiques, fra\u00eeches, agrumes.<\/p>\n<p><strong>Disponible en sachet de 90g.<\/strong><\/p>\n<p>N&rsquo;h\u00e9sitez pas \u00e0 faire plaisir!<\/p>\n<p><iframe loading=\"lazy\" src=\"https:\/\/www.youtube.com\/embed\/jWPkFeQ-AcM\" width=\"560\" height=\"315\" frameborder=\"0\" allowfullscreen=\"allowfullscreen\"><\/iframe><\/p>\n","protected":false},"excerpt":{"rendered":"<p>Magnifique et rare Oliban blanc Royal Hojari d&rsquo;Oman. Un encens doux aux notes d&rsquo;agrumes pour passer un agr\u00e9able moment de d\u00e9tente.<\/p>\n<p>Rare et limit\u00e9, c\u2019est le choix parfait pour ceux qui recherchent un encens de v\u00e9ritable luxe\u2026<\/p>\n","protected":false},"featured_media":26154,"comment_status":"open","ping_status":"closed","template":"","meta":[],"product_brand":[],"product_cat":[245,261],"product_tag":[],"class_list":{"0":"post-26150","1":"product","2":"type-product","3":"status-publish","4":"has-post-thumbnail","6":"product_cat-les-encens-dexcellence","7":"product_cat-oliban-royal-hojari-oman","9":"first","10":"instock","11":"shipping-taxable","12":"purchasable","13":"product-type-simple"},"_links":{"self":[{"href":"https:\/\/sabilycollection.com\/fr\/wp-json\/wp\/v2\/product\/26150","targetHints":{"allow":["GET"]}}],"collection":[{"href":"https:\/\/sabilycollection.com\/fr\/wp-json\/wp\/v2\/product"}],"about":[{"href":"https:\/\/sabilycollection.com\/fr\/wp-json\/wp\/v2\/types\/product"}],"replies":[{"embeddable":true,"href":"https:\/\/sabilycollection.com\/fr\/wp-json\/wp\/v2\/comments?post=26150"}],"wp:featuredmedia":[{"embeddable":true,"href":"https:\/\/sabilycollection.com\/fr\/wp-json\/wp\/v2\/media\/26154"}],"wp:attachment":[{"href":"https:\/\/sabilycollection.com\/fr\/wp-json\/wp\/v2\/media?parent=26150"}],"wp:term":[{"taxonomy":"product_brand","embeddable":true,"href":"https:\/\/sabilycollection.com\/fr\/wp-json\/wp\/v2\/product_brand?post=26150"},{"taxonomy":"product_cat","embeddable":true,"href":"https:\/\/sabilycollection.com\/fr\/wp-json\/wp\/v2\/product_cat?post=26150"},{"taxonomy":"product_tag","embeddable":true,"href":"https:\/\/sabilycollection.com\/fr\/wp-json\/wp\/v2\/product_tag?post=26150"}],"curies":[{"name":"wp","href":"https:\/\/api.w.org\/{rel}","templated":true}]}}