{"id":26156,"date":"2024-05-04T08:34:15","date_gmt":"2024-05-04T06:34:15","guid":{"rendered":"https:\/\/sabilycollection.com\/oud-birmanie-myitkyina-bois-dagar-sauvage-oud-age-birmanie-king\/"},"modified":"2026-02-07T15:28:40","modified_gmt":"2026-02-07T14:28:40","slug":"oud-birmanie-myitkyina-bois-dagar-sauvage-oud-age-birmanie-king","status":"publish","type":"product","link":"https:\/\/sabilycollection.com\/fr\/produit\/oud-birmanie-myitkyina-bois-dagar-sauvage-oud-age-birmanie-king\/","title":{"rendered":"Oud Birmanie Myitkyina Bois d\u2019Agar Sauvage (Oud \u00e2g\u00e9 Birmanie King)"},"content":{"rendered":"<p>R\u00e9colt\u00e9s depuis plusieurs ann\u00e9es, ces copeaux seront bient\u00f4t du pass\u00e9 dans l\u2019histoire du Oud sauvage\u2026<\/p>\n<p>Ce Oud King \u00e2g\u00e9 de Birmanie peut incontestablement faire parti des Ouds vintage, un Oud pr\u00e9cieux quasi inaccessible. Un oud de ce calibre, est un incontournable dans la collection de tout amateur de oud qui souhaite poss\u00e9der les Ouds les plus rare et les plus prestigieux.<\/p>\n<p>Ces morceaux ont \u00e9t\u00e9 soigneusement s\u00e9lectionn\u00e9s et nettoy\u00e9s afin de garantir une qualit\u00e9 pure et un ar\u00f4me riche qui dure des heures. Les copeaux de Oud ont \u00e9t\u00e9 m\u00e9ticuleusement polis pour fournir une fum\u00e9e propre et lisse.<\/p>\n<p>Les Ouds \u00e2g\u00e9s ont en r\u00e8gle g\u00e9n\u00e9ral une tr\u00e8s bonne tenue, cependant certains se distinguent par rapport aux autres concernant la tenue. Si nous prenons par exemple un Oud \u00e2g\u00e9 des Philippines et celui que nous vous proposons de Birmanie, la diff\u00e9rence entre les deux Ouds est grande car le Oud des Philippines n&rsquo;a pas une excellente long\u00e9vit\u00e9 compar\u00e9 aux Ouds du Cambodge ou de Birmanie!<\/p>\n<p>Le parfum de notre Oud burmi est tout simplement exquis, d\u00e9gageant des notes sucr\u00e9es et bois\u00e9es qui viendront parfumer votre maison sainement et vous procurer un bien-\u00eatre dont on ne peut se lasser!<\/p>\n<p>La quantit\u00e9 de ce King Burmi est tr\u00e8s limit\u00e9, ne tardez pas \u00e0 acqu\u00e9rir ce fabuleux tr\u00e9sor devenu quasiment inaccessible!<\/p>\n<p>Conseil d&rsquo;utilisation pour le Oud:<\/p>\n<p>Avec notre Oud \u00e0 br\u00fbler vous allez profiter d&rsquo;un voyage olfactif exceptionnel qui vous offrira une exp\u00e9rience unique. Nous recommandons tr\u00e8s fortement l&rsquo;utilisation d&rsquo;une couche d&rsquo;aluminium sur votre charbon ardent afin de prolonger la dur\u00e9e de combustion et de vous garantir un ar\u00f4me pure et de meilleure qualit\u00e9!<\/p>\n<p>Ses vertus:<\/p>\n<p>Le bois d\u2019Agar est \u00e9galement consid\u00e9r\u00e9 comme un aphrodisiaque tr\u00e8s puissant. Dans beaucoup de cultures, les femmes impr\u00e9gnaient leurs v\u00eatements aussi bien qu\u2019elles-m\u00eames de son parfum. Utilis\u00e9 en m\u00e9decine, le bois d\u2019Agar est un rem\u00e8de pour les d\u00e9sordres nerveux tels que la n\u00e9vrose, le comportement obs\u00e9dant, et l\u2019\u00e9puisement. Il est fortement psychoactif et permet un rapprochement avec notre c\u00f4t\u00e9 spirituel. C\u2019est pourquoi, il est l\u2019encens de m\u00e9ditation par excellence, apportant l\u2019\u00e9nergie au centre et calmant l\u2019esprit. Son odeur vous procurera du bien \u00eatre et dissipera votre stress.<\/p>\n<p>On lui attribue des bienfaits contre les maux de ventre, certaines maladies cardio-vasculaires, les neuropathies, naus\u00e9es ou l\u2019asthme. Il est m\u00eame largement utilis\u00e9 par l\u2019industrie pharmaceutique car naturellement riche en terp\u00e9no\u00efdes (s\u00e9datif et anxiolytique naturel) ainsi qu\u2019en polyph\u00e9nols (antioxydant naturel). Il facilite aussi la digestion. Ses vertus m\u00e9dicinales ont \u00e9t\u00e9 prouv\u00e9es notamment pour les troubles du sommeil, le cholest\u00e9rol et bien plus encore\u2026<\/p>\n<p>Sa raret\u00e9, et ses nombreuses vertus, font donc du bois d\u2019agar un bois pr\u00e9cieux extr\u00eamement recherch\u00e9, et donc extr\u00eamement co\u00fbteux.<\/p>\n<p>Ses notes: bois\u00e9es, sucr\u00e9es, menthe, safran<\/p>\n<p>R\u00e9gion: Birmanie Bois d\u2019Agar sauvage 100% naturel<\/p>\n<p>Grade: Oud vintage \u00e2g\u00e9<\/p>\n<p>Tr\u00e8s longue tenue<\/p>\n<p>Conditionnement: 5g, 10g, 20g, 50g<\/p>\n","protected":false},"excerpt":{"rendered":"<p>D\u00e9couvrez ce Oud de Birmanie \u00e2g\u00e9 d&rsquo;exception aux notes sucr\u00e9es et bois\u00e9es. Un bois d&rsquo;Agar \u00e2g\u00e9 devenu tr\u00e8s rare! Un oud \u00e0 essayer absolument!<\/p>\n","protected":false},"featured_media":26172,"comment_status":"open","ping_status":"closed","template":"","meta":[],"product_brand":[],"product_cat":[263,245],"product_tag":[],"class_list":{"0":"post-26156","1":"product","2":"type-product","3":"status-publish","4":"has-post-thumbnail","6":"product_cat-lencens-oud-bois-dagar","7":"product_cat-les-encens-dexcellence","8":"pa_weight-10g","9":"pa_weight-20g","10":"pa_weight-3g","11":"pa_weight-50g","12":"pa_weight-5g","14":"first","15":"instock","16":"shipping-taxable","17":"purchasable","18":"product-type-variable"},"_links":{"self":[{"href":"https:\/\/sabilycollection.com\/fr\/wp-json\/wp\/v2\/product\/26156","targetHints":{"allow":["GET"]}}],"collection":[{"href":"https:\/\/sabilycollection.com\/fr\/wp-json\/wp\/v2\/product"}],"about":[{"href":"https:\/\/sabilycollection.com\/fr\/wp-json\/wp\/v2\/types\/product"}],"replies":[{"embeddable":true,"href":"https:\/\/sabilycollection.com\/fr\/wp-json\/wp\/v2\/comments?post=26156"}],"wp:featuredmedia":[{"embeddable":true,"href":"https:\/\/sabilycollection.com\/fr\/wp-json\/wp\/v2\/media\/26172"}],"wp:attachment":[{"href":"https:\/\/sabilycollection.com\/fr\/wp-json\/wp\/v2\/media?parent=26156"}],"wp:term":[{"taxonomy":"product_brand","embeddable":true,"href":"https:\/\/sabilycollection.com\/fr\/wp-json\/wp\/v2\/product_brand?post=26156"},{"taxonomy":"product_cat","embeddable":true,"href":"https:\/\/sabilycollection.com\/fr\/wp-json\/wp\/v2\/product_cat?post=26156"},{"taxonomy":"product_tag","embeddable":true,"href":"https:\/\/sabilycollection.com\/fr\/wp-json\/wp\/v2\/product_tag?post=26156"}],"curies":[{"name":"wp","href":"https:\/\/api.w.org\/{rel}","templated":true}]}}