{"id":26173,"date":"2024-05-20T15:40:27","date_gmt":"2024-05-20T13:40:27","guid":{"rendered":"https:\/\/sabilycollection.com\/oud-hindi-char-assam-bois-dagar-sauvage-grade-double-super\/"},"modified":"2026-01-30T09:35:27","modified_gmt":"2026-01-30T08:35:27","slug":"oud-hindi-char-assam-bois-dagar-sauvage-grade-double-super","status":"publish","type":"product","link":"https:\/\/sabilycollection.com\/fr\/produit\/oud-hindi-char-assam-bois-dagar-sauvage-grade-double-super\/","title":{"rendered":"Oud Hindi Char Assam Bois d\u2019Agar Sauvage Grade Double Super"},"content":{"rendered":"<p>Le Oud Indien Char d\u2019Assam est un Oud c\u00e9l\u00e8bre \u00e0 la senteur exquise. Le type de Oud que nous proposons est de grade Double Super, un bois d\u2019Agar \u00e2g\u00e9 de tr\u00e8s bonne qualit\u00e9.<\/p>\n<p>Un Oud 100% naturel devenu de plus en plus rare. En effet il est devenu extr\u00eamement difficile de trouver un Oud Indien qui n\u2019est pas peint et qui n\u2019est pas transform\u00e9 et maquill\u00e9. Les nettoyeurs de Oud en Inde sont de v\u00e9ritables sp\u00e9cialistes dans la transformation des Ouds de mauvaises qualit\u00e9s, ils peignent le bois afin de lui donner une apparence digne des Ouds au grade \u00e9lev\u00e9 et utilisent des mat\u00e9riaux qui ne sont pas d\u00e9tectables par la masse des gens.<\/p>\n<p>Seuls ceux sont qui ont une fine exp\u00e9rience du Bois d\u2019Agar peuvent reconna\u00eetre un Oud modifi\u00e9 et embelli qui n\u2019est pas naturel et authentique. Cela est malheureusement tr\u00e8s courant au Cambodge, en Indon\u00e9sie et dans d\u2019autres pays.<\/p>\n<p>Notre bois d\u2019Agar d\u2019Assam provient de l\u2019arbre Aquilaria Agallocha, de la r\u00e9gion d\u2019Assam, une r\u00e9gion r\u00e9put\u00e9e pour la qualit\u00e9 de son Oud bien connu depuis les anciens si\u00e8cles, \u00e9poque o\u00f9 l\u2019Inde \u00e9tait au sommet de la ru\u00e9e vers les Encens.<\/p>\n<p>Son parfum est sensationnel, il d\u00e9gage des notes sucr\u00e9es, \u00e9pic\u00e9es et bois\u00e9es profondes.<\/p>\n<p>Contrairement au Oud de Nagaland aux notes essentiellement \u00e9pic\u00e9es et au Oud de Manipur aux notes sucr\u00e9es, le Oud d\u2019Assam est un m\u00e9lange des deux, il se situe au milieu avec un somptueux m\u00e9lange de notes sucr\u00e9es et \u00e9pic\u00e9es avec des caract\u00e9ristiques l\u00e9g\u00e8rement bois\u00e9es. Un Oud de valeur \u00e0 ajouter \u00e0 votre collection!<\/p>\n<p>Le Oud d\u2019Assam est id\u00e9al pour les grandes occasions, et pour accueillir vos invit\u00e9s dans les meilleures conditions et leur faire d\u00e9couvrir des senteurs uniques!<\/p>\n<p dir=\"ltr\">Conseil d\u2019utilisation pour le Oud:<\/p>\n<p dir=\"ltr\">Avec notre Oud \u00e0 br\u00fbler vous allez profiter d\u2019un voyage olfactif exceptionnel qui vous offrira une exp\u00e9rience unique. Nous recommandons tr\u00e8s fortement l\u2019utilisation d\u2019une couche d\u2019aluminium sur votre charbon ardent afin de prolonger la dur\u00e9e de combustion et de vous garantir un ar\u00f4me pure et de meilleure qualit\u00e9 !<\/p>\n<p>Ses avantages:<\/p>\n<p>Le bois d\u2019agar est \u00e9galement consid\u00e9r\u00e9 comme un aphrodisiaque tr\u00e8s puissant. Dans de nombreuses cultures, les femmes impr\u00e9gnaient leurs v\u00eatements tout en se parfumant. Utilis\u00e9 en m\u00e9decine, le bois d\u2019agar est un rem\u00e8de contre les troubles nerveux tels que la n\u00e9vrose, le comportement obsessionnel et l\u2019\u00e9puisement. Il est hautement psychoactif et permet un rapprochement avec notre c\u00f4t\u00e9 spirituel. C\u2019est pourquoi c\u2019est le meilleur encens de m\u00e9ditation, apportant de l\u2019\u00e9nergie au centre et apaisant l\u2019esprit. Son odeur vous procurera du bien-\u00eatre et dissipera votre stress.<\/p>\n<p>On lui attribue des bienfaits contre les maux de ventre, certaines maladies cardio-vasculaires, les neuropathies, naus\u00e9es ou l\u2019asthme. Il est m\u00eame largement utilis\u00e9 par l\u2019industrie pharmaceutique car naturellement riche en terp\u00e9no\u00efdes (s\u00e9datif et anxiolytique naturel) ainsi qu\u2019en polyph\u00e9nols (antioxydant naturel). Il facilite aussi la digestion. Ses vertus m\u00e9dicinales ont \u00e9t\u00e9 prouv\u00e9es notamment pour les troubles du sommeil, le cholest\u00e9rol et bien plus encore\u2026<\/p>\n<p>Sa raret\u00e9, et ses nombreuses vertus, font donc du bois d\u2019agar un bois pr\u00e9cieux extr\u00eamement recherch\u00e9, et donc extr\u00eamement co\u00fbteux.<\/p>\n<p>Conseil d\u2019utilisation pour le Oud \u00e0 br\u00fbler:<\/p>\n<p>Avec notre Oud \u00e0 br\u00fbler vous allez profiter d\u2019un voyage olfactif exceptionnel qui vous offrira une exp\u00e9rience unique. Nous recommandons tr\u00e8s fortement l\u2019utilisation d\u2019une couche d\u2019aluminium sur votre charbon ardent afin de prolonger la dur\u00e9e de combustion et de vous garantir un ar\u00f4me pure et de meilleure qualit\u00e9!<\/p>\n<p>Ses vertus:<\/p>\n<p>Le bois d\u2019Agar est \u00e9galement consid\u00e9r\u00e9 comme un aphrodisiaque tr\u00e8s puissant. Dans beaucoup de cultures, les femmes impr\u00e9gnaient leurs v\u00eatements aussi bien qu\u2019elles-m\u00eames de son parfum. Utilis\u00e9 en m\u00e9decine, le bois d\u2019Agar est un rem\u00e8de pour les d\u00e9sordres nerveux tels que la n\u00e9vrose, le comportement obs\u00e9dant, et l\u2019\u00e9puisement. Il est fortement psychoactif et permet un rapprochement avec notre c\u00f4t\u00e9 spirituel. C\u2019est pourquoi il est l\u2019encens de m\u00e9ditation par excellence, apportant l\u2019\u00e9nergie au centre et calmant l\u2019esprit. Son odeur vous procurera du bien \u00eatre et dissipera votre stress.<\/p>\n<p>On lui attribue des bienfaits contre les maux de ventre, certaines maladies cardio-vasculaires, les neuropathies, naus\u00e9es ou l\u2019asthme. Il est m\u00eame largement utilis\u00e9 par l\u2019industrie pharmaceutique car naturellement riche en terp\u00e9no\u00efdes (s\u00e9datif et anxiolytique naturel) ainsi qu\u2019en polyph\u00e9nols (antioxydant naturel). Il facilite aussi la digestion. Ses vertus m\u00e9dicinales ont \u00e9t\u00e9 prouv\u00e9es notamment pour les troubles du sommeil, le cholest\u00e9rol et bien plus encore\u2026<\/p>\n<p>Sa raret\u00e9, et ses nombreuses vertus, font donc du bois d\u2019agar un bois pr\u00e9cieux extr\u00eamement recherch\u00e9, et donc extr\u00eamement co\u00fbteux.<\/p>\n<p>Ses notes: \u00e9pic\u00e9es, sucr\u00e9es, bois\u00e9es, safran, vanille<\/p>\n<p>R\u00e9gion: Assam<\/p>\n<p>Type de Oud: Aquilaria Agallocha<\/p>\n<p>Bois d\u2019Agar sauvage 100% naturel<\/p>\n<p>Grade: Double Super<\/p>\n<p>Longue dur\u00e9e<\/p>\n<p>Conditionnement: 10g, 20g, 50g, 100g<\/p>\n","protected":false},"excerpt":{"rendered":"<p>Le fameux et r\u00e9put\u00e9 Oud Hindi de la r\u00e9gion d\u2019Assam\u2026<\/p>\n<p>Un Oud Hindi Char tr\u00e8s appr\u00e9ci\u00e9 aux notes captivantes \u00e9pic\u00e9es, sucr\u00e9es qui durent tout au long de la journ\u00e9e. Un Oud incontournable qui poss\u00e8de un caract\u00e8re unique dont aucun amoureux de Oud ne peut se passer!<\/p>\n","protected":false},"featured_media":26175,"comment_status":"open","ping_status":"closed","template":"","meta":[],"product_brand":[],"product_cat":[263,245],"product_tag":[],"class_list":{"0":"post-26173","1":"product","2":"type-product","3":"status-publish","4":"has-post-thumbnail","6":"product_cat-lencens-oud-bois-dagar","7":"product_cat-les-encens-dexcellence","8":"pa_weight-100g","9":"pa_weight-10g","10":"pa_weight-20g","11":"pa_weight-50g","13":"first","14":"instock","15":"shipping-taxable","16":"purchasable","17":"product-type-variable"},"_links":{"self":[{"href":"https:\/\/sabilycollection.com\/fr\/wp-json\/wp\/v2\/product\/26173","targetHints":{"allow":["GET"]}}],"collection":[{"href":"https:\/\/sabilycollection.com\/fr\/wp-json\/wp\/v2\/product"}],"about":[{"href":"https:\/\/sabilycollection.com\/fr\/wp-json\/wp\/v2\/types\/product"}],"replies":[{"embeddable":true,"href":"https:\/\/sabilycollection.com\/fr\/wp-json\/wp\/v2\/comments?post=26173"}],"wp:featuredmedia":[{"embeddable":true,"href":"https:\/\/sabilycollection.com\/fr\/wp-json\/wp\/v2\/media\/26175"}],"wp:attachment":[{"href":"https:\/\/sabilycollection.com\/fr\/wp-json\/wp\/v2\/media?parent=26173"}],"wp:term":[{"taxonomy":"product_brand","embeddable":true,"href":"https:\/\/sabilycollection.com\/fr\/wp-json\/wp\/v2\/product_brand?post=26173"},{"taxonomy":"product_cat","embeddable":true,"href":"https:\/\/sabilycollection.com\/fr\/wp-json\/wp\/v2\/product_cat?post=26173"},{"taxonomy":"product_tag","embeddable":true,"href":"https:\/\/sabilycollection.com\/fr\/wp-json\/wp\/v2\/product_tag?post=26173"}],"curies":[{"name":"wp","href":"https:\/\/api.w.org\/{rel}","templated":true}]}}