{"id":26176,"date":"2024-06-01T18:37:35","date_gmt":"2024-06-01T16:37:35","guid":{"rendered":"https:\/\/sabilycollection.com\/oud-bangka-belitung-bois-dagar-sauvage-grade-super-indonesie\/"},"modified":"2026-02-18T16:52:59","modified_gmt":"2026-02-18T15:52:59","slug":"oud-bangka-belitung-bois-dagar-sauvage-grade-super-indonesie","status":"publish","type":"product","link":"https:\/\/sabilycollection.com\/fr\/produit\/oud-bangka-belitung-bois-dagar-sauvage-grade-super-indonesie\/","title":{"rendered":"Oud Bangka Belitung Bois d\u2019Agar Sauvage Grade Super Indon\u00e9sie"},"content":{"rendered":"<p>Ce Oud sauvage est issu d\u2019un arbre \u00e2g\u00e9 de tr\u00e8s bonne qualit\u00e9 provenant de la splendide \u00eele de Belitung en Indon\u00e9sie.<\/p>\n<p>C\u2019est un Oud extr\u00eamement rare et difficile \u00e0 obtenir, nous sommes donc fier de pouvoir vous le proposer.<\/p>\n<p>Ses notes sont bois\u00e9es, sucr\u00e9es et florales et d\u00e9gagent un parfum qui \u00e9veillent nos sens et qui est vraiment tr\u00e8s agr\u00e9able.<\/p>\n<p>Cet excellent Oud de Grade Super apportera \u00e0 vos demeures et vos habits un doux parfum aux notes bois\u00e9es et sucr\u00e9es .<\/p>\n<p>Le Belitung Oud est vraiment l&rsquo;un des meilleurs Oud d&rsquo;Indon\u00e9sie car il poss\u00e8de des caract\u00e9ristiques diff\u00e9rentes des autres \u00eeles. Il se distingue de part ses notes diverses et riches s\u00fbrement d\u00fb au fait de la position g\u00e9ographique de cette l\u2019\u00eele par rapport \u00e0 la grande \u00eele de Sumatra.<\/p>\n<p>Pour ceux qui n\u2019ont jamais essay\u00e9 le Oud de Belitung ne laisser pas passer cette occasion, il est unique en son genre, et l\u2019on s\u2019attache rapidement \u00e0 lui!<\/p>\n<p>Id\u00e9al pour parfumer sa demeure avant de recevoir ses invit\u00e9s, pour les grands \u00e9v\u00e8nements comme les f\u00eates et les mariages ou tout simplement pour passer un bon moment de d\u00e9tente.<\/p>\n<p>Conseil d&rsquo;utilisation pour le Oud:<\/p>\n<p>Avec notre Oud \u00e0 br\u00fbler vous allez profiter d&rsquo;un voyage olfactif exceptionnel qui vous offrira une exp\u00e9rience unique. Nous recommandons tr\u00e8s fortement l&rsquo;utilisation d&rsquo;une couche d&rsquo;aluminium sur votre charbon ardent afin de prolonger la dur\u00e9e de combustion et de vous garantir un ar\u00f4me pure et de meilleure qualit\u00e9!<\/p>\n<p>Ses vertus:<\/p>\n<p>Le bois d\u2019Agar est \u00e9galement consid\u00e9r\u00e9 comme un aphrodisiaque tr\u00e8s puissant. Dans beaucoup de cultures, les femmes impr\u00e9gnaient leurs v\u00eatements aussi bien qu\u2019elles-m\u00eames de son parfum. Utilis\u00e9 en m\u00e9decine, le bois d\u2019Agar est un rem\u00e8de pour les d\u00e9sordres nerveux tels que la n\u00e9vrose, le comportement obs\u00e9dant, et l\u2019\u00e9puisement. Il est fortement psychoactif et permet un rapprochement avec notre c\u00f4t\u00e9 spirituel. C\u2019est pourquoi, il est l\u2019encens de m\u00e9ditation par excellence, apportant l\u2019\u00e9nergie au centre et calmant l\u2019esprit. Son odeur vous procurera du bien \u00eatre et dissipera votre stress.<\/p>\n<p>On lui attribue des bienfaits contre les maux de ventre, certaines maladies cardio-vasculaires, les neuropathies, naus\u00e9es ou l\u2019asthme. Il est m\u00eame largement utilis\u00e9 par l\u2019industrie pharmaceutique car naturellement riche en terp\u00e9no\u00efdes (s\u00e9datif et anxiolytique naturel) ainsi qu\u2019en polyph\u00e9nols (antioxydant naturel). Il facilite aussi la digestion. Ses vertus m\u00e9dicinales ont \u00e9t\u00e9 prouv\u00e9es notamment pour les troubles du sommeil, le cholest\u00e9rol et bien plus encore\u2026<\/p>\n<p>Sa raret\u00e9, et ses nombreuses vertus, font donc du bois d\u2019agar un bois pr\u00e9cieux extr\u00eamement recherch\u00e9, et donc extr\u00eamement co\u00fbteux.<\/p>\n<p>Ses notes:\u00a0 Florales, bois\u00e9es, sucr\u00e9es, fum\u00e9es<\/p>\n<p>Bois d\u2019Agar sauvage 100% naturel<\/p>\n<p>Grade: Super<\/p>\n<p>Tr\u00e8s bonne tenue<\/p>\n<p>Conditionnement: 20g, 50g, 100g<\/p>\n","protected":false},"excerpt":{"rendered":"<p>Le rare Oud de Bangka-Belitung aux notes gourmandes florales et bois\u00e9es qui parfumera votre maison \u00e0 merveille! Il deviendra votre compagnon ins\u00e9parable\u2026<\/p>\n","protected":false},"featured_media":26177,"comment_status":"open","ping_status":"closed","template":"","meta":[],"product_brand":[],"product_cat":[263,245],"product_tag":[339],"class_list":{"0":"post-26176","1":"product","2":"type-product","3":"status-publish","4":"has-post-thumbnail","6":"product_cat-lencens-oud-bois-dagar","7":"product_cat-les-encens-dexcellence","8":"product_tag-offre-25","10":"first","11":"instock","12":"shipping-taxable","13":"purchasable","14":"product-type-variable","15":"has-default-attributes"},"_links":{"self":[{"href":"https:\/\/sabilycollection.com\/fr\/wp-json\/wp\/v2\/product\/26176","targetHints":{"allow":["GET"]}}],"collection":[{"href":"https:\/\/sabilycollection.com\/fr\/wp-json\/wp\/v2\/product"}],"about":[{"href":"https:\/\/sabilycollection.com\/fr\/wp-json\/wp\/v2\/types\/product"}],"replies":[{"embeddable":true,"href":"https:\/\/sabilycollection.com\/fr\/wp-json\/wp\/v2\/comments?post=26176"}],"wp:featuredmedia":[{"embeddable":true,"href":"https:\/\/sabilycollection.com\/fr\/wp-json\/wp\/v2\/media\/26177"}],"wp:attachment":[{"href":"https:\/\/sabilycollection.com\/fr\/wp-json\/wp\/v2\/media?parent=26176"}],"wp:term":[{"taxonomy":"product_brand","embeddable":true,"href":"https:\/\/sabilycollection.com\/fr\/wp-json\/wp\/v2\/product_brand?post=26176"},{"taxonomy":"product_cat","embeddable":true,"href":"https:\/\/sabilycollection.com\/fr\/wp-json\/wp\/v2\/product_cat?post=26176"},{"taxonomy":"product_tag","embeddable":true,"href":"https:\/\/sabilycollection.com\/fr\/wp-json\/wp\/v2\/product_tag?post=26176"}],"curies":[{"name":"wp","href":"https:\/\/api.w.org\/{rel}","templated":true}]}}