{"id":26179,"date":"2024-06-14T22:33:39","date_gmt":"2024-06-14T20:33:39","guid":{"rendered":"https:\/\/sabilycollection.com\/oliban-hojari-vert-royal-doman-loubane-boswellia-sacra-le-plus-pur-des-encens-doman-pour-une-serenite-spirituelle\/"},"modified":"2026-02-10T17:13:55","modified_gmt":"2026-02-10T16:13:55","slug":"oliban-hojari-vert-royal-doman-loubane-boswellia-sacra-le-plus-pur-des-encens-doman-pour-une-serenite-spirituelle","status":"publish","type":"product","link":"https:\/\/sabilycollection.com\/fr\/produit\/oliban-hojari-vert-royal-doman-loubane-boswellia-sacra-le-plus-pur-des-encens-doman-pour-une-serenite-spirituelle\/","title":{"rendered":"Oliban Hojari Vert Royal d&rsquo;Oman Loubane Boswellia Sacra \u2013 Le plus Pur des Encens d\u2019Oman pour une S\u00e9r\u00e9nit\u00e9 Spirituelle"},"content":{"rendered":"<p><strong>L&rsquo;Oliban Hojari Vert d&rsquo;Oman<\/strong> (appel\u00e9 aussi <strong>Loubane ou lubane<\/strong>) est un <strong>oliban comestible<\/strong> et un <strong>encens naturel th\u00e9rapeutique<\/strong> qui vient du <strong>Boswellia Sacra<\/strong>, un arbre situ\u00e9 dans le d\u00e9sert du <strong>Dhofar<\/strong> dans le petit Sultanat <strong>d&rsquo;Oman<\/strong>.<\/p>\n<p>Cet arbre produit la <strong>r\u00e9sine d&rsquo;Oliban la plus prestigieuse<\/strong> et la plus r\u00e9put\u00e9e de part sa puret\u00e9, sa qualit\u00e9 et son parfum subtil. <strong>C&rsquo;est un v\u00e9ritable tr\u00e9sor de la nature.<\/strong><\/p>\n<p>Cette r\u00e9sine apportera \u00e0 votre int\u00e9rieur <strong>un parfum agr\u00e9able et doux<\/strong>, et vous fera d\u00e9couvrir <strong>des ar\u00f4mes fins aux notes fra\u00eeches d&rsquo;agrumes<\/strong> qui vous procureront une <strong>sensation de bien-\u00eatre.<\/strong><\/p>\n<p>Cet encens \u00e0 l&rsquo;\u00e9tat brut <strong>r\u00e9serv\u00e9 aux sultans et aux rois de la p\u00e9ninsule arabique depuis des si\u00e8cles<\/strong> est <strong>tr\u00e8s convoit\u00e9<\/strong> de part sa qualit\u00e9, sa fra\u00eecheur et sa raret\u00e9. Vous pouvez casser les grosses pi\u00e8ces en petits morceaux de la taille d\u2019un pois pour les br\u00fbler.<\/p>\n<p>Commun\u00e9ment utilis\u00e9 en <strong>aromath\u00e9rapie<\/strong> comme <strong>agent am\u00e9liorant l\u2019humeur<\/strong>, pour <strong>soulager l\u2019anxi\u00e9t\u00e9 et le stress<\/strong>. \u00c9galement utilis\u00e9 pour <strong>purifier l\u2019atmosph\u00e8re environnante.<\/strong><\/p>\n<p><strong>Les bienfaits de l\u2019oliban:<\/strong><\/p>\n<p>L\u2019oliban est un encens dit <strong>encens m\u00e2le<\/strong> ou encore <strong>encens pur<\/strong>, tout d\u2019abord r\u00e9put\u00e9 pour \u00eatre un <strong>puissant anti-inflammatoire.<\/strong> Mais on lui pr\u00eate bien d\u2019autres vertus, \u00e0 savoir :<\/p>\n<p>\u25aa\ufe0f lutte contre certains types de cancer (<strong>prouv\u00e9 par l\u2019universit\u00e9 Hopkins USA, et l\u2019universit\u00e9 Qabous d\u2019Oman<\/strong>)<br \/>\n\u25aa\ufe0f antiseptique<br \/>\n\u25aa\ufe0f antiviral<br \/>\n\u25aa\ufe0f expectorant<br \/>\n\u25aa\ufe0f r\u00e9g\u00e9n\u00e9rant sur le plan cutan\u00e9 : l\u2019oliban aide \u00e0 r\u00e9parer la peau ab\u00eem\u00e9e, favorise la cicatrisation suite \u00e0 une plaie, soulage l\u2019ulc\u00e9ration, apaise les mycoses<br \/>\n\u25aa\ufe0f stimulant du syst\u00e8me immunitaire et du syst\u00e8me nerveux<br \/>\n\u25aa\ufe0f permet de r\u00e9duire les encombrements ORL et bronchiques<br \/>\n\u25aa\ufe0f calme les tensions nerveuses : il en r\u00e9sulte un meilleur endormissement ainsi qu\u2019un sommeil de bonne qualit\u00e9<br \/>\n\u25aa\ufe0f rafra\u00eechit l\u2019haleine<br \/>\n\u25aa\ufe0f d\u00e9sinfectant de la bouche<br \/>\n\u25aa\ufe0f apaise les douleurs en cas de tendinite, de rhumatisme, d\u2019arthrose ou encore de sciatique (en le consommant dans de l&rsquo;eau min\u00e9rale, 5 morceaux pour environ 1,5L d&rsquo;eau)<br \/>\n\u25aa\ufe0f limite la fatigue intellectuelle tout comme le stress<br \/>\n\u25aa\ufe0f soulage les maux de t\u00eate<br \/>\n\u25aa\ufe0f permet de lutter contre la d\u00e9pression saisonni\u00e8re, les exc\u00e8s d\u2019\u00e9motivit\u00e9, les tensions<br \/>\n\u25aa\ufe0f <strong>excellent pour la d\u00e9tente et la relaxation<\/strong><\/p>\n<p><strong>Comment utiliser la r\u00e9sine d&rsquo;encens?<\/strong><\/p>\n<p><strong>Sur du charbon<\/strong>: prenez un morceau de charbon, puis placer le morceau sur le feu pendant environ 3 minutes jusqu&rsquo;\u00e0 ce qu&rsquo;il devienne compl\u00e8tement ardent \u00e0 la couleur rouge (uniform\u00e9ment).<\/p>\n<p>Ensuite placer votre charbon ardent dans un <strong>encensoir appropri\u00e9<\/strong> puis mettez un morceau d&rsquo;Oliban, ou quelques morceaux sur le charbon chaud.<\/p>\n<p><strong>Asseyez-vous et profitez-en<\/strong> pendant que l&rsquo;ar\u00f4me remplit la pi\u00e8ce.<\/p>\n<p><strong>Petit descriptif:<\/strong><\/p>\n<p>1) <strong>Fragrance et couleur<\/strong> : La couleur est <strong>verte translucide presque blanche<\/strong>, \u00e0 <strong>l\u2019odeur d\u2019agrume tr\u00e8s fra\u00eeche<\/strong> ayant des <strong>notes balsamiques<\/strong> \u00e0 laquelle s\u2019ajoute <strong>une odeur riche et magnifiquement bois\u00e9e.<\/strong><br \/>\nL&rsquo;arome est <strong>frais et doux<\/strong> avec des <strong>notes citronn\u00e9es \u00e0 la fin.<\/strong> <strong>Notre Oliban est<\/strong> <strong>comestible<\/strong>.<\/p>\n<p><strong>Apr\u00e8s sa r\u00e9colte, l\u2019Oliban Hojari vert subit une transformation naturelle de sa couleur<\/strong>. \u00c0 l\u2019instar des r\u00e9sines et bois aromatiques, il <strong>s\u2019assombrit progressivement avec le temps<\/strong>. Ce changement visuel est <strong>tout \u00e0 fait normal<\/strong> <strong>et n\u2019affecte en rien sa qualit\u00e9 ni ses propri\u00e9t\u00e9s.<\/strong><\/p>\n<p>2) <strong>Bienfaits pour la sant\u00e9<\/strong>: Il peut \u00eatre utilis\u00e9 \u00e0 des fins m\u00e9dicinales, il est <strong>comestible<\/strong> et est utilis\u00e9 dans les <strong>m\u00e9decines traditionnelles en Afrique et en Asie<\/strong> pour la <strong>digestion<\/strong> et pour <strong>avoir une peau saine<\/strong>. <strong>B\u00e9n\u00e9fique pour les probl\u00e8mes hormonaux<\/strong>\u00a0(en particulier les femmes), la <strong>migraine et les probl\u00e8mes d&rsquo;oubli, ainsi que le cancer<\/strong> (prouv\u00e9 par l&rsquo;universit\u00e9 Hopkins USA, et l&rsquo;universit\u00e9 Qabous d&rsquo;Oman).<\/p>\n<p>3) <strong>Conseil d&rsquo;utilisation<\/strong>: <strong>Peut \u00eatre br\u00fbler comme encens sur du charbon, \u00eatre bu en infusion, tremp\u00e9 dans une bouteille\u00a0 1,5l d&rsquo;eau min\u00e9rale pendant 3-4 heures avant d&rsquo;\u00eatre bu<\/strong>, et peut \u00eatre aussi m\u00e2cher comme du chewing-gum.<\/p>\n<p>4) <strong>Conservation<\/strong>: A placer dans un bocal en verre dans votre r\u00e9frig\u00e9rateur pour une meilleure conservation. <strong>Pour les sp\u00e9cialistes l&rsquo;Oliban d&rsquo;Oman est consid\u00e9r\u00e9 comme la meilleure qualit\u00e9 d&rsquo;Oliban dans le monde!<\/strong> <strong>Produit 100% naturel, exempt de toute substance toxique ou chimique!<\/strong><\/p>\n<p><strong>Notes<\/strong>: Bois\u00e9es, citronn\u00e9es, balsamiques, fra\u00eeches, agrumes.<\/p>\n<p><strong>Disponible en sachet de 90g, 180g, 270g<\/strong><\/p>\n<p>N&rsquo;h\u00e9sitez pas \u00e0 faire plaisir!<\/p>\n<p><iframe loading=\"lazy\" src=\"https:\/\/www.youtube.com\/embed\/jWPkFeQ-AcM\" width=\"560\" height=\"315\" frameborder=\"0\" allowfullscreen=\"allowfullscreen\"><\/iframe><\/p>\n","protected":false},"excerpt":{"rendered":"<p>Le c\u00e9l\u00e8bre et fameux Oliban Vert Royal Hojari de Oman, reconnu comme le meilleur oliban au monde. Une pure merveille au parfum frais et citronn\u00e9.<\/p>\n<p>Rare et limit\u00e9, c\u2019est le choix parfait pour ceux qui recherchent un encens de v\u00e9ritable luxe&#8230;<\/p>\n","protected":false},"featured_media":26189,"comment_status":"open","ping_status":"closed","template":"","meta":[],"product_brand":[],"product_cat":[245,261],"product_tag":[],"class_list":{"0":"post-26179","1":"product","2":"type-product","3":"status-publish","4":"has-post-thumbnail","6":"product_cat-les-encens-dexcellence","7":"product_cat-oliban-royal-hojari-oman","8":"pa_weight-180g","9":"pa_weight-270g","10":"pa_weight-90g","12":"first","13":"instock","14":"shipping-taxable","15":"purchasable","16":"product-type-variable"},"_links":{"self":[{"href":"https:\/\/sabilycollection.com\/fr\/wp-json\/wp\/v2\/product\/26179","targetHints":{"allow":["GET"]}}],"collection":[{"href":"https:\/\/sabilycollection.com\/fr\/wp-json\/wp\/v2\/product"}],"about":[{"href":"https:\/\/sabilycollection.com\/fr\/wp-json\/wp\/v2\/types\/product"}],"replies":[{"embeddable":true,"href":"https:\/\/sabilycollection.com\/fr\/wp-json\/wp\/v2\/comments?post=26179"}],"wp:featuredmedia":[{"embeddable":true,"href":"https:\/\/sabilycollection.com\/fr\/wp-json\/wp\/v2\/media\/26189"}],"wp:attachment":[{"href":"https:\/\/sabilycollection.com\/fr\/wp-json\/wp\/v2\/media?parent=26179"}],"wp:term":[{"taxonomy":"product_brand","embeddable":true,"href":"https:\/\/sabilycollection.com\/fr\/wp-json\/wp\/v2\/product_brand?post=26179"},{"taxonomy":"product_cat","embeddable":true,"href":"https:\/\/sabilycollection.com\/fr\/wp-json\/wp\/v2\/product_cat?post=26179"},{"taxonomy":"product_tag","embeddable":true,"href":"https:\/\/sabilycollection.com\/fr\/wp-json\/wp\/v2\/product_tag?post=26179"}],"curies":[{"name":"wp","href":"https:\/\/api.w.org\/{rel}","templated":true}]}}